{"id":1236,"date":"2019-10-31T14:03:48","date_gmt":"2019-10-31T17:03:48","guid":{"rendered":"http:\/\/jcc.info.unlp.edu.ar\/?page_id=1236"},"modified":"2022-11-09T10:26:28","modified_gmt":"2022-11-09T13:26:28","slug":"vii-jornadas-de-cloud-computing-big-data","status":"publish","type":"page","link":"https:\/\/jcc.info.unlp.edu.ar\/en\/vii-jornadas-de-cloud-computing-big-data\/","title":{"rendered":"VII Jornadas de Cloud Computing &#038; Big Data &#8211; 2019"},"content":{"rendered":"<p><\/p>\n<p>\n<!-- <a href=\"https:\/\/jcc.info.unlp.edu.ar\/wp-content\/uploads\/2018\/03\/JCCBDa4-2.jpg\" target=\"_blank\" rel=\"noopener noreferrer\"><img loading=\"lazy\" decoding=\"async\" class=\"alignnone\" title=\"Poster\" src=\"https:\/\/jcc.info.unlp.edu.ar\/wp-content\/uploads\/2018\/03\/JCCBDa4-2.jpg\" alt=\"\" width=\"200\" height=\"280\" \/><\/a> &nbsp;&nbsp;&nbsp; --><br \/>\n<a href=\"https:\/\/jcc.info.unlp.edu.ar\/wp-content\/uploads\/2018\/12\/Call-JCC-2019.pdf\" target=\"_blank\" rel=\"noopener noreferrer\"><img loading=\"lazy\" decoding=\"async\" class=\"alignnone\" title=\"Call for Paper\" src=\"https:\/\/jcc.info.unlp.edu.ar\/wp-content\/uploads\/2019\/10\/Call-JCC-2019.jpg\" alt=\"\" width=\"200\" height=\"280\" \/><\/a>&nbsp;&nbsp;&nbsp;<a href=\"https:\/\/link.springer.com\/book\/10.1007\/978-3-030-27713-0\" target=\"_blank\" rel=\"noopener noreferrer\"><img loading=\"lazy\" decoding=\"async\" class=\"alignnone\" title=\"Proceedings\" src=\"https:\/\/jcc.info.unlp.edu.ar\/wp-content\/uploads\/2019\/10\/Actas.jpg\" alt=\"\" width=\"200\" height=\"280\" \/><\/a><\/p>\n<h3>Scientific Committee<\/h3>\n<p>&nbsp;<br \/>\n<strong>Coordinator<\/strong>: Armando De Giusti (UNLP)<\/p>\n<p>Aguilar, Jos\u00e9 (Universidad de Los Andes, Venezuela)<br \/>\nAb\u00e1solo, Mar\u00eda Jos\u00e9 (UNLP)<br \/>\nArdenghi, Jorge (UNS)<br \/>\nBalladini, Javier (UNCOMA)<br \/>\nBria, Oscar (UNLP)<br \/>\nCastro, Silvia (UNS)<br \/>\nDe Giusti, Laura (UNLP)<br \/>\nDenham, M\u00f3nica (UNRN)<br \/>\nDiaz, Javier (UNLP)<br \/>\nDoallo, Ram\u00f3n (Universidad da Coru\u00f1a, Spain)<br \/>\nErrecalde, Marcelo (UNSL)<br \/>\nFrati, Fernando Emmanuel (UNdeC)<br \/>\nGarcia Garino, Carlos (UNCuyo)<br \/>\nGaudiani, Adriana Ang\u00e9lica (UNGS)<br \/>\nGil, Costa (UNSL)<br \/>\nGuerrero, Roberto (UNLS)<br \/>\nHasperu\u00e9, Waldo (UNLP)<br \/>\nIgual Pe\u00f1a, Francisco Daniel (Universidad Complutense de Madrid, Spain)<br \/>\nLanzarini, Laura (UNLP)<br \/>\nLeguizam\u00f3n, Guillermo (UNSL)<br \/>\nLuque, Emilio (Universidad Aut\u00f3noma de Barcelona, Spain)<br \/>\nMar\u00edn, Mauricio (Yahoo, Chile)<br \/>\nMarrone, Luis (UNLP)<br \/>\nNaiouf, Marcelo (UNLP)<br \/>\nOlcoz Herrero, Katzalin (Universidad Complutense de Madrid, Spain)<br \/>\nOlivas Varela, Jos\u00e9 Angel (Universidad de Castilla La Mancha, Spain)<br \/>\nPardo, Xoan (Universidad da Coru\u00f1a, Spain)<br \/>\nPiccoli, Mar\u00eda Fabiana (UNSL)<br \/>\nPi\u00f1uel, Luis (Universidad Complutense de Madrid, Spain)<br \/>\nPousa, Adrian (UNLP)<br \/>\nPrintista, Marcela (UNSL)<br \/>\nRexachs, Dolores (Universidad Aut\u00f3noma de Barcelona, Spain)<br \/>\nRodr\u00edguez, Nelson (UNSJ)<br \/>\nSaez, Juan Carlos ( Universidad Complutense de Madrid, Spain)<br \/>\nSanz, Victoria (UNLP)<br \/>\nSuppi, Remo (Universidad Aut\u00f3noma de Barcelona, Spain)<br \/>\nTirado, Francisco (Universidad Complutense de Madrid, Spain)<br \/>\nTouri\u00f1o, Juan (Universidad da Coru\u00f1a, Spain)<br \/>\nZarza, Gonzalo (Globant)<\/p>\n<h3>Schedule<\/h3>\n<p>&nbsp;<\/p>\n<div class=\"Section1\">\n<table style=\"height: 400px;\" border=\"1\" width=\"750\">\n<tbody>\n<tr>\n<td width=\"150\"><strong>Monday 24<\/strong><\/td>\n<td width=\"150\"><strong>Tuesday 25<\/strong><\/td>\n<td width=\"150\"><strong>Wednesday 26<\/strong><\/td>\n<td width=\"150\"><strong>Thursday 27<\/strong><\/td>\n<td width=\"150\"><strong>Friday 28<\/strong><\/td>\n<\/tr>\n<tr>\n<td width=\"150\"><\/td>\n<td width=\"150\">8.30-9 am<br \/>\n<strong>Conference Registration<\/strong><br \/>\n<br \/>\n9-9.30 am<br \/>\n<strong>Opening Ceremony. Award ceremony &#8220;Doctorado Honoris Causa UNLP&#8221; <\/strong> to <em>Ph.D. Francisco Tirado Fern\u00e1ndez (UCM &#8211; Spain).<\/em><br \/>\n<br \/>\n9.30-10.30 am<br \/>\n<strong>Opening Conference. <\/strong><br \/>\n<em>Ph.D. Francisco Tirado Fern\u00e1ndez (UCM &#8211; Spain).<\/em><br \/>\n<br \/>\n11am-1.30pm<br \/>\n<strong>Presentations<\/strong><br \/>\nAcademic and Companies<\/td>\n<td width=\"150\">\n8.30-9 am<br \/>\n<strong>Conference Registration<\/strong><br \/>\n<br \/>\n9am-11am<br \/>\n<strong>Presentations<\/strong><br \/>\nAcademic and Companies<br \/>\n<br \/>\n11.30am-1.30pm<br \/>\n<strong>Presentations<\/strong><br \/>\nAcademic and Companies<\/td>\n<td width=\"150\">\n8.30-9 am<br \/>\n<strong>Conference Registration<\/strong><br \/>\n<br \/>\n9-11 am<br \/>\n<strong>Panel<\/strong><br \/>\nCoordinator: Ph.D. Emilio Luque Fad\u00f3n (UAB &#8211; Spain).<br \/>\n<br \/>\n11.30am-1.30pm<br \/>\n<strong>Presentations<\/strong><br \/>\nAcademic and Companies<\/td>\n<td width=\"150\">8.30-9 am.<br \/>\n<strong>Conference Registration<\/strong><br \/>\n<br \/>\n9am-11am<br \/>\n<strong>Presentations<\/strong><br \/>\nAcademic and Companies<br \/>\n<br \/>\n11.30am-1pm<br \/>\n<strong>Presentations<\/strong><br \/>\nAcademic and Companies<br \/>\n<br \/>\n1pm<br \/>\n<strong>Conclusions.<\/strong><br \/>\n<strong>JCC&amp;BD 2020.<\/strong><\/td>\n<\/tr>\n<tr>\n<td width=\"150\">1.30-2.30 pm<br \/>\n<strong>Conference Registration<\/strong><\/td>\n<td width=\"150\">1.30-2.30 pm<br \/>\n<strong>Conference Registration<\/strong><\/td>\n<td width=\"150\">1.30-2.30 pm<br \/>\n<strong>Conference Registration<\/strong><\/td>\n<td width=\"150\">1.30-2.30 pm<br \/>\n<strong>Conference Registration<\/strong><\/td>\n<td width=\"150\"><\/td>\n<\/tr>\n<tr>\n<td width=\"150\">3-7 pm<br \/>\n<a href=\"#CR\"><strong>Course 1<\/strong><\/a><br \/>\n<br \/>\n<a href=\"#CC\"><strong>Course 2<\/strong><\/a><\/td>\n<td width=\"150\">3-7 pm<br \/>\n<a href=\"#CR\"><strong>Course 1<\/strong><\/a><br \/>\n<br \/>\n<a href=\"#CC\"><strong>Course 2<\/strong><\/a><\/td>\n<td width=\"150\">3-7 pm<br \/>\n<a href=\"#CR\"><strong>Course 1<\/strong><\/a><br \/>\n<br \/>\n<a href=\"#CC\"><strong>Course 2<\/strong><\/a><\/td>\n<td width=\"150\">3-7 pm.<br \/>\n<a href=\"#CR\"><strong>Course 1<\/strong><\/a><br \/>\n<br \/>\n<a href=\"#CC\"><strong>Course 2<\/strong><\/a><\/td>\n<td width=\"150\">3-7 pm.<br \/>\n<a href=\"#CR\"><strong>Course 1<\/strong><\/a><br \/>\n<br \/>\n<a href=\"#CC\"><strong>Course 2<\/strong><\/a><\/td>\n<\/tr>\n<tr>\n<td width=\"150\"><\/td>\n<td width=\"150\"><\/td>\n<td width=\"150\"><\/td>\n<td width=\"150\"><\/td>\n<td width=\"150\"><\/td>\n<\/tr>\n<\/tbody>\n<\/table>\n<\/div>\n<p>&nbsp;<\/p>\n<p><a name=\"CR\"><\/a>COURSE 1: <em><strong>&#8220;Machine Learning Algorithms Acceleration from an architectonic approach&#8221; <\/strong><\/em><br \/>\nInstructor: <em>Ph.D. Luis Pi\u00f1uel Moreno (UCM-Spain)<\/em><br \/>\n<a href=\"https:\/\/jcc.info.unlp.edu.ar\/wp-content\/uploads\/2019\/05\/Programa-Curso-1.pdf\" target=\"_blank\" rel=\"noopener noreferrer\">Download Program<\/a><\/p>\n<p><a name=\"CC\"><\/a>COURSE 2: <em><strong>&#8220;Cloud Computing applied to internet devices&#8221;.<\/strong><\/em><br \/>\nInstructors:  <em>Ph.D. Marcelo Naiouf (UNLP) &#8211; BSc. Ismael Rodriguez (UNLP) and staff from III-LIDI (UNLP) <\/em><br \/>\n<a href=https:\/\/jcc.info.unlp.edu.ar\/wp-content\/uploads\/2019\/05\/Programa-Curso-2.pdf\" target=\"_blank\" rel=\"noopener noreferrer\">Download Program<\/a><\/p>\n<p style=\"text-align: center; margin-top: 50px;\"><strong>Tuesday<\/strong><\/p>\n<p><strong>9 am<\/strong><br \/>\nOpening Ceremony. Award ceremony <strong>&#8220;Doctorado Honoris Causa UNLP&#8221;<\/strong> <\/strong> to <em>Ph.D. Francisco Tirado Fern\u00e1ndez (UCM &#8211; Spain).<\/em><\/p>\n<p>&nbsp;<\/p>\n<p><strong>9.30-10.30 am<\/strong><br \/>\nOpening Conference: <strong>&#8220;Beyond Moores&#8217;s Law. The impact on the architectures for HPC and Big Data&#8221;.<\/strong> <em> Ph.D. Francisco Tirado Fern\u00e1ndez (UCM &#8211; Spain). <\/em> <\/p>\n<p>&nbsp;<\/p>\n<p><strong>11 am<\/strong><br \/>\nAcademic and companies Presentations:<\/p>\n<p><strong>&#8211; Benchmark based on application signature to analyze and predict their behavior. <\/strong><br \/>\n<em> Felipe Tirado (UCM &#8211; Chile), Alvaro Wong (UAB &#8211; Spain), Dolores Rexachs (UAB &#8211; Spain), Emilio Luque (UAB &#8211; Spain).<\/em><\/p>\n<p><strong>&#8211; Data Analytics for the Cryptocurrencies Behavior. <\/strong><br \/>\n<em> Eduardo S\u00e1nchez (UCLM &#8211; Spain), Jose A. Olivas Varela (UCLM &#8211; Spain), Francisco P. Romero (UCLM &#8211; Spain).<\/em><\/p>\n<p><strong>&#8211; Measuring (in)variances in Convolutional Networks. <\/strong><br \/>\n<em> Facundo Quiroga (UNLP), Jordina Torrents-Barrena (URV &#8211; Spain), Laura Lanzarini (UNLP), Domenec Puig (URV &#8211; Spain). <\/em><\/p>\n<p><strong>&#8211; Mobile and wearable computing in patagonian wilderness. <\/strong><br \/>\n<em> J. Samuel Almonacid (UNPSJB), Mar\u00eda R. Klagges (CENPAT-CONICET), Pablo Navarro (UNPSJB), A. Leonardo Morales (UNPSJB), Bruno Pazos (UNPSJB), Alexandra Contreras Puigb\u00f3 (UASD &#8211; Dominican Republic), Diego Firmenich Diego (UNPSJB).<\/em><\/p>\n<p><strong>&#8211; An analysis of local and global solutions to address Big Data imbalanced classification: a case study with SMOTE preprocessing. <\/strong><br \/>\n<em> Mar\u00eda Jos\u00e9 Basgall (UNLP), Waldo Hasperu\u00e9 (UNLP), Marcelo Naiouf (UNLP), Alberto Fern\u00e1ndez (UGR &#8211; Spain), Francisco Herrera (UGR &#8211; Spain).<\/em><\/p>\n<p>&nbsp;<br \/>\n&nbsp;<\/p>\n<p style=\"text-align: center;\"><strong>Wednesday<\/strong><\/p>\n<p><strong>9 am<\/strong><br \/>\nAcademic and companies Presentations:<\/p>\n<p><strong>&#8211; Forecast of the upcoming elections in Spain: Beyond prediction based on business intelligence. <\/strong><br \/>\n<em> Antonio Lorenzo (UCLM &#8211; Spain), Jose Angel Olivas Varela (UCLM &#8211; Spain).<\/em><\/p>\n<p><strong>&#8211; IaaS Cloud as a virtual environment for experimentation in checkpoint analysis. <\/strong><br \/>\n<em> Betzabeth Le\u00f3n (UAB &#8211; Spain), Daniel Franco (UAB &#8211; Spain), Dolores Rexachs (UAB &#8211; Spain), Emilio Luque (UAB &#8211; Spain).<\/em><\/p>\n<p><strong>&#8211; Database NewSQL performance evaluation for big data in the public cloud. <\/strong><br \/>\n<em> Mar\u00eda Murazzo (UNSJ), Pablo G\u00f3mez (UNSJ), Nelson Rodr\u00edguez (UNSJ), Diego Medel (UNSJ).<\/em><\/p>\n<p><strong>&#8211; Graph databases as storage support for detection of star clusters in nearby galaxies. <\/strong><br \/>\n<em> Mart\u00edn Casatti (UTN-FRC), Anal\u00eda Guzm\u00e1n (UTN-FRC), Mar\u00eda Alejandra Paz Menvielle (UTN-FRC).<\/em><\/p>\n<p>&nbsp;<\/p>\n<p><strong>11.30 am<\/strong><br \/>\nAcademic and companies Presentations:<\/p>\n<p><strong>&#8211; Un sistema para 500 millones de inversiones. <\/strong><br \/>\n<em> Ren\u00e9 Elencwajg, Mart\u00edn Rosenfeld.<\/em><br \/>\n<em> Despegar.<\/em><\/p>\n<p><strong>&#8211; Asistiendo en el diagn\u00f3stico gen\u00f3mico con Machine Learning. <\/strong><br \/>\n<em> Joaqu\u00edn D\u00edaz Velez.<\/em><br \/>\n<em> FluxIT\/Bitgenia.<\/em><\/p>\n<p><strong>&#8211; A training set for non- invasive and minimally-intrusive blood pressure estimates. <\/strong><br \/>\n<em> Antonio Glar\u00eda (UV &#8211; Chile), Mat\u00edas Salinas (UV &#8211; Chile), Gonzalo Tapia (UV &#8211; Chile), Jaime Plaza (UV &#8211; Chile), Alejandro Veloz (UV &#8211; Chile), Juan Idi\u00e1quez (UV &#8211; Chile), Ren\u00e9 Quilodr\u00e1n (UV &#8211; Chile), Julio Riquelme (Hospital Carlos van Buren &#8211; Chile), Teresa Veas (Hospital Dr. Eduardo Pereira &#8211; Chile). <\/em><\/p>\n<p><strong>&#8211; A Study of Non-Functional Requirements in Apps for Mobile Devices. <\/strong><br \/>\n<em> Leonardo Corbal\u00e1n (UNLP), Pablo Thomas (UNLP), Lis\u00e1ndro Delia (UNLP), Germ\u00e1n C\u00e1seres (UNLP), Juan Fern\u00e1ndez Sosa (UNLP), Fernando Tesone (UNLP), Patricia Pesado (UNLP).<\/em><\/p>\n<p><strong>&#8211; Evaluating Performance of Web Applications in (Cloud) Virtualized Environments. <\/strong><br \/>\n<em> Fernando G. Tinetti (UNLP), Christian Rodr\u00edguez (UNLP).<\/em><\/p>\n<p>&nbsp;<br \/>\n&nbsp;<\/p>\n<p style=\"text-align: center;\"><strong>Thursday<\/strong><\/p>\n<p><strong>9 hs<\/strong><br \/>\nPanel: <strong>&#8220;Analysis of emergent topics related to Cloud Computing and Big Data&#8221;. <\/strong><\/p>\n<blockquote><p>&#8211; Edge Computing.<\/p><\/blockquote>\n<blockquote><p>&#8211; Machine Learning; Deep Learning.<\/p><\/blockquote>\n<blockquote><p>&#8211; Bioinformatics.<\/p><\/blockquote>\n<blockquote><p>&#8211; Data (Big?) vs Models\/Simulation: competition and\/or collaboration.<\/p><\/blockquote>\n<blockquote><p>&#8211; Computational intelligence and analysis of feelings and opinions in Big Data.<\/p><\/blockquote>\n<blockquote><p>&#8211; Smart Cities.<\/p><\/blockquote>\n<p>Coordinator:<em>Ph.D. Emilio Luque Fad\u00f3n (UAB &#8211; Spain)<\/em><br \/>\nParticipants: <em>Ph.D. Luis Pi\u00f1uel (UCM &#8211; Spain) &#8211; Ph.D. Laura Lanzarini (UNLP) &#8211; Ph.D. Dolores Isabel Rexachs del Rosario (UAB &#8211; Spain) &#8211; Ph.D. Elsa Estevez (UNS) &#8211; Ph.D. Gustavo Parisi (UNQ) &#8211; Ph.D. Jos\u00e9 Angel Olivas Varela (UCLM &#8211; Spain)<\/em><\/p>\n<p>&nbsp;<\/p>\n<p><strong>11.30 am<\/strong><br \/>\nAcademic and companies Presentations:<\/p>\n<p><strong>&#8211; Detecting time-fragmented cache attacks against AES using Performance Monitoring Counters. <\/strong><br \/>\n<em> Iv\u00e1n Prada (UCM &#8211; Spain), Francisco D. Igual (UCM &#8211; Spain), Katzalin Olcoz (UCM &#8211; Spain).<\/em><\/p>\n<p><strong>&#8211; Real Time Streaming Analysis Architecture Design. <\/strong><br \/>\n<em> Ana Maloberti, Patricio Valle.<\/em><br \/>\n<em> Globant.<\/em><\/p>\n<p><strong>&#8211; Heap-based Algorithms to Accelerate Fingerprint Matching on Parallel Platforms. <\/strong><br \/>\n<em> Ricardo J. Barrientos (UCM &#8211; Chile), Ruber Hern\u00e1ndez (UCM &#8211; Chile), Kevin Ortega (KBS &#8211; Germany), Emilio Luque (UAB &#8211; Spain), Daniel Peralta (UGent &#8211; Belgium).<\/em><\/p>\n<p><strong>&#8211; Gobierno de datos. <\/strong><br \/>\n<em> Emiliano Actis Dato.<\/em><br \/>\n<em> IBM.<\/em><\/p>\n<p><strong>&#8211; Big Data y la b\u00fasqueda de patrones ayuda a incrementar la rentabilidad de las empresas. <\/strong><br \/>\n<em> Luis Leguizam\u00f3n.<\/em><br \/>\n<em> Quales Group.<\/em><\/p>\n<p>&nbsp;<br \/>\n&nbsp;<\/p>\n<p style=\"text-align: center;\"><strong>Friday<\/strong><\/p>\n<p><strong>9 am<\/strong><br \/>\nAcademic and companies Presentations:<\/p>\n<p><strong>&#8211; Realwalker en e-Health. <\/strong><br \/>\n<em> Nelson Acosta.<\/em><br \/>\n<em> RealWalker.<\/em><\/p>\n<p><strong>&#8211; Scalable Serverless Microservices architectures on Amazon Web Services. <\/strong><br \/>\n<em> Federico Marcos, Bruno Cascio.<\/em><br \/>\n<em> Celerative.<\/em><\/p>\n<p><strong>&#8211; Intelligent Distributed System for Energy Efficient Control. <\/strong><br \/>\n<em> Mart\u00edn Pi Puig (UNLP), Juan Manuel Paniego (UNLP), Santiago Medina (UNLP), Sebasti\u00e1n Rodr\u00edguez Eguren (UNLP), Leandro Libutti (UNLP), Julieta Lanciotti (UNLP), Joaquin De Antueno (UNLP), C\u00e9sar Estrebou (UNLP), Franco Chichizola (UNLP), Laura De Giusti (UNLP), Marcelo Naiouf (UNLP), Armando De Giusti (UNLP).<\/em><\/p>\n<p><strong>&#8211; Aplicaci\u00f3n de redes neuronales en el an\u00e1lisis geo espacial del territorio comercial. <\/strong><br \/>\n<em> Carlos Rios, Santiago Hernandez.<\/em><br \/>\n<em> Telef\u00f3nica.<\/em><\/p>\n<p><strong>&#8211; Hybrid Elastic ARM&amp;Cloud HPC Collaborative Platform for generic tasks. <\/strong><br \/>\n<em> David Petrocelli (UNLu), Armando De Giusti (UNLP), Marcelo Naiouf (UNLP).<\/em><\/p>\n<p>&nbsp;<\/p>\n<p><strong>11.30 am<\/strong><br \/>\nAcademic and companies Presentations:<\/p>\n<p><strong>&#8211; \u00bfC\u00f3mo alinear nuestra propuesta de Big Data Analytics a la estrategia de transformaci\u00f3n digital de la compa\u00f1\u00eda? <\/strong><br \/>\n<em> Diego Torres.<\/em><br \/>\n<em> BlueDraft.<\/em><\/p>\n<p><strong>&#8211; Implementation of an Open Source Based Augmented Reality Engine for Cloud Authoring Frameworks. <\/strong><br \/>\n<em> Nahuel Mangiarua (UNLaM), Jorge Ierache (UNLaM), Mar\u00eda Jos\u00e9 Ab\u00e1solo (UNLP).<\/em><\/p>\n<p><strong>&#8211; Herramientas sat\u00e9lites para potenciar soluciones BigData. <\/strong><br \/>\n<em> Fernando Meza, Ariel Debernardi.<\/em><br \/>\n<em> Hexacta.<\/em><\/p>\n<p><strong>&#8211; A new multi-agent approach for customization of hotel managment through smart TVs. <\/strong><br \/>\n<em> Joaqu\u00edn Danilo Pina Amarg\u00f3s (CUJAE &#8211; Cuba), Raisa Socorro Llanes (CUJAE &#8211; Cuba), David Paredes Miranda (CUJAE &#8211; Cuba)<\/em><\/p>\n<p>&nbsp;<br \/>\n<strong>1 pm<\/strong><br \/>\n<em>Conclusions.<\/em><br \/>\n<em>Ideas JCC&amp;BD 2020.<\/em><\/p>\n<p><em>Ideas JCC&amp;BD 2019.<\/em><\/p>\n    <!-- sktbuilder starter --><script type=\"text\/javascript\" src=\"https:\/\/jcc.info.unlp.edu.ar\/wp-content\/plugins\/skt-builder\/sktbuilder\/sktbuilder-frontend-starter.js\"><\/script><script type=\"text\/javascript\" src=\"https:\/\/jcc.info.unlp.edu.ar\/wp-content\/plugins\/skt-builder\/sktbuilder-wordpress-driver.js\"><\/script><script type=\"text\/javascript\"> var starter = new SktbuilderStarter({\"mode\": \"prod\", \"skip\":[\"jquery\",\"underscore\",\"backbone\"],\"sktbuilderUrl\": \"https:\/\/jcc.info.unlp.edu.ar\/wp-content\/plugins\/skt-builder\/sktbuilder\/\", \"driver\": new SktbuilderWordpressDriver({\"ajaxUrl\": \"https:\/\/jcc.info.unlp.edu.ar\/wp-admin\/admin-ajax.php\", \"iframeUrl\": \"https:\/\/jcc.info.unlp.edu.ar\/en\/vii-jornadas-de-cloud-computing-big-data\/?sktbuilder=true\", \"pageId\": 1236, \"pages\": [{\"title\":\"Main Topics\",\"url\":\"https:\\\/\\\/jcc.info.unlp.edu.ar\\\/wp-admin\\\/post.php?post=11&action=sktbuilder\"},{\"title\":\"Programme\",\"url\":\"https:\\\/\\\/jcc.info.unlp.edu.ar\\\/wp-admin\\\/post.php?post=13&action=sktbuilder\"},{\"title\":\"Location\",\"url\":\"https:\\\/\\\/jcc.info.unlp.edu.ar\\\/wp-admin\\\/post.php?post=24&action=sktbuilder\"},{\"title\":\"Companies\",\"url\":\"https:\\\/\\\/jcc.info.unlp.edu.ar\\\/wp-admin\\\/post.php?post=26&action=sktbuilder\"},{\"title\":\"Organization access\",\"url\":\"https:\\\/\\\/jcc.info.unlp.edu.ar\\\/wp-admin\\\/post.php?post=30&action=sktbuilder\"}], \"page\": \"VII Jornadas de Cloud Computing & Big Data - 2019\" }) });<\/script><!-- end sktbuilder starter -->","protected":false},"excerpt":{"rendered":"<p>&nbsp;&nbsp;&nbsp; Scientific Committee &nbsp; Coordinator: Armando De Giusti (UNLP) Aguilar, Jos\u00e9 (Universidad de Los Andes, Venezuela) Ab\u00e1solo, Mar\u00eda Jos\u00e9 (UNLP) Ardenghi, Jorge (UNS) Balladini, Javier (UNCOMA) Bria, Oscar (UNLP) Castro, Silvia (UNS) De Giusti, Laura (UNLP) Denham, M\u00f3nica (UNRN) Diaz, Javier (UNLP) Doallo, Ram\u00f3n (Universidad da Coru\u00f1a, Spain) Errecalde, Marcelo (UNSL) Frati, Fernando Emmanuel (UNdeC)<br \/><a class=\"moretag\" href=\"https:\/\/jcc.info.unlp.edu.ar\/en\/vii-jornadas-de-cloud-computing-big-data\/\">+ Read More<\/a><\/p>\n","protected":false},"author":1,"featured_media":0,"parent":0,"menu_order":0,"comment_status":"closed","ping_status":"closed","template":"templates\/page-fullwidth_template.php","meta":{"footnotes":""},"class_list":["post-1236","page","type-page","status-publish","hentry"],"_links":{"self":[{"href":"https:\/\/jcc.info.unlp.edu.ar\/en\/wp-json\/wp\/v2\/pages\/1236","targetHints":{"allow":["GET"]}}],"collection":[{"href":"https:\/\/jcc.info.unlp.edu.ar\/en\/wp-json\/wp\/v2\/pages"}],"about":[{"href":"https:\/\/jcc.info.unlp.edu.ar\/en\/wp-json\/wp\/v2\/types\/page"}],"author":[{"embeddable":true,"href":"https:\/\/jcc.info.unlp.edu.ar\/en\/wp-json\/wp\/v2\/users\/1"}],"replies":[{"embeddable":true,"href":"https:\/\/jcc.info.unlp.edu.ar\/en\/wp-json\/wp\/v2\/comments?post=1236"}],"version-history":[{"count":3,"href":"https:\/\/jcc.info.unlp.edu.ar\/en\/wp-json\/wp\/v2\/pages\/1236\/revisions"}],"predecessor-version":[{"id":4660,"href":"https:\/\/jcc.info.unlp.edu.ar\/en\/wp-json\/wp\/v2\/pages\/1236\/revisions\/4660"}],"wp:attachment":[{"href":"https:\/\/jcc.info.unlp.edu.ar\/en\/wp-json\/wp\/v2\/media?parent=1236"}],"curies":[{"name":"wp","href":"https:\/\/api.w.org\/{rel}","templated":true}]}}