{"id":17,"date":"2013-10-16T22:58:14","date_gmt":"2013-10-17T01:58:14","guid":{"rendered":"http:\/\/weblidi.info.unlp.edu.ar\/jcc14\/wordpress\/?page_id=17"},"modified":"2025-03-07T08:38:05","modified_gmt":"2025-03-07T11:38:05","slug":"comite-cientifico","status":"publish","type":"page","link":"https:\/\/jcc.info.unlp.edu.ar\/en\/comite-cientifico\/","title":{"rendered":"Scientific Committee"},"content":{"rendered":"<p><\/p>\n<div class=\"col-6\">\nAb\u00e1solo, Mar\u00eda Jos\u00e9 (UNLP, Argentina)<br \/>\nAguilar, Jos\u00e9 (Universidad de Los Andes, Venezuela)<br \/>\nArdenghi, Jorge (UNS, Argentina)<br \/>\nBalladini, Javier (UNCOMA, Argentina)<br \/>\nBria, Oscar (UNLP, Argentina)<br \/>\nCastro, Silvia (UNS, Argentina)<br \/>\nChichizola, Franco (UNLP, Argentina)<br \/>\nDe Giusti, Laura (UNLP, Argentina)<br \/>\nDenham, M\u00f3nica (UNRN, Argentina)<br \/>\nDiaz, Javier (UNLP, Argentina)<br \/>\nDoallo, Ram\u00f3n (Universidad da Coru\u00f1a, Spain)<br \/>\nErrecalde, Marcelo (UNSL, Argentina)<br \/>\nEstevez, Elsa (UNS, Argentina)<br \/>\nEzzatti, Pablo (Universidad de la Rep\u00fablica, Uruguay)<br \/>\nFernandez Bariviera, Aurelio (Universitat Rovira i VirgiliSpain, Spain)<br \/>\nFrati, Fernando Emmanuel (UNdeC, Argentina)<br \/>\nGarcia Garino, Carlos (UNCuyo, Argentina)<br \/>\nGarc\u00eda-S\u00e1nchez, Carlos  (Universidad Complutense de Madrid, Spain)<br \/>\nGaudiani, Adriana Ang\u00e9lica (UNGS, Argentina)<br \/>\nGil Costa, Graciela Ver\u00f3nica (UNSL, Argentina)<br \/>\nGuerrero, Roberto (UNSL, Argentina)<br \/>\nHasperu\u00e9, Waldo (UNLP, Argentina)<br \/>\nIgual Pe\u00f1a, Francisco Daniel (Universidad Complutense de Madrid, Spain)<br \/>\nJanowski, Tomasz (Gdansk University of Technolgy, Poland)<br \/>\nLanzarini, Laura (UNLP, Argentina)<br \/>\nLeguizam\u00f3n, Guillermo (UNSL, Argentina)\n<\/div>\n<div class=\"col-6\">\nLuciano, Edimara (Pontificia Universidade Cat\u00f3lica do Rio Grande do Sul, Brazil)<br \/>\nLuque Fad\u00f3n, Emilio (Universidad Aut\u00f3noma de Barcelona, Spain)<br \/>\nMar\u00edn, Mauricio (Universidad de Santiago de Chile, Chile)<br \/>\nMarrone, Luis (UNLP, Argentina)<br \/>\nNAiouf, Marcelo (UNLP, Argentina)<br \/>\nOlcoz Herrero, Katzalin (Universidad Complutense de Madrid, Spain)<br \/>\nOlivas Varela, Jos\u00e9 Angel (Universidad de Castilla-La Mancha, Spain)<br \/>\nPardo, Xoan (Universidad da Coru\u00f1a, Spain)<br \/>\nPesado, Patricia (UNLP, Argentina)<br \/>\nPiattini, Mario (Universidad de Castilla-La Mancha, Spain)<br \/>\nPiccoli, Mar\u00eda Fabiana (UNSL, Argentina)<br \/>\nPi\u00f1uel, Luis (Universidad Complutense de Madrid, Spain)<br \/>\nPousa, Adrian (UNLP, Argentina)<br \/>\nPrintista, Marcela (UNSL, Argentina)<br \/>\nRexachs del Rosario, Dolores Isabel (Universidad Aut\u00f3noma de Barcelona, Spain)<br \/>\nRodr\u00edguez, Nelson (UNSJ, Argentina)<br \/>\nRucci, Enzo (UNLP, Argentina)<br \/>\nSaez Alcaide, Juan Carlos (Universidad Complutense de Madrid, Spain)<br \/>\nS\u00e1nchez, Aurora (Universidad Cat\u00f3lica del Norte, Chile)<br \/>\nSanz, Victoria (UNLP, Argentina)<br \/>\nSuppi, Remo (Universidad Aut\u00f3noma de Barcelona, Spain)<br \/>\nTirado, Francisco (Universidad Complutense de Madrid, Spain)<br \/>\nTouri\u00f1o Dominguez, Juan (Universidad da Coru\u00f1a, Spain)<br \/>\nViale Pereira, Gabriela (Danube University Krems, Austria)<br \/>\nWong, Alvaro (Universidad Aut\u00f3noma de Barcelona, Spain)<br \/>\nZarza, Gonzalo (Globant, Argentina)\n<\/div>\n<p><\/p>\n    <!-- sktbuilder starter --><script type=\"text\/javascript\" src=\"https:\/\/jcc.info.unlp.edu.ar\/wp-content\/plugins\/skt-builder\/sktbuilder\/sktbuilder-frontend-starter.js\"><\/script><script type=\"text\/javascript\" src=\"https:\/\/jcc.info.unlp.edu.ar\/wp-content\/plugins\/skt-builder\/sktbuilder-wordpress-driver.js\"><\/script><script type=\"text\/javascript\"> var starter = new SktbuilderStarter({\"mode\": \"prod\", \"skip\":[\"jquery\",\"underscore\",\"backbone\"],\"sktbuilderUrl\": \"https:\/\/jcc.info.unlp.edu.ar\/wp-content\/plugins\/skt-builder\/sktbuilder\/\", \"driver\": new SktbuilderWordpressDriver({\"ajaxUrl\": \"https:\/\/jcc.info.unlp.edu.ar\/wp-admin\/admin-ajax.php\", \"iframeUrl\": \"https:\/\/jcc.info.unlp.edu.ar\/en\/comite-cientifico\/?sktbuilder=true\", \"pageId\": 17, \"pages\": [{\"title\":\"Main Topics\",\"url\":\"https:\\\/\\\/jcc.info.unlp.edu.ar\\\/wp-admin\\\/post.php?post=11&action=sktbuilder\"},{\"title\":\"Programme\",\"url\":\"https:\\\/\\\/jcc.info.unlp.edu.ar\\\/wp-admin\\\/post.php?post=13&action=sktbuilder\"},{\"title\":\"Location\",\"url\":\"https:\\\/\\\/jcc.info.unlp.edu.ar\\\/wp-admin\\\/post.php?post=24&action=sktbuilder\"},{\"title\":\"Companies\",\"url\":\"https:\\\/\\\/jcc.info.unlp.edu.ar\\\/wp-admin\\\/post.php?post=26&action=sktbuilder\"},{\"title\":\"Organization access\",\"url\":\"https:\\\/\\\/jcc.info.unlp.edu.ar\\\/wp-admin\\\/post.php?post=30&action=sktbuilder\"}], \"page\": \"Scientific Committee\" }) });<\/script><!-- end sktbuilder starter -->","protected":false},"excerpt":{"rendered":"<p>Ab\u00e1solo, Mar\u00eda Jos\u00e9 (UNLP, Argentina) Aguilar, Jos\u00e9 (Universidad de Los Andes, Venezuela) Ardenghi, Jorge (UNS, Argentina) Balladini, Javier (UNCOMA, Argentina) Bria, Oscar (UNLP, Argentina) Castro, Silvia (UNS, Argentina) Chichizola, Franco (UNLP, Argentina) De Giusti, Laura (UNLP, Argentina) Denham, M\u00f3nica (UNRN, Argentina) Diaz, Javier (UNLP, Argentina) Doallo, Ram\u00f3n (Universidad da Coru\u00f1a, Spain) Errecalde, Marcelo (UNSL, Argentina)<br \/><a class=\"moretag\" href=\"https:\/\/jcc.info.unlp.edu.ar\/en\/comite-cientifico\/\">+ Read More<\/a><\/p>\n","protected":false},"author":1,"featured_media":0,"parent":0,"menu_order":4,"comment_status":"closed","ping_status":"closed","template":"templates\/page-fullwidth_template.php","meta":{"footnotes":""},"class_list":["post-17","page","type-page","status-publish","hentry"],"_links":{"self":[{"href":"https:\/\/jcc.info.unlp.edu.ar\/en\/wp-json\/wp\/v2\/pages\/17","targetHints":{"allow":["GET"]}}],"collection":[{"href":"https:\/\/jcc.info.unlp.edu.ar\/en\/wp-json\/wp\/v2\/pages"}],"about":[{"href":"https:\/\/jcc.info.unlp.edu.ar\/en\/wp-json\/wp\/v2\/types\/page"}],"author":[{"embeddable":true,"href":"https:\/\/jcc.info.unlp.edu.ar\/en\/wp-json\/wp\/v2\/users\/1"}],"replies":[{"embeddable":true,"href":"https:\/\/jcc.info.unlp.edu.ar\/en\/wp-json\/wp\/v2\/comments?post=17"}],"version-history":[{"count":46,"href":"https:\/\/jcc.info.unlp.edu.ar\/en\/wp-json\/wp\/v2\/pages\/17\/revisions"}],"predecessor-version":[{"id":5050,"href":"https:\/\/jcc.info.unlp.edu.ar\/en\/wp-json\/wp\/v2\/pages\/17\/revisions\/5050"}],"wp:attachment":[{"href":"https:\/\/jcc.info.unlp.edu.ar\/en\/wp-json\/wp\/v2\/media?parent=17"}],"curies":[{"name":"wp","href":"https:\/\/api.w.org\/{rel}","templated":true}]}}