{"id":3209,"date":"2019-04-30T06:40:06","date_gmt":"2019-04-30T06:40:06","guid":{"rendered":"https:\/\/demosktthemes.com\/skteducation\/?page_id=3209"},"modified":"2026-03-27T13:30:50","modified_gmt":"2026-03-27T16:30:50","slug":"home","status":"publish","type":"page","link":"https:\/\/jcc.info.unlp.edu.ar\/en\/","title":{"rendered":"Home"},"content":{"rendered":"<div class=\"skt-builder-block-wrapper skt-builder-home-section1-block skt-builder-home-section1-block-31\" style=\"background-color: #ffffff; background-image: url(); padding-bottom: 0px; padding-top: 0px; \">\r\n\t<div class=\"skt-builder-block-inner skt-builder-block-inner-31\" style=\"\">\r\n\t\t<div class=\"skt-builder-container\">\r\n        \t<style>\r\n\t\t\t\t.skt-builder-home-section1-block-31 .skt-builder-block-title h2 span{color:#0f92ea;}\r\n            <\/style>\r\n         \r\n            <div class=\"skt-builder-columns-row skt-builder-columns-row-4column\" style=\"top: -0px;\">\r\n                    <div class=\"skt-builder-column skt-builder-feature-column skt-builder-feature-column-33\">\r\n                        <div class=\"skt-builder-column-inner\" style=\"background-color: #23282D;\">\r\n                        \t<a class=\"skt-builder-feature-column-link\" href=\"#\" ><\/a>\r\n                                <span class=\"skt-builder-feature-column-icon fa fa-group\" style=\"color: #ffffff\"><\/span>\r\n                            <h3 class=\"skt-builder-feature-column-title\" style=\"color: #ffffff;\">Ponencias cient\u00edficas y de empresas<\/h3>\r\n                            <div class=\"skt-builder-feature-column-description\" style=\"color: #ffffff;\"><p>Fomentando la interacci\u00f3n entre la academia y los sectores productivos\/industriales<\/p><\/div>\r\n                        <\/div>\r\n                    <\/div>\r\n                    <div class=\"skt-builder-column skt-builder-feature-column skt-builder-feature-column-37\">\r\n                        <div class=\"skt-builder-column-inner\" style=\"background-color: #32393f;\">\r\n                        \t<a class=\"skt-builder-feature-column-link\" href=\"#\" ><\/a>\r\n                                <span class=\"skt-builder-feature-column-icon fa fa-comments\" style=\"color: #ffffff\"><\/span>\r\n                            <h3 class=\"skt-builder-feature-column-title\" style=\"color: #ffffff;\">Conferencias y Paneles<\/h3>\r\n                            <div class=\"skt-builder-feature-column-description\" style=\"color: #ffffff;\"><p>Relacionados con la disciplina, con la participaci\u00f3n de acad\u00e9micos y profesionales.<\/p><\/div>\r\n                        <\/div>\r\n                    <\/div>\r\n                    <div class=\"skt-builder-column skt-builder-feature-column skt-builder-feature-column-40\">\r\n                        <div class=\"skt-builder-column-inner\" style=\"background-color: #4a545b;\">\r\n                        \t<a class=\"skt-builder-feature-column-link\" href=\"https:\/\/jcc.info.unlp.edu.ar\/cursos-de-posgrado-asociados-a-las-jcc-bdet\" ><\/a>\r\n                                <span class=\"skt-builder-feature-column-icon glyphicon glyphicon-book\" style=\"color: #ffffff\"><\/span>\r\n                            <h3 class=\"skt-builder-feature-column-title\" style=\"color: #ffffff;\">Cursos<\/h3>\r\n                            <div class=\"skt-builder-feature-column-description\" style=\"color: #ffffff;\"><p>Con cr\u00e9ditos para el doctorado en Ciencias Inform\u00e1ticas de la UNLP<\/p><p><br><\/p><p><br><\/p><p><br><\/p><p><br><\/p><p><br><\/p><p><br><\/p><p><br><\/p><p><br><\/p><\/div>\r\n                        <\/div>\r\n                    <\/div>\r\n                    <div class=\"skt-builder-column skt-builder-feature-column skt-builder-feature-column-305\">\r\n                        <div class=\"skt-builder-column-inner\" style=\"background-color: #909090;\">\r\n                        \t<a class=\"skt-builder-feature-column-link\" href=\"https:\/\/jcc.info.unlp.edu.ar\/consorcio-de-idi-en-cloud-computing-big-data-emerging-topics\/\" target=\"_blank\"><\/a>\r\n                                <img decoding=\"async\" class=\"skt-builder-feature-column-image\" src=\"https:\/\/jcc.info.unlp.edu.ar\/wp-content\/uploads\/2020\/12\/Consorcio-blancoChico.png\">\r\n                            <h3 class=\"skt-builder-feature-column-title\" style=\"color: #ffffff;\">Consorcio de I+D+I en Cloud Computing, Big Data &amp; Emerging Topics<\/h3>\r\n                            <div class=\"skt-builder-feature-column-description\" style=\"color: #ffffff;\"><p><br><\/p><\/div>\r\n                        <\/div>\r\n                    <\/div>\r\n            <\/div>\r\n        <\/div>\r\n\t<\/div>\r\n<\/div>\r\n\r\n<script>\r\njQuery(document).ready(function() {\r\n    jQuery('p').each(function() {\r\n        var $this = jQuery(this);\r\n        if($this.html().replace(\/s|&nbsp;\/g, '').length == 0) {\r\n            $this.remove();\r\n        }\r\n    });\r\n});\r\n\r\njQuery(document).ready(function() {\r\n    jQuery('p').each(function() {\r\n        var $this = jQuery(this);\r\n        if($this.html().replace(\/s|<br>\/g, '').length == 0) {\r\n            $this.remove();\r\n        }\r\n    });\r\n});\r\n<\/script>\r\n\r\n\r\n<div class=\"skt-builder-block-wrapper skt-builder-home-section1-block skt-builder-home-section1-block-171\" style=\"background-color: #ffffff; background-image: url(); padding-bottom: 0px; padding-top: 0px; \">\r\n\t<div class=\"skt-builder-block-inner skt-builder-block-inner-171\" style=\"\">\r\n\t\t<div class=\"skt-builder-container\">\r\n        \t<style>\r\n\t\t\t\t.skt-builder-home-section1-block-171 .skt-builder-block-title h2 span{color:#0f92ea;}\r\n            <\/style>\r\n         \r\n            <div class=\"skt-builder-columns-row skt-builder-columns-row-4column\" style=\"top: 0px;\">\r\n                    <div class=\"skt-builder-column skt-builder-feature-column skt-builder-feature-column-267\">\r\n                        <div class=\"skt-builder-column-inner\" style=\"background-color: #23282D;\">\r\n                        \t<a class=\"skt-builder-feature-column-link\" href=\"#\" ><\/a>\r\n                                <span class=\"skt-builder-feature-column-icon fa fa-group\" style=\"color: #ffffff\"><\/span>\r\n                            <h3 class=\"skt-builder-feature-column-title\" style=\"color: #ffffff;\">Academic and Industrial Presentations<\/h3>\r\n                            <div class=\"skt-builder-feature-column-description\" style=\"color: #ffffff;\"><p>Special interest is put on the topics that allow an interaction between the Academia, productive sectors and other interested parties.<\/p><\/div>\r\n                        <\/div>\r\n                    <\/div>\r\n                    <div class=\"skt-builder-column skt-builder-feature-column skt-builder-feature-column-271\">\r\n                        <div class=\"skt-builder-column-inner\" style=\"background-color: #32393f;\">\r\n                        \t<a class=\"skt-builder-feature-column-link\" href=\"#\" ><\/a>\r\n                                <span class=\"skt-builder-feature-column-icon fa fa-comments\" style=\"color: #ffffff\"><\/span>\r\n                            <h3 class=\"skt-builder-feature-column-title\" style=\"color: #ffffff;\">Invited Talks and Discussion Panels<\/h3>\r\n                            <div class=\"skt-builder-feature-column-description\" style=\"color: #ffffff;\"><p>Featured by academics and professionals.<\/p><\/div>\r\n                        <\/div>\r\n                    <\/div>\r\n                    <div class=\"skt-builder-column skt-builder-feature-column skt-builder-feature-column-274\">\r\n                        <div class=\"skt-builder-column-inner\" style=\"background-color: #4a545b;\">\r\n                        \t<a class=\"skt-builder-feature-column-link\" href=\"#cursos-de-posgrado-asociados-a-las-jcc-bdethttps:\/\/jcc.info.unlp.edu.ar\/cursos-de-posgrado-asociados-a-las-jcc-bdet\" ><\/a>\r\n                                <span class=\"skt-builder-feature-column-icon glyphicon glyphicon-book\" style=\"color: #ffffff\"><\/span>\r\n                            <h3 class=\"skt-builder-feature-column-title\" style=\"color: #ffffff;\">Courses<\/h3>\r\n                            <div class=\"skt-builder-feature-column-description\" style=\"color: #ffffff;\"><p>Valid for the PhD in Computer Science, UNLP.<\/p><\/div>\r\n                        <\/div>\r\n                    <\/div>\r\n                    <div class=\"skt-builder-column skt-builder-feature-column skt-builder-feature-column-287\">\r\n                        <div class=\"skt-builder-column-inner\" style=\"background-color: #909090;\">\r\n                        \t<a class=\"skt-builder-feature-column-link\" href=\"https:\/\/jcc.info.unlp.edu.ar\/consorcio-de-idi-en-cloud-computing-big-data-emerging-topics\/\" target=\"_blank\"><\/a>\r\n                                <img decoding=\"async\" class=\"skt-builder-feature-column-image\" src=\"https:\/\/jcc.info.unlp.edu.ar\/wp-content\/uploads\/2020\/12\/Consorcio-blancoChico-2.png\">\r\n                            <h3 class=\"skt-builder-feature-column-title\" style=\"color: #ffffff;\">Cloud Computing, Big Data &amp; Emerging Topics I+D+I Committee<\/h3>\r\n                            <div class=\"skt-builder-feature-column-description\" style=\"color: #ffffff;\"><p><br><\/p><\/div>\r\n                        <\/div>\r\n                    <\/div>\r\n            <\/div>\r\n        <\/div>\r\n\t<\/div>\r\n<\/div>\r\n\r\n<script>\r\njQuery(document).ready(function() {\r\n    jQuery('p').each(function() {\r\n        var $this = jQuery(this);\r\n        if($this.html().replace(\/s|&nbsp;\/g, '').length == 0) {\r\n            $this.remove();\r\n        }\r\n    });\r\n});\r\n\r\njQuery(document).ready(function() {\r\n    jQuery('p').each(function() {\r\n        var $this = jQuery(this);\r\n        if($this.html().replace(\/s|<br>\/g, '').length == 0) {\r\n            $this.remove();\r\n        }\r\n    });\r\n});\r\n<\/script>\r\n\r\n\r\n<div id=\"texto-intro-es\" class=\"sktbuilder-block sktbuilder-text\">\r\n    <div class=\"qb-container\">\r\n            <div class=\"sktbuilder-header\">\r\n                <div class=\"sktbuilder-header__description sktbuilder-text__description sktbuilder-header__description_color_black\">\r\n                   <p class=\"ql-align-justify\">Las Jornadas de Cloud Computing, Big Data &amp; Emerging Topics (JCC-BD&amp;ET) son un encuentro anual de intercambio de ideas, proyectos, resultados cient\u00edficos y aplicaciones concretas en diferentes \u00e1reas relacionadas con Cloud Computing, Inteligencia de Datos, Big Data y Tecnolog\u00edas Emergentes.<\/p><p class=\"ql-align-justify\">Las Jornadas integran ponencias cient\u00edficas con experiencias de desarrollos y aplicaciones, fomentando la interacci\u00f3n entre la academia y los sectores productivos\/industriales, en el \u00e1rea tem\u00e1tica de Cloud Computing, Big Data y Tecnolog\u00edas Emergentes. En el marco de las Jornadas tambi\u00e9n se desarrollan Conferencias, Paneles y Cursos de Posgrado espec\u00edficos.<\/p><p class=\"ql-align-justify\">Las Jornadas de Cloud Computing, Big Data &amp; Emerging Topics son organizadas por el Instituto de Investigaci\u00f3n en Inform\u00e1tica LIDI (III-LIDI) y la Secretar\u00eda de Posgrado de la Facultad de Inform\u00e1tica de la UNLP en colaboraci\u00f3n con Universidades de Argentina y del exterior. Cuentan con diferentes auspicios de organismos de Ciencia y Tecnolog\u00eda de Argentina y de sectores representativos de la industria del Software de Argentina.<\/p>\r\n                <\/div>\r\n            <\/div>\r\n    <\/div>\r\n<\/div><div id=\"texto-intro-en\" class=\"sktbuilder-block sktbuilder-text\">\r\n    <div class=\"qb-container\">\r\n            <div class=\"sktbuilder-header\">\r\n                <div class=\"sktbuilder-header__description sktbuilder-text__description sktbuilder-header__description_color_black\">\r\n                   <p class=\"ql-align-justify\">Since 2013, the Conference on Cloud Computing Conference, Big Data &amp; Emerging Topics (JCC-BD&amp;ET) has been an annual meeting where ideas, projects, scientific results and applications in the Cloud Computing, Big Data &amp; Emerging Technologies areas are presented. Special interest is put on the topics that allow an interaction between the Academia, productive sectors and other interested parties.<\/p><p class=\"ql-align-justify\">The congress will feature invited talks, discussion panels and 2 courses from distinguished professors.<\/p>\r\n                <\/div>\r\n            <\/div>\r\n    <\/div>\r\n<\/div><div id=\"skt-builder-columns-block-153\" class=\"texto-home skt-builder-block-wrapper skt-builder-columns-block skt-builder-columns-block-153\" style=\"background-color: #ffffff; background-image: url(); padding-bottom: 0px; padding-top: 0px; \">\r\n\t<div class=\"skt-builder-block-inner skt-builder-block-inner-153\" style=\"\">\r\n\t\t<div class=\"skt-builder-container\">\r\n                <div class=\"skt-builder-block-description\"><p><br><\/p><\/div>\r\n\t\t\t<div class=\"skt-builder-columns-row skt-builder-columns-row-2column\">\r\n\t\t\t\t\t<div class=\"skt-builder-column\">\r\n\t\t\t\t\t\t\t<div class=\"skt-builder-column-inner\"><pre class=\"ql-syntax\" spellcheck=\"false\"><div class=\"twitter-timeline-profile\"><a class=\"twitter-timeline\" data-lang=\"en\" data-height=\"450\" href=\"https:\/\/twitter.com\/Conf_CC_BD_ET?ref_src=twsrc%5Etfw\">Tweets by Conf_CC_BD_ET<\/a><\/div>\n<\/pre><p><br><\/p><\/div>\r\n\t\t\t\t\t<\/div>\r\n\t\t\t\t\t<div class=\"skt-builder-column\">\r\n\t\t\t\t\t\t\t<div class=\"skt-builder-column-inner\"><p><\/p><p><strong style=\"color: rgb(0, 0, 0);\">IMPORTANT DATES<\/strong><\/p><p><strong style=\"color: rgb(0, 0, 0);\">Submission Deadline<\/strong><span style=\"color: rgb(0, 0, 0);\">: <\/span><s style=\"color: rgb(0, 0, 0);\">March 27, 2026<\/s><span style=\"color: rgb(0, 0, 0);\">.April 12, 2026.<\/span><\/p><p><strong style=\"color: rgb(0, 0, 0);\">Notification Due<\/strong><span style=\"color: rgb(0, 0, 0);\">: May 22, 2026.<\/span><\/p><p><strong style=\"color: rgb(0, 0, 0);\">\ufeffFinal Version and license Due<\/strong><span style=\"color: rgb(0, 0, 0);\">: June 5, 2026.<\/span><\/p><p><strong style=\"color: rgb(0, 0, 0);\">JCC-BD&amp;ET<\/strong><span style=\"color: rgb(0, 0, 0);\">: June 23-25, 2026&nbsp;<\/span><\/p><p><span style=\"color: rgb(0, 0, 0);\">The <\/span><a href=\"http:\/\/link.springer.com\/openurl.asp?genre=issue&amp;issn=1865-0929&amp;volume=2649\" target=\"_blank\" style=\"color: rgb(0, 0, 0);\"><strong><em>revised selected papers<\/em><\/strong><\/a><strong><em> <\/em><\/strong><span style=\"color: rgb(0, 0, 0);\">are available here, published in Springer CCIS series. Also, <\/span><a href=\"https:\/\/sedici.unlp.edu.ar\/handle\/10915\/182427\" target=\"_blank\" style=\"color: rgb(0, 0, 0);\"><strong><em>proceedings<\/em><\/strong><\/a><span style=\"color: rgb(0, 0, 0);\"> are also available in SEDICI archive.<\/span><\/p><\/div>\r\n\t\t\t\t\t<\/div>\r\n\t\t\t<\/div>\r\n\t\t<\/div>\r\n\t<\/div>\r\n<\/div>    <!-- sktbuilder starter --><script type=\"text\/javascript\" src=\"https:\/\/jcc.info.unlp.edu.ar\/wp-content\/plugins\/skt-builder\/sktbuilder\/sktbuilder-frontend-starter.js\"><\/script><script type=\"text\/javascript\" src=\"https:\/\/jcc.info.unlp.edu.ar\/wp-content\/plugins\/skt-builder\/sktbuilder-wordpress-driver.js\"><\/script><script type=\"text\/javascript\"> var starter = new SktbuilderStarter({\"mode\": \"prod\", \"skip\":[\"jquery\",\"underscore\",\"backbone\"],\"sktbuilderUrl\": \"https:\/\/jcc.info.unlp.edu.ar\/wp-content\/plugins\/skt-builder\/sktbuilder\/\", \"driver\": new SktbuilderWordpressDriver({\"ajaxUrl\": \"https:\/\/jcc.info.unlp.edu.ar\/wp-admin\/admin-ajax.php\", \"iframeUrl\": \"https:\/\/jcc.info.unlp.edu.ar\/en\/?sktbuilder=true\", \"pageId\": 3209, \"pages\": [{\"title\":\"Main Topics\",\"url\":\"https:\\\/\\\/jcc.info.unlp.edu.ar\\\/wp-admin\\\/post.php?post=11&action=sktbuilder\"},{\"title\":\"Programme\",\"url\":\"https:\\\/\\\/jcc.info.unlp.edu.ar\\\/wp-admin\\\/post.php?post=13&action=sktbuilder\"},{\"title\":\"Location\",\"url\":\"https:\\\/\\\/jcc.info.unlp.edu.ar\\\/wp-admin\\\/post.php?post=24&action=sktbuilder\"},{\"title\":\"Companies\",\"url\":\"https:\\\/\\\/jcc.info.unlp.edu.ar\\\/wp-admin\\\/post.php?post=26&action=sktbuilder\"},{\"title\":\"Organization access\",\"url\":\"https:\\\/\\\/jcc.info.unlp.edu.ar\\\/wp-admin\\\/post.php?post=30&action=sktbuilder\"}], \"page\": \"Home\" }) });<\/script><!-- end sktbuilder starter -->","protected":false},"excerpt":{"rendered":"<p>Ponencias cient\u00edficas y de empresas Fomentando la interacci\u00f3n entre la academia y los sectores productivos\/industriales Conferencias y Paneles Relacionados con la disciplina, con la participaci\u00f3n de acad\u00e9micos y profesionales. Cursos Con cr\u00e9ditos para el doctorado en Ciencias Inform\u00e1ticas de la UNLP Consorcio de I+D+I en Cloud Computing, Big Data &amp; Emerging Topics Academic and Industrial<br \/><a class=\"moretag\" href=\"https:\/\/jcc.info.unlp.edu.ar\/en\/\">+ Read More<\/a><\/p>\n","protected":false},"author":1,"featured_media":0,"parent":0,"menu_order":0,"comment_status":"closed","ping_status":"closed","template":"templates\/page-builder.php","meta":{"footnotes":""},"class_list":["post-3209","page","type-page","status-publish","hentry"],"_links":{"self":[{"href":"https:\/\/jcc.info.unlp.edu.ar\/en\/wp-json\/wp\/v2\/pages\/3209","targetHints":{"allow":["GET"]}}],"collection":[{"href":"https:\/\/jcc.info.unlp.edu.ar\/en\/wp-json\/wp\/v2\/pages"}],"about":[{"href":"https:\/\/jcc.info.unlp.edu.ar\/en\/wp-json\/wp\/v2\/types\/page"}],"author":[{"embeddable":true,"href":"https:\/\/jcc.info.unlp.edu.ar\/en\/wp-json\/wp\/v2\/users\/1"}],"replies":[{"embeddable":true,"href":"https:\/\/jcc.info.unlp.edu.ar\/en\/wp-json\/wp\/v2\/comments?post=3209"}],"version-history":[{"count":157,"href":"https:\/\/jcc.info.unlp.edu.ar\/en\/wp-json\/wp\/v2\/pages\/3209\/revisions"}],"predecessor-version":[{"id":5279,"href":"https:\/\/jcc.info.unlp.edu.ar\/en\/wp-json\/wp\/v2\/pages\/3209\/revisions\/5279"}],"wp:attachment":[{"href":"https:\/\/jcc.info.unlp.edu.ar\/en\/wp-json\/wp\/v2\/media?parent=3209"}],"curies":[{"name":"wp","href":"https:\/\/api.w.org\/{rel}","templated":true}]}}