{"id":33,"date":"2013-10-16T23:11:37","date_gmt":"2013-10-16T23:11:37","guid":{"rendered":"http:\/\/weblidi.info.unlp.edu.ar\/jcc14\/wordpress\/?page_id=33"},"modified":"2026-03-27T13:34:34","modified_gmt":"2026-03-27T16:34:34","slug":"formato-de-paper","status":"publish","type":"page","link":"https:\/\/jcc.info.unlp.edu.ar\/en\/formato-de-paper\/","title":{"rendered":"Call for Papers"},"content":{"rendered":"<p><\/p>\n<h6 style=\"text-align: justify;\"><span style=\"color: #000080;\"><strong>We will try to hold an on-site event if and only if the safety and comfort of the attendees is ensured. Otherwise, the conference will be held in an interactive, live online setting. In any case, virtual presentations will be accepted.<\/strong><\/span><\/h6>\n<h6><strong>Author&#8217;s guidelines.<\/strong><\/h6>\n<p><strong><em>Publication and Indexation<\/em><\/strong><\/p>\n<p style=\"text-align: justify;\">All papers accepted for publication will be published in Springer CCIS Series \u2014 Communications in Computer and Information Science.<\/p>\n<p style=\"text-align: center;\"><a href=\"https:\/\/www.springer.com\" target=\"_blank\" rel=\"noopener noreferrer\"><img loading=\"lazy\" decoding=\"async\" src=\"https:\/\/jcc.info.unlp.edu.ar\/wp-content\/uploads\/2020\/11\/springer.jpg\" alt=\"\" width=\"250\" height=\"160\" \/><\/a>\u00a0\u00a0\u00a0\u00a0\u00a0<a href=\"https:\/\/www.springer.com\/series\/7899\" target=\"_blank\" rel=\"noopener noreferrer\"><img loading=\"lazy\" decoding=\"async\" src=\"http:\/\/jcc.info.unlp.edu.ar\/wp-content\/uploads\/2018\/11\/CCIS_logo.jpg\" alt=\"\" width=\"160\" height=\"139\" \/><\/a>\u00a0\u00a0\u00a0\u00a0\u00a0<a title=\"SCImago Journal &amp; Country Rank\" href=\"https:\/\/www.scimagojr.com\/journalsearch.php?q=17700155007&amp;tip=sid&amp;exact=no\"> <img loading=\"lazy\" decoding=\"async\" class=\"\" src=\"https:\/\/www.scimagojr.com\/journal_img.php?id=17700155007\" alt=\"SCImago Journal &amp; Country Rank\" width=\"139\" height=\"139\" border=\"0\" \/><\/a><\/p>\n<p style=\"text-align: justify;\">CCIS is abstracted\/indexed in DBLP, Google Scholar, EI-Compendex, Mathematical Reviews, SCImago and Scopus. CCIS volumes are also submitted to be included in ISI Proceedings.<\/p>\n<p style=\"text-align: center;\"><a href=\"http:\/\/dblp.org\/\" target=\"_blank\" rel=\"noopener noreferrer\"><img decoding=\"async\" src=\"https:\/\/jcc.info.unlp.edu.ar\/wp-content\/uploads\/2020\/11\/dbpl.png\" alt=\"\" width=\"150\" \/><\/a>\u00a0\u00a0\u00a0<a href=\"https:\/\/scholar.google.com\/\" target=\"_blank\" rel=\"noopener noreferrer\"><img loading=\"lazy\" decoding=\"async\" src=\"https:\/\/jcc.info.unlp.edu.ar\/wp-content\/uploads\/2020\/11\/Google_Scholar.png\" alt=\"\" width=\"150\" height=\"57\" \/><\/a>\u00a0\u00a0\u00a0<a href=\"https:\/\/www.elsevier.com\/solutions\/engineering-village\/content\/compendex\" target=\"_blank\" rel=\"noopener noreferrer\"><img loading=\"lazy\" decoding=\"async\" src=\"https:\/\/jcc.info.unlp.edu.ar\/wp-content\/uploads\/2020\/11\/ei.png\" alt=\"\" width=\"55\" height=\"55\" \/><\/a>\u00a0\u00a0\u00a0<a href=\"http:\/\/www.scimagojr.com\/\" target=\"_blank\" rel=\"noopener noreferrer\"><img loading=\"lazy\" decoding=\"async\" src=\"https:\/\/jcc.info.unlp.edu.ar\/wp-content\/uploads\/2020\/11\/logo2.png\" alt=\"\" width=\"160\" height=\"55\" \/><\/a>\u00a0\u00a0\u00a0<a href=\"https:\/\/www.scopus.com\/\" target=\"_blank\" rel=\"noopener noreferrer\"><img loading=\"lazy\" decoding=\"async\" src=\"https:\/\/jcc.info.unlp.edu.ar\/wp-content\/uploads\/2020\/11\/scopus.png\" alt=\"\" width=\"60\" height=\"55\" \/><\/a>\u00a0\u00a0\u00a0<a href=\"https:\/\/webofknowledge.com\/\" target=\"_blank\" rel=\"noopener noreferrer\"><img loading=\"lazy\" decoding=\"async\" src=\"https:\/\/jcc.info.unlp.edu.ar\/wp-content\/uploads\/2020\/11\/isi.jpg\" alt=\"\" width=\"110\" height=\"55\" \/><\/a><\/p>\n<p style=\"text-align: justify;\">A subset of the papers that are not accepted for publication in Springer CCIS Series (due to different technical aspects), can be selected for oral presentation at the Conference. These papers will be published in the <a href=\"http:\/\/sedici.unlp.edu.ar\" target=\"_blank\" rel=\"noopener noreferrer\">UNLP repository<\/a> (under ISBN reference). <\/p>\n<p style=\"text-align: center;\"><a href=\"http:\/\/sedici.unlp.edu.ar\" target=\"_blank\" rel=\"noopener noreferrer\"><img loading=\"lazy\" decoding=\"async\" src=\"https:\/\/jcc.info.unlp.edu.ar\/wp-content\/uploads\/2020\/11\/sedici.png\" alt=\"\" width=\"300\" height=\"139\" \/><\/a>\u00a0<\/p>\n<p>\u00a0\u00a0\u00a0\u00a0<\/p>\n<p>The authors will be invited to send an improved, extended version to the <a href=\"http:\/\/journal.info.unlp.edu.ar\" target=\"_blank\" rel=\"noopener noreferrer\">Journal of Computer Science &amp; Technology<\/a>.<\/p>\n<p style=\"text-align: center;\"><a href=\"http:\/\/journal.info.unlp.edu.ar\" target=\"_blank\" rel=\"noopener noreferrer\"><img loading=\"lazy\" decoding=\"async\" src=\"https:\/\/jcc.info.unlp.edu.ar\/wp-content\/uploads\/2020\/11\/pageHeaderLogoImage_en_US.png\" alt=\"\" width=\"128\" height=\"93\" \/><\/a><\/p>\n<p style=\"text-align: justify;\">The JCS&amp;T is abstracted\/indexed in Scopus, Emerging Sources Citation Index (ESCI) by Clarivate Analytics, N\u00facleo B\u00e1sico de Revistas Cient\u00edficas (CONICET), Latindex Cat\u00e1logo, REDIB, DOAJ, Google Scholar, ProQuest, AmeliCA, among others.<\/p>\n<p style=\"text-align: center;\"><a href=\"https:\/\/www.scopus.com\/\" target=\"_blank\" rel=\"noopener noreferrer\"><img loading=\"lazy\" decoding=\"async\" src=\"https:\/\/jcc.info.unlp.edu.ar\/wp-content\/uploads\/2020\/11\/scopus.png\" alt=\"\" width=\"60\" height=\"55\" \/><\/a>\u00a0\u00a0\u00a0<a href=\"https:\/\/mjl.clarivate.com\/\" target=\"_blank\" rel=\"noopener noreferrer\"><img loading=\"lazy\" decoding=\"async\" src=\"https:\/\/jcc.info.unlp.edu.ar\/wp-content\/uploads\/2020\/11\/LogoJournal1.png\" alt=\"\" width=\"57\" height=\"57\" \/><\/a>\u00a0\u00a0\u00a0<a href=\"http:\/\/www.caicyt-conicet.gov.ar\/sitio\/journal-of-computer-science-and-technology-la-plata-en-linea\/\" target=\"_blank\" rel=\"noopener noreferrer\"><img loading=\"lazy\" decoding=\"async\" src=\"https:\/\/jcc.info.unlp.edu.ar\/wp-content\/uploads\/2020\/11\/LogoJournal2.jpg\" alt=\"\" width=\"80\" height=\"57\" \/><\/a>\u00a0\u00a0\u00a0<a href=\"https:\/\/www.latindex.org\/latindex\/ficha?folio=12516\" target=\"_blank\" rel=\"noopener noreferrer\"><img loading=\"lazy\" decoding=\"async\" src=\"https:\/\/jcc.info.unlp.edu.ar\/wp-content\/uploads\/2020\/11\/LogoJournal3.jpg\" alt=\"\" width=\"100\" height=\"55\" \/><\/a>\u00a0\u00a0\u00a0<a href=\"https:\/\/redib.org\/Record\/oai_revista924-journal-computer-science--technology\" target=\"_blank\" rel=\"noopener noreferrer\"><img loading=\"lazy\" decoding=\"async\" src=\"https:\/\/jcc.info.unlp.edu.ar\/wp-content\/uploads\/2020\/11\/LogoJournal4.png\" alt=\"\" width=\"95\" height=\"55\" \/><\/a>\u00a0\u00a0\u00a0<a href=\"https:\/\/doaj.org\/toc\/1666-6038?source=%7B%22query%22%3A%7B%22filtered%22%3A%7B%22filter%22%3A%7B%22bool%22%3A%7B%22must%22%3A%5B%7B%22terms%22%3A%7B%22index.issn.exact%22%3A%5B%221666-6046%22%2C%221666-6038%22%5D%7D%7D%2C%7B%22term%22%3A%7B%22_type%22%3A%22article%22%7D%7D%5D%7D%7D%2C%22query%22%3A%7B%22match_all%22%3A%7B%7D%7D%7D%7D%2C%22size%22%3A100%2C%22_source%22%3A%7B%7D%7D\" target=\"_blank\" rel=\"noopener noreferrer\"><img loading=\"lazy\" decoding=\"async\" src=\"https:\/\/jcc.info.unlp.edu.ar\/wp-content\/uploads\/2020\/11\/LogoJournal5.png\" alt=\"\" width=\"150\" height=\"55\" \/><\/a>\u00a0\u00a0\u00a0<a href=\"https:\/\/scholar.google.com\/citations?user=qWvemiAAAAAJ&amp;hl=es\" target=\"_blank\" rel=\"noopener noreferrer\"><img loading=\"lazy\" decoding=\"async\" src=\"https:\/\/jcc.info.unlp.edu.ar\/wp-content\/uploads\/2020\/11\/Google_Scholar.png\" alt=\"\" width=\"135\" height=\"57\" \/><\/a>\u00a0\u00a0\u00a0<a href=\"https:\/\/www.proquest.com\/\" target=\"_blank\" rel=\"noopener noreferrer\"><img loading=\"lazy\" decoding=\"async\" src=\"https:\/\/jcc.info.unlp.edu.ar\/wp-content\/uploads\/2020\/11\/LogoJournal7.png\" alt=\"\" width=\"125\" height=\"60\" \/><\/a>\u00a0\u00a0\u00a0<a href=\"http:\/\/portal.amelica.org\/revista.oa?id=30\" target=\"_blank\" rel=\"noopener noreferrer\"><img loading=\"lazy\" decoding=\"async\" src=\"https:\/\/jcc.info.unlp.edu.ar\/wp-content\/uploads\/2020\/11\/LogoJournal8.png\" alt=\"\" width=\"130\" height=\"55\" \/><\/a><\/p>\n<p><strong><em>Type of Papers<\/em><\/strong><\/p>\n<p style=\"text-align: justify;\">&#8211; <u>Full papers<\/u> correspond to academic-scientific works that provide some original contribution to the Conference topics. They must be written in English and must not exceed 14 pages.<br \/>\n&#8211; <u>Short papers<\/u> correspond to on-going research or postgraduate thesis, and may present novel ideas with preliminary results. They must be written in English and must not exceed 5 pages.<\/p>\n<p><strong><em>Originality and Review Process<\/em><\/strong><\/p>\n<p style=\"text-align: justify;\">Papers must not have been previously published or submitted elsewhere. In addition, they will be scanned using the iThenticate plagiarism check tool.<br \/>\nAll paper submissions will be reviewed by three experts and returned to the author(s).<\/p>\n<p><strong><em>Springer Nature Code of Conduct for Book Authors<\/em><\/strong><\/p>\n<p style=\"text-align: justify;\">Authors should follow the minimum standards as set out in the <a href=\"\/wp-content\/uploads\/2021\/12\/Publishers_Code_of_Conduct_for_Book_Authors.pdf\" target=\"_blank\" rel=\"noopener noreferrer\">Springer Nature Code of Conduct for Book Authors<\/a>.<\/p>\n<p><strong><em>Formatting instructions<\/em><\/strong><\/p>\n<p style=\"text-align: justify;\">Authors should consult Springer\u2019s authors\u2019 guidelines and use their proceedings templates, either for LaTeX or for MSWord, for the preparation of their papers. Springer encourages authors to include their ORCIDs in their papers. In addition, the corresponding author of each accepted paper, acting on behalf of all of the authors of that paper, must complete and sign a <a href=\"\/wp-content\/uploads\/2021\/12\/SNCS_ProceedingsPaper_LTP_ST_SN_Switzerland.docx\" target=\"_blank\" rel=\"noopener noreferrer\">Consent-to-Publish form<\/a>, through which the copyright for their paper is transferred to Springer .<\/p>\n<p style=\"text-align: justify;\"><strong>Important note:<\/strong> The authors of accepted papers must guarantee that their paper will be presented at the conference. <strong><u>Virtual presentations will be available<\/u><\/strong>.<\/p>\n<p><a href=\"\/wp-content\/uploads\/2021\/12\/Springer_Instructions_for_Authors_of_Proceedings_CS.pdf\" target=\"_blank\" rel=\"noopener noreferrer\">Springer\u2019s author\u2019s guidelines.<\/a><br \/>\n<a href=\"\/wp-content\/uploads\/2021\/12\/LaTeX2eProceedingsTemplatesdownload.zip\" target=\"_blank\" rel=\"noopener noreferrer\">LaTeX Template.<\/a><br \/>\n<a href=\"\/wp-content\/uploads\/2021\/12\/MicrosoftWordProceedingsTemplates-1.zip\" target=\"_blank\" rel=\"noopener noreferrer\">MSWord Template.<\/a><br \/>\n<a href=\"https:\/\/www.overleaf.com\/latex\/templates\/springer-lecture-notes-in-computer-science\/kzwwpvhwnvfj#.WsdHOy5uZpg\" target=\"_blank\" rel=\"noopener noreferrer\">Overleaf Template<\/a><\/p>\n<h6><strong>Registration fees<\/strong><\/h6>\n<p style=\"text-align: justify;\">Both registration and article publication are free of charges.<\/p>\n<h6><strong>Best Paper Award<\/strong><\/h6>\n<p><strong><em>Purpose<\/em><\/strong><\/p>\n<p style=\"text-align: justify;\">This award recognizes the best paper presented at the Conference, considering technical work, originality, potential impact on the field, clarity of the written paper, and quality of the conference presentation.<\/p>\n<p><strong><em>Eligibility<\/em><\/strong><\/p>\n<p style=\"text-align: justify;\">All full papers submitted and published in the conference proceedings of the year are eligible for competition for the Best Paper Award.<\/p>\n<p><strong><em>Prize<\/em><\/strong><\/p>\n<p style=\"text-align: justify;\">A signed and stamped official award certificate with the name of the award, the name of the paper, and the names of the authors of the paper.<\/p>\n<h6><strong>Important Dates<\/strong><\/h6>\n<p><strong>Submission Deadline<\/strong>: Febrery 16, 2026 &#8211; <del>March 27<\/del> April 12, 2026.<br \/>\n<strong>Notification Due<\/strong>: May 22, 2026.<br \/>\n<strong>Final Version and license Due<\/strong>: June 5, 2026.<\/p>\n<p><!--\n\n\n<h6><a href=\"https:\/\/jccreview.info.unlp.edu.ar\" target=\"_blank\" rel=\"noopener noreferrer\"><u>Submit a paper<\/u><\/a><\/h6>\n\n\/\n--><\/p>\n    <!-- sktbuilder starter --><script type=\"text\/javascript\" src=\"https:\/\/jcc.info.unlp.edu.ar\/wp-content\/plugins\/skt-builder\/sktbuilder\/sktbuilder-frontend-starter.js\"><\/script><script type=\"text\/javascript\" src=\"https:\/\/jcc.info.unlp.edu.ar\/wp-content\/plugins\/skt-builder\/sktbuilder-wordpress-driver.js\"><\/script><script type=\"text\/javascript\"> var starter = new SktbuilderStarter({\"mode\": \"prod\", \"skip\":[\"jquery\",\"underscore\",\"backbone\"],\"sktbuilderUrl\": \"https:\/\/jcc.info.unlp.edu.ar\/wp-content\/plugins\/skt-builder\/sktbuilder\/\", \"driver\": new SktbuilderWordpressDriver({\"ajaxUrl\": \"https:\/\/jcc.info.unlp.edu.ar\/wp-admin\/admin-ajax.php\", \"iframeUrl\": \"https:\/\/jcc.info.unlp.edu.ar\/en\/formato-de-paper\/?sktbuilder=true\", \"pageId\": 33, \"pages\": [{\"title\":\"Main Topics\",\"url\":\"https:\\\/\\\/jcc.info.unlp.edu.ar\\\/wp-admin\\\/post.php?post=11&action=sktbuilder\"},{\"title\":\"Programme\",\"url\":\"https:\\\/\\\/jcc.info.unlp.edu.ar\\\/wp-admin\\\/post.php?post=13&action=sktbuilder\"},{\"title\":\"Location\",\"url\":\"https:\\\/\\\/jcc.info.unlp.edu.ar\\\/wp-admin\\\/post.php?post=24&action=sktbuilder\"},{\"title\":\"Companies\",\"url\":\"https:\\\/\\\/jcc.info.unlp.edu.ar\\\/wp-admin\\\/post.php?post=26&action=sktbuilder\"},{\"title\":\"Organization access\",\"url\":\"https:\\\/\\\/jcc.info.unlp.edu.ar\\\/wp-admin\\\/post.php?post=30&action=sktbuilder\"}], \"page\": \"Call for Papers\" }) });<\/script><!-- end sktbuilder starter -->","protected":false},"excerpt":{"rendered":"<p>We will try to hold an on-site event if and only if the safety and comfort of the attendees is ensured. Otherwise, the conference will be held in an interactive, live online setting. In any case, virtual presentations will be accepted. Author&#8217;s guidelines. Publication and Indexation All papers accepted for publication will be published in<br \/><a class=\"moretag\" href=\"https:\/\/jcc.info.unlp.edu.ar\/en\/formato-de-paper\/\">+ Read More<\/a><\/p>\n","protected":false},"author":1,"featured_media":0,"parent":0,"menu_order":6,"comment_status":"closed","ping_status":"closed","template":"templates\/page-fullwidth_template.php","meta":{"footnotes":""},"class_list":["post-33","page","type-page","status-publish","hentry"],"_links":{"self":[{"href":"https:\/\/jcc.info.unlp.edu.ar\/en\/wp-json\/wp\/v2\/pages\/33","targetHints":{"allow":["GET"]}}],"collection":[{"href":"https:\/\/jcc.info.unlp.edu.ar\/en\/wp-json\/wp\/v2\/pages"}],"about":[{"href":"https:\/\/jcc.info.unlp.edu.ar\/en\/wp-json\/wp\/v2\/types\/page"}],"author":[{"embeddable":true,"href":"https:\/\/jcc.info.unlp.edu.ar\/en\/wp-json\/wp\/v2\/users\/1"}],"replies":[{"embeddable":true,"href":"https:\/\/jcc.info.unlp.edu.ar\/en\/wp-json\/wp\/v2\/comments?post=33"}],"version-history":[{"count":149,"href":"https:\/\/jcc.info.unlp.edu.ar\/en\/wp-json\/wp\/v2\/pages\/33\/revisions"}],"predecessor-version":[{"id":5282,"href":"https:\/\/jcc.info.unlp.edu.ar\/en\/wp-json\/wp\/v2\/pages\/33\/revisions\/5282"}],"wp:attachment":[{"href":"https:\/\/jcc.info.unlp.edu.ar\/en\/wp-json\/wp\/v2\/media?parent=33"}],"curies":[{"name":"wp","href":"https:\/\/api.w.org\/{rel}","templated":true}]}}