{"id":3470,"date":"2019-11-12T17:47:25","date_gmt":"2019-11-12T20:47:25","guid":{"rendered":"https:\/\/jcc.info.unlp.edu.ar\/?page_id=3470"},"modified":"2022-11-09T10:24:24","modified_gmt":"2022-11-09T13:24:24","slug":"i-jornada-de-cloud-computing-17-a-19-de-junio-de-2013","status":"publish","type":"page","link":"https:\/\/jcc.info.unlp.edu.ar\/en\/i-jornada-de-cloud-computing-17-a-19-de-junio-de-2013\/","title":{"rendered":"1st Conference on Cloud Computing &#8211; 2013"},"content":{"rendered":"<!-- wp:paragraph -->\r\n<p><\/p>\r\n<!-- \/wp:paragraph -->\r\n\r\n<!-- wp:image {\"align\":\"center\",\"width\":351,\"height\":496,\"linkDestination\":\"custom\"} -->\r\n<div class=\"wp-block-image\"><figure class=\"aligncenter is-resized\"><a href=\"http:\/\/jcc.info.unlp.edu.ar\/wp-content\/uploads\/2018\/10\/Poster2013.jpg\" target=\"_blank\" rel=\"noreferrer noopener\"><img loading=\"lazy\" decoding=\"async\" src=\"http:\/\/jcc.info.unlp.edu.ar\/wp-content\/uploads\/2018\/10\/Poster2013.jpg\" alt=\"\" width=\"351\" height=\"496\"\/><\/a><\/figure><\/div>\r\n<!-- \/wp:image -->\r\n\r\n<!-- wp:heading {\"level\":3} -->\r\n<h3>Scientific Committee<\/h3>\r\n<!-- \/wp:heading -->\r\n\r\n<!-- wp:paragraph -->\r\n<p><strong>Coordinator<\/strong>: Armando De Giusti (UNLP)<\/p>\r\n<!-- \/wp:paragraph -->\r\n\r\n<!-- wp:paragraph -->\r\n<p>Ardenghi Jorge (UNS)<br> Bertogna, Leandro (Intel)<br> Denham M\u00f3nica (UNRN)<br> Diaz, Javier (UNLP)<br> Doallo, Ram\u00f3n (UDC &#8211; Spain)<br> Echaiz, Javier (UNS)<br> Garcia Garino, Carlos (UNCuyo)<br> Luque, Emilio (UAB &#8211; Spain)<br> Mar\u00edn, Mauricio (Yahoo &#8211; Chile)<br> Naiouf, Marcelo (UNLP)<br> Piccoli, Ma. Fabiana (UNSL)<br> Printista, Marcela (UNSL)<br> Rexachs, Dolores (UAB &#8211; Spain)<br> Rodr\u00edguez de Souza, Josemar (UNEB &#8211; Brazil)<br> Suppi, Remo (UAb &#8211; Spain)<br> Tinetti, Fernando (UNLP)<br> Tirado, Francisco (UCM &#8211; Spain)<br> Touri\u00f1o, Juan (UDC &#8211; Spain)<\/p>\r\n<!-- \/wp:paragraph -->\r\n\r\n<!-- wp:heading {\"level\":3} -->\r\n<h3>Schedule<\/h3>\r\n<!-- \/wp:heading -->\r\n\r\n<!-- wp:table -->\r\n<table class=\"wp-block-table\"><tbody><tr><td><strong>Monday 17-6<\/strong><\/td><td><strong>Tuesday 18-6<\/strong><\/td><td><strong>Wednesday 19-6<\/strong><\/td><\/tr><tr><td>8.30 am.<br> <strong>Conference Registration<\/strong><\/td><td>8.30 am.<br> <strong>Conference Registration<\/strong><\/td><td>8.30 am.<br> <strong>Conference Registration<\/strong><\/td><\/tr><tr><td>9.30-10 am.<br> <strong>Opening ceremony<\/strong><\/td><td>9-10 am.<br> <strong>Conference<\/strong><br> (Ph.D. Mauricio Mar\u00edn)<\/td><td>9-10 am.<br> <strong>Conference<\/strong><br> (Ph.D. James A. Marsteller)<\/td><\/tr><tr><td>10-11 am.<br> <strong>MINCYT &#8211; National Systems.<\/strong><br> <br>11-13 am.<br> <strong>Tutorial<\/strong><br> (Lic. Javier F. Diaz)<\/td><td>10-12 am.<br> <strong>Tutorial<\/strong><br> (Pablo Michelis y Rodolfo Kohn &#8211; INTEL)<\/td><td>10am-1pm.<br> <strong>Working meeting of Researchers and Productive Sectors.<\/strong><\/td><\/tr><tr><td>2.30-6 pm.<br> <strong>Presentations <\/strong><br> Focused on Technology and new challenges in Cloud.<\/td><td>2.30-6 pm.<br> <strong>Presentations <\/strong><br> Focused on Applications and new challenges in Cloud.<\/td><td>1 pm.<br> <strong>Conclusions.<\/strong><\/td><\/tr><tr><td>6-8 pm.<br> <strong>Tutorial<\/strong><br> (Ph.D. Dolores Rexachs)<\/td><td>6-8 pm.<br> <strong>Tutorial<\/strong><br> (Ph.D. Carlos Garc\u00eda Garino)<\/td><td>&nbsp;<\/td><\/tr><tr><td>&nbsp;<\/td><td>&nbsp;<\/td><td>&nbsp;<\/td><td>&nbsp;<\/td><td>&nbsp;<\/td><\/tr><\/tbody><\/table>\r\n<!-- \/wp:table -->\r\n\r\n<!-- wp:paragraph -->\r\n<p><strong>Monday<\/strong><\/p>\r\n<!-- \/wp:paragraph -->\r\n\r\n<!-- wp:paragraph -->\r\n<p><strong>9.30-10 am.<\/strong><br> Opening ceremony.<\/p>\r\n<!-- \/wp:paragraph -->\r\n\r\n<!-- wp:paragraph -->\r\n<p><strong>10-11 am.<\/strong><br> <strong>&#8211; Sistema Nacional de Computaci\u00f3n de Alto Desempe\u00f1o. <\/strong><em>Fabio Busnengo (MINCYT)<\/em><\/p>\r\n<!-- \/wp:paragraph -->\r\n\r\n<!-- wp:paragraph -->\r\n<p><strong>&#8211; Sistema Nacional de Redes Avanzadas. <\/strong><em>Juli\u00e1n Dunayevich (MINCYT)<\/em><\/p>\r\n<!-- \/wp:paragraph -->\r\n\r\n<!-- wp:paragraph -->\r\n<p><strong>11am-1pm.<\/strong><br> Tutorial: <strong>Seguridad en Cloud. <\/strong><em>Lic. Javier F. D\u00edaz (UNLP).<\/em><\/p>\r\n<!-- \/wp:paragraph -->\r\n\r\n<!-- wp:paragraph -->\r\n<p><strong>2.30-4 pm.<\/strong><br> Presentations Focused on Technology and new challenges in Cloud:<\/p>\r\n<!-- \/wp:paragraph -->\r\n\r\n<!-- wp:paragraph -->\r\n<p><strong>&#8211; Running Scientific Codes on Amazon EC2: a Performance Analysis of Five High-end Instances.<\/strong><br> <em>Roberto R. Exp\u00f3sito (UDC-Spain), Guillermo L. Taboada (UDC-Spain), Xo\u00e1n C. Pardo (UDC-Spain), Juan Touri\u00f1o (UDC-Spain), Ram\u00f3n Doallo (UDC-Spain).<\/em><\/p>\r\n<!-- \/wp:paragraph -->\r\n\r\n<!-- wp:paragraph -->\r\n<p><strong>&#8211; Migraci\u00f3n a entornos Cloud de Herramientas y Metodolog\u00edas para predicci\u00f3n y ejecuci\u00f3n eficiente en HPC: Resultados y Conclusiones.<\/strong><br> <em>\u00c1lvaro Wong (UAB-Spain), Ronal Muresano (UAB-Spain), Dolores Rexachs (UAB-Spain), Emilio Luque (UAB-Spain).<\/em><\/p>\r\n<!-- \/wp:paragraph -->\r\n\r\n<!-- wp:paragraph -->\r\n<p><strong>&#8211; New technologies for big multimedia data treatment.<\/strong><br> <em>Luis Britos (UNSL), Fabricio Bustos (UNSL), Ver\u00f3nica Gil-Costa (UNSL), Mariela Lopresti (UNSL), Virginia Mancini (UNSL), Natalia Miranda (UNSL), Cesar Ochoa (UNSL), Fabiana Piccoli (UNSL), A. Marcela Printista (UNSL), Nora Reyes (UNSL).<\/em><\/p>\r\n<!-- \/wp:paragraph -->\r\n\r\n<!-- wp:paragraph -->\r\n<p><strong>&#8211; Estudios de overhead en algoritmos paralelos sobre Cloud.<\/strong><br> <em>Ismael Rodr\u00edguez (UNLP), Adri\u00e1n Pousa (UNLP), Enzo Rucci (UNLP), Victoria Sanz (UNLP), Fabiana Leibovich (UNLP), Marcelo Naiouf (UNLP), Armando De Giusti (UNLP).<\/em><\/p>\r\n<!-- \/wp:paragraph -->\r\n\r\n<!-- wp:paragraph -->\r\n<p><strong>4.30-6 pm.<\/strong><br> Presentations Focused on Technology and new challenges in Cloud:<\/p>\r\n<!-- \/wp:paragraph -->\r\n\r\n<!-- wp:paragraph -->\r\n<p><strong>&#8211; Monitoring and resource information as a key component for scalable distributed systems.<\/strong><br> <em>P. Verghelet (UBA), D. Gonzalez Marquez (UBA), M. Geier (UBA), E. Mocskos (UBA).<\/em><\/p>\r\n<!-- \/wp:paragraph -->\r\n\r\n<!-- wp:paragraph -->\r\n<p><strong>&#8211; Methodology for Predicting the Energy Consumption of SPMD Applications on Virtualized Environments.<\/strong><br> <em>Javier Balladini (UNCOMA), Ronal Muresano (UAB-Spain), Remo Suppi (UAB-Spain), Dolores Rexachs (UAB-Spain), Emilio Luque (UAB-Spain).<\/em><\/p>\r\n<!-- \/wp:paragraph -->\r\n\r\n<!-- wp:paragraph -->\r\n<p><strong>&#8211; MCAP: Modelo Computacional de Auto-Paralelismo. Aumentando a performance de aplica\u00e7\u00f5es MPI em ambientes multi-cores.<\/strong><br> <em>Andr\u00e9 Luiz Lima da Costa (UNEB-Brazil), Josemar Rodrigues de Souza (UNEB-Brazil).<\/em><\/p>\r\n<!-- \/wp:paragraph -->\r\n\r\n<!-- wp:paragraph -->\r\n<p><strong>&#8211; DevOps: lecciones aprendidas sobre un marco colaborativo entre desarrolladores y operadores de TI.<\/strong><br> <em>L\u00eda Molinari (UNLP), Christian Rodriguez (UNLP), Javier Diaz (UNLP).<\/em><\/p>\r\n<!-- \/wp:paragraph -->\r\n\r\n<!-- wp:paragraph -->\r\n<p><strong>6-8 pm.<\/strong><br> Tutorial: <strong>Detecci\u00f3n y Correcci\u00f3n de Fallos en arquitecturas Cloud. <\/strong><em>Ph.D. Dolores Rexachs &#8211; (UAB &#8211; Spain).<\/em><\/p>\r\n<!-- \/wp:paragraph -->\r\n\r\n<!-- wp:paragraph -->\r\n<p><strong>Tuesday<\/strong><\/p>\r\n<!-- \/wp:paragraph -->\r\n\r\n<!-- wp:paragraph -->\r\n<p><strong>9-10 am.<\/strong><br> Conference <strong>Cloud Computing utilizando Map-Reduce y plataformas para Stream Computing. <\/strong><em>Ph.D. Mauricio Mar\u00edn (USACH &#8211; Chile \u2013 Yahoo Labs.).<\/em><\/p>\r\n<!-- \/wp:paragraph -->\r\n\r\n<!-- wp:paragraph -->\r\n<p><strong>10-12 am.<\/strong><br> Tutorial: <strong>Arquitecturas escalables para el Cloud. <\/strong><em>Pablo Michelis y Rodolfo Kohn &#8211; INTEL.<\/em><\/p>\r\n<!-- \/wp:paragraph -->\r\n\r\n<!-- wp:paragraph -->\r\n<p><strong>2.30-4 pm.<\/strong><br> Presentations Focused on Applications and new challenges in Cloud:<\/p>\r\n<!-- \/wp:paragraph -->\r\n\r\n<!-- wp:paragraph -->\r\n<p><strong>&#8211; Computational Mechanics Software as a Service Project.<\/strong><br> <em>Carlos Garc\u00eda Garino (UNCuyo), Elina Pacina (UNCuyo), David Monge (UNCuyo), Claudio Careglio (UNCuyo), Anibal Mirasso (UNCuyo).<\/em><\/p>\r\n<!-- \/wp:paragraph -->\r\n\r\n<!-- wp:paragraph -->\r\n<p><strong>&#8211; El rol de las Telcos en Cloud Computing.<\/strong><br> <em>Pablo Javier Lucio Medina (TELEF\u00d3NICA).<\/em><\/p>\r\n<!-- \/wp:paragraph -->\r\n\r\n<!-- wp:paragraph -->\r\n<p><strong>&#8211; Aspectos claves para el desarrollo de aplicaciones para Mobile Cloud Computing.<\/strong><br> <em>Nelson Rodr\u00edguez (UNSJ), Mar\u00eda Murazzo (UNSJ), Susana Chavez (UNSJ), Daniela Villafa\u00f1e (UNSJ), Adriana Valenzuela (UNSJ), Ariana Mart\u00edn (UNSJ).<\/em><\/p>\r\n<!-- \/wp:paragraph -->\r\n\r\n<!-- wp:paragraph -->\r\n<p><strong>&#8211; IaaS (Infraestructura como Servicio): El puntapi\u00e9 inicial (y no tan inicial) para entrar en la nube.<\/strong><br> <em>Daniel Levi (MICROSOFT).<\/em><\/p>\r\n<!-- \/wp:paragraph -->\r\n\r\n<!-- wp:paragraph -->\r\n<p><strong>4.30-6 pm.<\/strong><br> Presentations Focused on Applications and new challenges in Cloud:<\/p>\r\n<!-- \/wp:paragraph -->\r\n\r\n<!-- wp:paragraph -->\r\n<p><strong>&#8211; Simulaci\u00f3n num\u00e9rica en Geof\u00edsica Aplicada.<\/strong><br> <em>Juan E. Santos (UNLP &#8211; UBA), Patricia M. Gauzellino (UNLP &#8211; UBA), Gabriela M. Savioli (UNLP &#8211; UBA).<\/em><\/p>\r\n<!-- \/wp:paragraph -->\r\n\r\n<!-- wp:paragraph -->\r\n<p><strong>-IBM SmartCloud Foundation and Education.<\/strong><br> <em>N\u00e9stor Taretto (IBM).<\/em><\/p>\r\n<!-- \/wp:paragraph -->\r\n\r\n<!-- wp:paragraph -->\r\n<p><strong>&#8211; Perspectivas en el an\u00e0lisis de grandes vol\u00f9menes de datos en el Cloud.<\/strong><br> <em>Mar\u00eda Murazzo (UNSJ), Nelson Rodr\u00edguez (UNSJ), Daniela Villafa\u00f1e (UNSJ), Facundo Gonzalez (UNSJ).<\/em><\/p>\r\n<!-- \/wp:paragraph -->\r\n\r\n<!-- wp:paragraph -->\r\n<p><strong>&#8211; Nube Argentina, origen, desarrollo y evoluci\u00f3n.<\/strong><br> <em>Maria Rosa Bonnet (TELECOM).<\/em><\/p>\r\n<!-- \/wp:paragraph -->\r\n\r\n<!-- wp:paragraph -->\r\n<p><strong>6-8 pm.<\/strong><br> Tutorial: <strong>Procesamiento de Aplicaciones Cient\u00edficas en Entornos de Cloud Computing. <\/strong><em>Ph.D. Carlos Garc\u00eda Garino &#8211; (UNCuyo).<\/em><\/p>\r\n<!-- \/wp:paragraph -->\r\n\r\n<!-- wp:paragraph -->\r\n<p><strong>Wednesday<\/strong><\/p>\r\n<!-- \/wp:paragraph -->\r\n\r\n<!-- wp:paragraph -->\r\n<p><strong>9-10 am.<\/strong><br> Conference <strong>University perspective evaluating using cloud services. <\/strong><em>Ph.D. James A. Marsteller (Pittsburgh Supercomputing Center).<\/em><\/p>\r\n<!-- \/wp:paragraph -->\r\n\r\n<!-- wp:paragraph -->\r\n<p><strong>10am-1pm.<\/strong><br> Working meeting of Researchers and Productive Sectors.<\/p>\r\n<!-- \/wp:paragraph -->\r\n\r\n<!-- wp:paragraph -->\r\n<p><strong>1 pm.<\/strong><br> Conclusions.<\/p>\r\n<!-- \/wp:paragraph -->    <!-- sktbuilder starter --><script type=\"text\/javascript\" src=\"https:\/\/jcc.info.unlp.edu.ar\/wp-content\/plugins\/skt-builder\/sktbuilder\/sktbuilder-frontend-starter.js\"><\/script><script type=\"text\/javascript\" src=\"https:\/\/jcc.info.unlp.edu.ar\/wp-content\/plugins\/skt-builder\/sktbuilder-wordpress-driver.js\"><\/script><script type=\"text\/javascript\"> var starter = new SktbuilderStarter({\"mode\": \"prod\", \"skip\":[\"jquery\",\"underscore\",\"backbone\"],\"sktbuilderUrl\": \"https:\/\/jcc.info.unlp.edu.ar\/wp-content\/plugins\/skt-builder\/sktbuilder\/\", \"driver\": new SktbuilderWordpressDriver({\"ajaxUrl\": \"https:\/\/jcc.info.unlp.edu.ar\/wp-admin\/admin-ajax.php\", \"iframeUrl\": \"https:\/\/jcc.info.unlp.edu.ar\/en\/i-jornada-de-cloud-computing-17-a-19-de-junio-de-2013\/?sktbuilder=true\", \"pageId\": 3470, \"pages\": [{\"title\":\"Main Topics\",\"url\":\"https:\\\/\\\/jcc.info.unlp.edu.ar\\\/wp-admin\\\/post.php?post=11&action=sktbuilder\"},{\"title\":\"Programme\",\"url\":\"https:\\\/\\\/jcc.info.unlp.edu.ar\\\/wp-admin\\\/post.php?post=13&action=sktbuilder\"},{\"title\":\"Location\",\"url\":\"https:\\\/\\\/jcc.info.unlp.edu.ar\\\/wp-admin\\\/post.php?post=24&action=sktbuilder\"},{\"title\":\"Companies\",\"url\":\"https:\\\/\\\/jcc.info.unlp.edu.ar\\\/wp-admin\\\/post.php?post=26&action=sktbuilder\"},{\"title\":\"Organization access\",\"url\":\"https:\\\/\\\/jcc.info.unlp.edu.ar\\\/wp-admin\\\/post.php?post=30&action=sktbuilder\"}], \"page\": \"1st Conference on Cloud Computing - 2013\" }) });<\/script><!-- end sktbuilder starter -->","protected":false},"excerpt":{"rendered":"<p>Scientific Committee Coordinator: Armando De Giusti (UNLP) Ardenghi Jorge (UNS) Bertogna, Leandro (Intel) Denham M\u00f3nica (UNRN) Diaz, Javier (UNLP) Doallo, Ram\u00f3n (UDC &#8211; Spain) Echaiz, Javier (UNS) Garcia Garino, Carlos (UNCuyo) Luque, Emilio (UAB &#8211; Spain) Mar\u00edn, Mauricio (Yahoo &#8211; Chile) Naiouf, Marcelo (UNLP) Piccoli, Ma. Fabiana (UNSL) Printista, Marcela (UNSL) Rexachs, Dolores (UAB &#8211;<br \/><a class=\"moretag\" href=\"https:\/\/jcc.info.unlp.edu.ar\/en\/i-jornada-de-cloud-computing-17-a-19-de-junio-de-2013\/\">+ Read More<\/a><\/p>\n","protected":false},"author":1,"featured_media":0,"parent":0,"menu_order":0,"comment_status":"closed","ping_status":"closed","template":"templates\/page-fullwidth_template.php","meta":{"footnotes":""},"class_list":["post-3470","page","type-page","status-publish","hentry"],"_links":{"self":[{"href":"https:\/\/jcc.info.unlp.edu.ar\/en\/wp-json\/wp\/v2\/pages\/3470","targetHints":{"allow":["GET"]}}],"collection":[{"href":"https:\/\/jcc.info.unlp.edu.ar\/en\/wp-json\/wp\/v2\/pages"}],"about":[{"href":"https:\/\/jcc.info.unlp.edu.ar\/en\/wp-json\/wp\/v2\/types\/page"}],"author":[{"embeddable":true,"href":"https:\/\/jcc.info.unlp.edu.ar\/en\/wp-json\/wp\/v2\/users\/1"}],"replies":[{"embeddable":true,"href":"https:\/\/jcc.info.unlp.edu.ar\/en\/wp-json\/wp\/v2\/comments?post=3470"}],"version-history":[{"count":18,"href":"https:\/\/jcc.info.unlp.edu.ar\/en\/wp-json\/wp\/v2\/pages\/3470\/revisions"}],"predecessor-version":[{"id":4653,"href":"https:\/\/jcc.info.unlp.edu.ar\/en\/wp-json\/wp\/v2\/pages\/3470\/revisions\/4653"}],"wp:attachment":[{"href":"https:\/\/jcc.info.unlp.edu.ar\/en\/wp-json\/wp\/v2\/media?parent=3470"}],"curies":[{"name":"wp","href":"https:\/\/api.w.org\/{rel}","templated":true}]}}