{"id":4781,"date":"2023-11-23T21:38:27","date_gmt":"2023-11-24T00:38:27","guid":{"rendered":"https:\/\/jcc.info.unlp.edu.ar\/?page_id=4781"},"modified":"2024-03-19T20:25:03","modified_gmt":"2024-03-19T23:25:03","slug":"xi-jornadas-de-cloud-computing-big-data-emerging-topics-2023","status":"publish","type":"page","link":"https:\/\/jcc.info.unlp.edu.ar\/en\/xi-jornadas-de-cloud-computing-big-data-emerging-topics-2023\/","title":{"rendered":"11th Conference on Cloud Computing, Big Data &#038; Emerging Topics &#8211; 2023"},"content":{"rendered":"<p><\/p>\n<p>\n<a href=\"https:\/\/link.springer.com\/book\/10.1007\/978-3-031-40942-4\" target=\"_blank\" rel=\"noopener noreferrer\"><img loading=\"lazy\" decoding=\"async\" class=\"alignnone\" src=\"\/wp-content\/uploads\/2022\/08\/978-3-031-14599-5.png\" alt=\"Cloud Computing, Big Data &#038; Emerging Topics. 10th Conference, JCC-BD&#038;ET, La Plata, Argentina, June 28-30, 2022, Proceedings.\" width=\"150\" height=\"210\"\/><\/a>&nbsp;&nbsp;&nbsp;&nbsp;&nbsp;&nbsp;<a href=\"http:\/\/sedici.unlp.edu.ar\/handle\/10915\/155281\" target=\"_blank\" rel=\"noopener noreferrer\"><img loading=\"lazy\" decoding=\"async\" class=\"alignnone\" src=\"\/wp-content\/uploads\/2023\/07\/Short-paper-2023-Tapa.jpg\" alt=\"Short papers of the 10th Conference on Cloud Computing, Big Data &#038; Emerging Topics.\" width=\"160\" height=\"210\"\/><\/a><\/p>\n<h3>Scientific Committee<\/h3>\n<p><strong>Coordinator<\/strong>: Naiouf, Marcelo (UNLP, Argentina)<\/p>\n<div class=\"col-6\">\nAb\u00e1solo, Mar\u00eda Jos\u00e9 (UNLP, Argentina)<br \/>\nAguilar, Jos\u00e9 (Universidad de Los Andes, Venezuela)<br \/>\nArdenghi, Jorge (UNS, Argentina)<br \/>\nBalladini, Javier (UNCOMA, Argentina)<br \/>\nBria, Oscar (UNLP, Argentina)<br \/>\nCastro, Silvia (UNS, Argentina)<br \/>\nChichizola, Franco (UNLP, Argentina)<br \/>\nDe Giusti, Armando (UNLP, Argentina)<br \/>\nDe Giusti, Laura (UNLP, Argentina)<br \/>\nDenham, M\u00f3nica (UNRN, Argentina)<br \/>\nDiaz, Javier (UNLP, Argentina)<br \/>\nDoallo, Ram\u00f3n (Universidad da Coru\u00f1a, Spain)<br \/>\nErrecalde, Marcelo (UNSL, Argentina)<br \/>\nEstevez, Elsa (UNS, Argentina)<br \/>\nEzzatti, Pablo (Universidad de la Rep\u00fablica, Uruguay)<br \/>\nFernandez Bariviera, Aurelio (Universitat Rovira i VirgiliSpain, Spain)<br \/>\nFrati, Fernando Emmanuel (UNdeC, Argentina)<br \/>\nGarcia Garino, Carlos (UNCuyo, Argentina)<br \/>\nGarc\u00eda-S\u00e1nchez, Carlos  (Universidad Complutense de Madrid, Spain)<br \/>\nGaudiani, Adriana Ang\u00e9lica (UNGS, Argentina)<br \/>\nGil Costa, Graciela Ver\u00f3nica (UNSL, Argentina)<br \/>\nGuerrero, Roberto (UNSL, Argentina)<br \/>\nHasperu\u00e9, Waldo (UNLP, Argentina)<br \/>\nIgual Pe\u00f1a, Francisco Daniel (Universidad Complutense de Madrid, Spain)<br \/>\nJanowski, Tomasz (Gdansk University of Technolgy, Poland)<br \/>\nLanzarini, Laura (UNLP, Argentina)\n<\/div>\n<div class=\"col-6\">\nLeguizam\u00f3n, Guillermo (UNSL, Argentina)<br \/>\nLuciano, Edimara (Pontificia Universidade Cat\u00f3lica do Rio Grande do Sul, Brazil)<br \/>\nLuque Fad\u00f3n, Emilio (Universidad Aut\u00f3noma de Barcelona, Spain)<br \/>\nMar\u00edn, Mauricio (Universidad de Santiago de Chile, Chile)<br \/>\nMarrone, Luis (UNLP, Argentina)<br \/>\nOlcoz Herrero, Katzalin (Universidad Complutense de Madrid, Spain)<br \/>\nOlivas Varela, Jos\u00e9 Angel (Universidad de Castilla-La Mancha, Spain)<br \/>\nPardo, Xoan (Universidad da Coru\u00f1a, Spain)<br \/>\nPesado, Patricia (UNLP, Argentina)<br \/>\nPiattini, Mario (Universidad de Castilla-La Mancha, Spain)<br \/>\nPiccoli, Mar\u00eda Fabiana (UNSL, Argentina)<br \/>\nPi\u00f1uel, Luis (Universidad Complutense de Madrid, Spain)<br \/>\nPousa, Adrian (UNLP, Argentina)<br \/>\nPrintista, Marcela (UNSL, Argentina)<br \/>\nRexachs del Rosario, Dolores Isabel (Universidad Aut\u00f3noma de Barcelona, Spain)<br \/>\nRodr\u00edguez, Nelson (UNSJ, Argentina)<br \/>\nRucci, Enzo (UNLP, Argentina)<br \/>\nSaez Alcaide, Juan Carlos (Universidad Complutense de Madrid, Spain)<br \/>\nS\u00e1nchez, Aurora (Universidad Cat\u00f3lica del Norte, Chile)<br \/>\nSanz, Victoria (UNLP, Argentina)<br \/>\nSuppi, Remo (Universidad Aut\u00f3noma de Barcelona, Spain)<br \/>\nTirado, Francisco (Universidad Complutense de Madrid, Spain)<br \/>\nTouri\u00f1o Dominguez, Juan (Universidad da Coru\u00f1a, Spain)<br \/>\nViale Pereira, Gabriela (Danube University Krems, Austria)<br \/>\nWong, Alvaro (Universidad Aut\u00f3noma de Barcelona, Spain)<br \/>\nZarza, Gonzalo (Globant, Argentina)\n<\/div>\n<p>&nbsp;<br \/>\n&nbsp;\n<\/p><\/div>\n<h3>Schedule<\/h3>\n<div class=\"\">\n<table border=\"1\">\n<tbody>\n<tr>\n<td width=\"33%\"><strong>Tuesday 27-6<\/strong><\/td>\n<td width=\"33%\"><strong>Wednesday 28-6<\/strong><\/td>\n<td width=\"33%\"><strong>Thursday 29-6<\/strong><\/td>\n<\/tr>\n<tr>\n<td width=\"33%\" style=\"vertical-align:top;\"><strong>9 am<\/strong><br \/>\nOpening Ceremony.<br \/>\n<br \/>\n<strong>9.30 am <\/strong><br \/>\nOpening Dissertation <strong>&#8220;Ingenier\u00eda del Software para la Computaci\u00f3n Cu\u00e1ntica: Retos y Oportunidades&#8221;<\/strong>. <em>Ph.D. Mario Piattini (UCLM &#8211; Spain)<\/em>.<br \/>\n<br \/>\n<strong>10.40 am <\/strong><br \/>\nBREAK.<br \/>\n<br \/>\n<strong>11 am<\/strong><br \/>\nPresentations &#8211; TRACK 1.<br \/>\n<br \/>\n<strong>1 pm <\/strong><br \/>\nBREAK.<br \/>\n<br \/>\n<strong>2.30 pm<\/strong><br \/>\nPresentations &#8211; TRACK 2.<br \/>\n<br \/>\n<strong>4.30 pm<\/strong><br \/>\nBREAK.<br \/>\n<br \/>\n<strong>5 pm<\/strong><br \/>\nFree meetings.\n<\/td>\n<td width=\"33%\" style=\"vertical-align:top;\"><strong>9 am<\/strong><br \/>\nPresentations &#8211; TRACK 3.<br \/>\n<br \/>\n<strong>10.40 am <\/strong><br \/>\nBREAK.<br \/>\n<br \/>\n<strong>11 am<\/strong><br \/>\nPresentations &#8211; TRACK 4.<br \/>\n<br \/>\n<strong>1 pm <\/strong><br \/>\nBREAK.<br \/>\n<br \/>\n<strong>2.30 pm<\/strong><br \/>\nPresentations &#8211; TRACK 5.<br \/>\n<br \/>\n<strong>4.30 pm <\/strong><br \/>\nBREAK.<br \/>\n<br \/>\n<strong>5 pm <\/strong><br \/>\nFree Meetings.\n<\/td>\n<td width=\"33%\" style=\"vertical-align:top;\"><strong>9 am <\/strong><br \/>\nPresentations &#8211; TRACK 6.<br \/>\n<br \/>\n<strong>10.40 am <\/strong><br \/>\nBREAK.<br \/>\n<br \/>\n<strong>11 am <\/strong><br \/>\nPanel of Companie <strong>&#8220;IA y nuevas aplicaciones en la industria del Software&#8221;<\/strong>.<br \/>\n<br \/>\n<strong>1 pm <\/strong><br \/>\nClosing of the JCC-BD&#038;ET.<br \/>\nBREAK<br \/>\n<br \/>\n<strong>2.30 pm <\/strong><br \/>\nMeeting of the CCC-BD&#038;ET.<br \/>\n<br \/>\n<strong>4.30 pm <\/strong><br \/>\nBREAK<br \/>\n<br \/>\n<strong>5 pm <\/strong><br \/>\nFree meetings.\n<\/td>\n<\/tr>\n<p><\/body><br \/>\n<\/table>\n<\/div>\n<p>&nbsp;<br \/>\nPostgraduate courses associated with the JCC-BD&#038;ET: <\/p>\n<ul>\n<li><strong>&#8220;An\u00e1lisis Inteligente de Datos en Entornos de Big Data&#8221;<\/strong>. <em>Ph.D. Jos\u00e9 \u00c1ngel Olivas Varela (UCLM \u2013 Spain)<\/em>.<\/li>\n<li><strong>&#8220;Infraestructura Software para el Procesamiento de Big Data&#8221;<\/strong>. <em>Ph.D. Remo Suppi (UAB &#8211; Spain)<\/em>.<\/li>\n<\/ul>\n<p>&nbsp;<\/p>\n<p style=\"text-align: center; margin-top: 50px;\"><strong>Tuesday <\/strong><\/p>\n<p><strong>9 am<\/strong><br \/>\nOpening Ceremony. Award ceremony <strong>Doctorado Honoris Causa de la UNLP<\/strong> to <em>Ph.D. Mario Piattini<\/em> (Universidad de Castilla La Mancha &#8211; Spain).<br \/>\n&nbsp;<br \/>\n<strong>9.30 am<\/strong><br \/>\nOpening Dissertation <strong>&#8220;Ingenier\u00eda del Software para la Computaci\u00f3n Cu\u00e1ntica: Retos y Oportunidades&#8221;<\/strong>. <em>Ph.D. Mario Piattini <\/em>(Universidad de Castilla La Mancha &#8211; Spain). <\/p>\n<p>&nbsp;<\/p>\n<p><strong>11 am &#8211; TRACK 1<\/strong><br \/>\nPresentations:<\/p>\n<ul>\n<li><strong>Exploring Heterogeneous Computing Environments: A Preliminary Analysis of Python and SYCL Performance.<\/strong> (Full paper)<\/li>\n<p><em>Youssef Faqir-Rhazoui, Carlos Garc\u00eda.<\/em><\/p>\n<li><strong>Towards reducing communications in sparse matrix kernels.<\/strong> (Full paper)<\/li>\n<p><em>Manuel Freire, Ra\u00fal Marichal, Ernesto Dufrechou, Pablo Ezzatti.<\/em><\/p>\n<li><strong>Distributed architectures based on Edge Computing, Fog Computing and End Devices: a conceptual review incorporating resilience aspects.<\/strong> (Full paper)<\/li>\n<p><em>Santiago Medina, Diego Montezanti, Lucas G\u00f3mez D\u00b4Orazio, Francisco Garay, Armando De Giusti, Marcelo Naiouf.<\/em><\/p>\n<li><strong>Resilience analysis of an Emergency Department in stressful situations.<\/strong> (Full paper)<\/li>\n<p><em>Mariela Rodriguez, Francesc Boixader, Francisco Epelde, Eva Bruballa, Armando De Giusti, Alvaro Wong, Dolores Rexachs, Emilio Luque.<\/em><\/p>\n<li><strong>Modelling Chronic Kidney Disease progression using ABM: a work in progress.<\/strong> (Short paper)<\/li>\n<p><em>Candelaria Alvarez, Jose Ibeas, Javier Balladini, Remo Suppi.<\/em><\/p>\n<li><strong>Brief Performance Portability Analysis of a Matrix Multiplication Kernel on Nvidia, Intel and AMD GPUs.<\/strong> (Short paper)<\/li>\n<p><em>Manuel Costanzo, Enzo Rucci, Carlos Garcia-Sanchez, Marcelo Naiouf.<\/em><\/p>\n<li><strong>An approach to support generic topologies in distributed PSO algorithms in Spark.<\/strong> (Short paper)<\/li>\n<p><em>Xo\u00e1n C. Pardo, Patricia Gonz\u00e1lez, Julio R. Banga, Ram\u00f3n Doallo.<\/em><\/p>\n<li><strong>A Preliminary study of vehicular traffic distribution in Great Mendoza area. Use of IoT tools.<\/strong> (Short paper)<\/li>\n<p><em>Osvaldo Marianetti, Pablo Godoy, Ernesto Chediak, Daniel Fontana, Carlos Garc\u00eda Garino.<\/em><\/p>\n<\/ul>\n<p>&nbsp;<\/p>\n<p><strong>2.30 pm &#8211; TRACK 2<\/strong><br \/>\nPresentations:<\/p>\n<ul>\n<li><strong>Parallel Model of Online Sequential Extreme Learning Machines for Classification Problems with Large-Scale Databases.<\/strong> (Short paper)<\/li>\n<p><em>Elkin Gelvez-Almeida, Ricardo J. Barrientos, Karina Vilches-Ponce, Marco Mora.<\/em><\/p>\n<p><!--\n\n<li><strong>Data Analysis for Telecommunications services.<\/strong> (Short paper)<\/li>\n\n\n\n<p><em>Marcelo D. Caiafa, Ariel R. Aurelio, \tAlejandro Bevilacqua.<\/em><\/p>\n\n--><\/p>\n<li><strong>Methodology to define a static allocation mapping based on memory access patterns and the Signature of MPI applications in HPC systems.<\/strong> (Full paper)<\/li>\n<p><em>Gerard Enrique, Eva Bruballa, Remo Suppi, Alvaro Wong, Emilio Luque, Dolores Rexachs.<\/em><\/p>\n<li><strong>Drug repurposing using knowledge graph embeddings with a focus on vector-borne diseases: a model comparison.<\/strong> (Full paper)<\/li>\n<p><em>Diego L\u00f3pez Yse, Diego Torres.<\/em><\/p>\n<li><strong>CoVaMaT: Functionality for Variety Reuse through a Supporting Tool.<\/strong> (Full paper)<\/li>\n<p><em>Liam Osycka, Alejandra Cechich, Agustina Buccella, Ayel\u00e9n Montenegro, Angel Mu\u00f1oz.<\/em><\/p>\n<li><strong>Local Pluralistic Homophily in Networks: A New Measure Based on Overlapping Communities.<\/strong> (Full paper)<\/li>\n<p><em>Fernando Barraza,  Carlos Ramirez, Alejandro Fern\u00e1ndez.<\/em><\/p>\n<li><strong>A Model of Reusable Variation in Big Data System Development.<\/strong> (Full paper)<\/li>\n<p><em>Alejandra Cechich, Agustina Buccella, Carolina Villegas, Ayel\u00e9n Montenegro, Angel Mu\u00f1oz, Andrea Rodr\u00edguez.<\/em><\/p>\n<\/ul>\n<p>&nbsp;<br \/>\n&nbsp;<\/p>\n<p style=\"text-align: center;\"><strong>Wednesday <\/strong><\/p>\n<p><strong>9 am &#8211; TRACK 3<\/strong><br \/>\nPresentations:<\/p>\n<ul>\n<li><strong>Estimation of the results of the 2023 Parliamentary Elections in Spain using similarity and causal relationships.<\/strong> (Full paper)<\/li>\n<p><em>Antonio Lorenzo, Jos\u00e9 A. Olivas.<\/em><\/p>\n<li><strong>The implementation of the RISE algorithm for the Captum framework.<\/strong> (Full paper)<\/li>\n<p><em>Oscar Stanchi, Franco Ronchetti, Facundo Quiroga.<\/em><\/p>\n<li><strong>Intermediate Task Transfer Learning and Weakly Supervised Training in Histopathology.<\/strong> (Full paper)<\/li>\n<p><em>Mart\u00edn N. Gram\u00e1tica, Mario A. Garc\u00eda, Juan P. Ricapito.<\/em><\/p>\n<li><strong>Analyzing Network Graph Representations for Reinforcement Learning.<\/strong> (Full paper)<\/li>\n<p><em>Esteban Schab, Carlos Casanova, Fabiana Piccoli.<\/em><\/p>\n<li><strong>An architecture and a new deep learning method for Head and Neck Cancer Prognosis by analyzing serial Positron Emission Tomography images.<\/strong> (Full paper)<\/li>\n<p><em>Remigio Hurtado, Stefan\u00eda Guzm\u00e1n, Arantxa Mu\u00f1oz.<\/em><\/p>\n<\/ul>\n<p>&nbsp;<\/p>\n<p><strong>11 am &#8211; TRACK 4<\/strong><br \/>\nPresentations:<\/p>\n<ul>\n<li><strong>An analysis of satellite-based Machine Learning models to estimate global solar irradiance at a horizontal plane.<\/strong> (Full paper)<\/li>\n<p><em>Paula Iturbide, Rodrigo Alonso-Suarez, Franco Ronchetti.<\/em><\/p>\n<li><strong>A maturity model for data governance, data quality management, and data management.<\/strong> (Full paper)<\/li>\n<p><em>Ismael Caballero, Fernando Gualo, Mois\u00e9s Rodrg\u00eduez, Mario Piattini.<\/em><\/p>\n<li><strong>Data strategy design for organizations and its adaptation to smart cities.<\/strong> (Full paper)<\/li>\n<p><em>Fabiola del Toro Osorio, Elsa Est\u00e9vez, Victoria E. Ospina Becerra.<\/em><\/p>\n<li><strong> Artificial Intelligence in the development of eco-innovations.<\/strong> (Full paper)<\/li>\n<p><em>Zornitsa Yordanova.<\/em><\/p>\n<li><strong>Examining factors of acceptance and use of technology in digital services in the context of Ecuador.<\/strong> (Full paper)<\/li>\n<p><em>Pablo Pintado, Sebasti\u00e1n Wiesner, Daniela Prado, Elsa Estevez.<\/em><\/p>\n<li><strong>Visibility of women in the software development life cycle.<\/strong> (Full paper)<\/li>\n<p><em>Marlene Negrier, Jorge Hochstetter Diez, Felipe V\u00e1squez, Rodrigo Cadena.<\/em><\/p>\n<\/ul>\n<p>&nbsp;<\/p>\n<p><strong>2.30 pm &#8211; TRACK 5<\/strong><br \/>\nPresentations:<\/p>\n<ul>\n<li><strong>Publication of Linked Open Data \u2013 A Systematic Literature Review for Identifying Problems and Technological Tools Supporting the Process.<\/strong> (Full paper)<\/li>\n<p><em>Jairo H. Silva Aguilar, Elsa Estevez.<\/em><\/p>\n<li><strong>Taxonomy of factors of acceptance and use of technologies for HCI in digital services.<\/strong> (Full paper)<\/li>\n<p><em>Pablo Pintado, Irvin Jaramillo, Daniela Prado, Elsa estevez.<\/em><\/p>\n<li><strong>UVAM : The Unified Visual Analytics Model. The Unified Visualization Model revisited.<\/strong> (Full paper)<\/li>\n<p><em>Maria L. Ganuza, Dana K. Urribarri, Mart\u00edn L. Larrea, Silvia M. Castro.  <\/em><\/p>\n<li><strong>Exergames: Proposal for a gamepad to sense player movements.<\/strong> (Full paper)<\/li>\n<p><em>Aldana del Gener, Cecilia Sanz, Luciano Iglesias.<\/em><\/p>\n<li><strong>Immersive Virtual Reality and Natural Language Processing: a System as Assistive Technology for Inclusive Learning processes.<\/strong> (Full paper)<\/li>\n<p><em>Yoselie Alvarado,  Roberto Guerero, Francisco Ser\u00f3n.<\/em><\/p>\n<li><strong>A dataset and post-processing method for pointing device human-machine interface evaluation.<\/strong> (Full paper)<\/li>\n<p><em>Roc\u00edo Madou, Federico N. Guerrero, Enrique M. Spinelli.<\/em><\/p>\n<\/ul>\n<p>&nbsp;<br \/>\n&nbsp;<\/p>\n<p style=\"text-align: center;\"><strong>Thursday <\/strong><\/p>\n<p><strong>9 am &#8211; TRACK 6<\/strong><br \/>\nPresentations:<\/p>\n<ul>\n<li><strong>Comparing and evaluating tools for Sentiment Analysis.<\/strong> (Short paper)<\/li>\n<p><em>Franco M. Borrelli, Cecilia Challiol.<\/em><\/p>\n<li><strong>Early detection of grapevine diseases using pre-trained Convolutional Neural Networks.<\/strong> (Short paper)<\/li>\n<p><em>Cristian E. Rios, C\u00e9sar A. Estrebou, F. Emmanuel Frati.<\/em><\/p>\n<li><strong>Use of Scalable Fuzzy Time Series Methods to predict Electrical Demand.<\/strong> (Short paper)<\/li>\n<p><em>Jose M. Rubio Le\u00f3n,  Jos\u00e9 M. Rubio Cienfuegos.<\/em><\/p>\n<li><strong>NoSQL Database Design Processes &#8211; A Comparative Study.<\/strong> (Short paper)<\/li>\n<p><em>Luciano Marreno, Verena Olsowy, Pablo Thomas.<\/em><\/p>\n<li><strong>Integrating Oceanographic Sensor Data Using SSN\/SOSA Ontology.<\/strong> (Short paper)<\/li>\n<p><em>Gustavo Nu\u00f1ez,  Carlos Bucke, Marcos Zarate.<\/em><\/p>\n<li><strong>Data Analysis for Telecommunications services.<\/strong> (Short paper)<\/li>\n<p><em>Marcelo D. Caiafa, Ariel R. Aurelio, \tAlejandro Bevilacqua.<\/em><\/p>\n<\/ul>\n<p>&nbsp;<\/p>\n<p><strong>11 am &#8211; Panel of Companie<\/strong><br \/>\n<strong>&#8220;IA y nuevas aplicaciones en la industria del Software&#8221;. <\/strong><br \/>\n&nbsp;<\/p>\n<p><strong>1 pm <\/strong><br \/>\nClosing of the JCC-BD&amp;ET 2023.<br \/>\n&nbsp;<\/p>\n<p><strong>2.30 pm <\/strong><br \/>\nMeeting of the CCC-BD&#038;ET.<\/p>\n    <!-- sktbuilder starter --><script type=\"text\/javascript\" src=\"https:\/\/jcc.info.unlp.edu.ar\/wp-content\/plugins\/skt-builder\/sktbuilder\/sktbuilder-frontend-starter.js\"><\/script><script type=\"text\/javascript\" src=\"https:\/\/jcc.info.unlp.edu.ar\/wp-content\/plugins\/skt-builder\/sktbuilder-wordpress-driver.js\"><\/script><script type=\"text\/javascript\"> var starter = new SktbuilderStarter({\"mode\": \"prod\", \"skip\":[\"jquery\",\"underscore\",\"backbone\"],\"sktbuilderUrl\": \"https:\/\/jcc.info.unlp.edu.ar\/wp-content\/plugins\/skt-builder\/sktbuilder\/\", \"driver\": new SktbuilderWordpressDriver({\"ajaxUrl\": \"https:\/\/jcc.info.unlp.edu.ar\/wp-admin\/admin-ajax.php\", \"iframeUrl\": \"https:\/\/jcc.info.unlp.edu.ar\/en\/xi-jornadas-de-cloud-computing-big-data-emerging-topics-2023\/?sktbuilder=true\", \"pageId\": 4781, \"pages\": [{\"title\":\"Main Topics\",\"url\":\"https:\\\/\\\/jcc.info.unlp.edu.ar\\\/wp-admin\\\/post.php?post=11&action=sktbuilder\"},{\"title\":\"Programme\",\"url\":\"https:\\\/\\\/jcc.info.unlp.edu.ar\\\/wp-admin\\\/post.php?post=13&action=sktbuilder\"},{\"title\":\"Location\",\"url\":\"https:\\\/\\\/jcc.info.unlp.edu.ar\\\/wp-admin\\\/post.php?post=24&action=sktbuilder\"},{\"title\":\"Companies\",\"url\":\"https:\\\/\\\/jcc.info.unlp.edu.ar\\\/wp-admin\\\/post.php?post=26&action=sktbuilder\"},{\"title\":\"Organization access\",\"url\":\"https:\\\/\\\/jcc.info.unlp.edu.ar\\\/wp-admin\\\/post.php?post=30&action=sktbuilder\"}], \"page\": \"11th Conference on Cloud Computing, Big Data & Emerging Topics - 2023\" }) });<\/script><!-- end sktbuilder starter -->","protected":false},"excerpt":{"rendered":"<p>&nbsp;&nbsp;&nbsp;&nbsp;&nbsp;&nbsp; Scientific Committee Coordinator: Naiouf, Marcelo (UNLP, Argentina) Ab\u00e1solo, Mar\u00eda Jos\u00e9 (UNLP, Argentina) Aguilar, Jos\u00e9 (Universidad de Los Andes, Venezuela) Ardenghi, Jorge (UNS, Argentina) Balladini, Javier (UNCOMA, Argentina) Bria, Oscar (UNLP, Argentina) Castro, Silvia (UNS, Argentina) Chichizola, Franco (UNLP, Argentina) De Giusti, Armando (UNLP, Argentina) De Giusti, Laura (UNLP, Argentina) Denham, M\u00f3nica (UNRN, Argentina) Diaz,<br \/><a class=\"moretag\" href=\"https:\/\/jcc.info.unlp.edu.ar\/en\/xi-jornadas-de-cloud-computing-big-data-emerging-topics-2023\/\">+ Read More<\/a><\/p>\n","protected":false},"author":1,"featured_media":0,"parent":0,"menu_order":0,"comment_status":"closed","ping_status":"closed","template":"templates\/page-fullwidth_template.php","meta":{"footnotes":""},"class_list":["post-4781","page","type-page","status-publish","hentry"],"_links":{"self":[{"href":"https:\/\/jcc.info.unlp.edu.ar\/en\/wp-json\/wp\/v2\/pages\/4781","targetHints":{"allow":["GET"]}}],"collection":[{"href":"https:\/\/jcc.info.unlp.edu.ar\/en\/wp-json\/wp\/v2\/pages"}],"about":[{"href":"https:\/\/jcc.info.unlp.edu.ar\/en\/wp-json\/wp\/v2\/types\/page"}],"author":[{"embeddable":true,"href":"https:\/\/jcc.info.unlp.edu.ar\/en\/wp-json\/wp\/v2\/users\/1"}],"replies":[{"embeddable":true,"href":"https:\/\/jcc.info.unlp.edu.ar\/en\/wp-json\/wp\/v2\/comments?post=4781"}],"version-history":[{"count":6,"href":"https:\/\/jcc.info.unlp.edu.ar\/en\/wp-json\/wp\/v2\/pages\/4781\/revisions"}],"predecessor-version":[{"id":4783,"href":"https:\/\/jcc.info.unlp.edu.ar\/en\/wp-json\/wp\/v2\/pages\/4781\/revisions\/4783"}],"wp:attachment":[{"href":"https:\/\/jcc.info.unlp.edu.ar\/en\/wp-json\/wp\/v2\/media?parent=4781"}],"curies":[{"name":"wp","href":"https:\/\/api.w.org\/{rel}","templated":true}]}}