{"id":5008,"date":"2025-01-02T21:33:31","date_gmt":"2025-01-03T00:33:31","guid":{"rendered":"https:\/\/jcc.info.unlp.edu.ar\/?page_id=5008"},"modified":"2025-01-02T21:55:34","modified_gmt":"2025-01-03T00:55:34","slug":"xii-jornadas-de-cloud-computing-big-data-emerging-topics-2024","status":"publish","type":"page","link":"https:\/\/jcc.info.unlp.edu.ar\/en\/xii-jornadas-de-cloud-computing-big-data-emerging-topics-2024\/","title":{"rendered":"12th Conference on Cloud Computing, Big Data &#038; Emerging Topics &#8211; 2024"},"content":{"rendered":"<p><\/p>\n<p>\n<a href=\"https:\/\/link.springer.com\/book\/10.1007\/978-3-031-70807-7\" target=\"_blank\" rel=\"noopener noreferrer\"><img loading=\"lazy\" decoding=\"async\" class=\"alignnone\" src=\"\/wp-content\/uploads\/2024\/10\/Cover-JCC-2024-Springer.jpg\" alt=\"Cloud Computing, Big Data &#038; Emerging Topics. 12th Conference, JCC-BD&amp;ET 2024, La Plata, Argentina, June 25-27, 2024, Proceedings.\" width=\"150\" height=\"210\"\/><\/a>&nbsp;&nbsp;&nbsp;&nbsp;&nbsp;&nbsp;<a href=\"https:\/\/sedici.unlp.edu.ar\/handle\/10915\/171300\" target=\"_blank\" rel=\"noopener noreferrer\"><img loading=\"lazy\" decoding=\"async\" class=\"alignnone\" src=\"\/wp-content\/uploads\/2024\/10\/SP-JCC-2024.jpg\" alt=\"Short papers of the 12th Conference on Cloud Computing, Big Data &#038; Emerging Topics.\" width=\"160\" height=\"210\"\/><\/a><\/p>\n<h3>Scientific Committee<\/h3>\n<p><strong>Coordinator<\/strong>: Naiouf, Marcelo (UNLP, Argentina)<br \/>\n&nbsp;<\/p>\n<div class=\"col-6\">\nAb\u00e1solo, Mar\u00eda Jos\u00e9 (UNLP, Argentina)<br \/>\nAguilar, Jos\u00e9 (Universidad de Los Andes, Venezuela)<br \/>\nArdenghi, Jorge (UNS, Argentina)<br \/>\nBalladini, Javier (UNCOMA, Argentina)<br \/>\nBria, Oscar (UNLP, Argentina)<br \/>\nCastro, Silvia (UNS, Argentina)<br \/>\nChichizola, Franco (UNLP, Argentina)<br \/>\nDe Giusti, Armando (UNLP, Argentina)<br \/>\nDe Giusti, Laura (UNLP, Argentina)<br \/>\nDenham, M\u00f3nica (UNRN, Argentina)<br \/>\nDiaz, Javier (UNLP, Argentina)<br \/>\nDoallo, Ram\u00f3n (Universidad da Coru\u00f1a, Spain)<br \/>\nErrecalde, Marcelo (UNSL, Argentina)<br \/>\nEstevez, Elsa (UNS, Argentina)<br \/>\nEzzatti, Pablo (Universidad de la Rep\u00fablica, Uruguay)<br \/>\nFernandez Bariviera, Aurelio (Universitat Rovira i VirgiliSpain, Spain)<br \/>\nFrati, Fernando Emmanuel (UNdeC, Argentina)<br \/>\nGarcia Garino, Carlos (UNCuyo, Argentina)<br \/>\nGarc\u00eda-S\u00e1nchez, Carlos  (Universidad Complutense de Madrid, Spain)<br \/>\nGaudiani, Adriana Ang\u00e9lica (UNGS, Argentina)<br \/>\nGil Costa, Graciela Ver\u00f3nica (UNSL, Argentina)<br \/>\nGuerrero, Roberto (UNSL, Argentina)<br \/>\nHasperu\u00e9, Waldo (UNLP, Argentina)<br \/>\nIgual Pe\u00f1a, Francisco Daniel (Universidad Complutense de Madrid, Spain)<br \/>\nJanowski, Tomasz (Gdansk University of Technolgy, Poland)<br \/>\nLanzarini, Laura (UNLP, Argentina)\n<\/div>\n<div class=\"col-6\">\nLeguizam\u00f3n, Guillermo (UNSL, Argentina)<br \/>\nLuciano, Edimara (Pontificia Universidade Cat\u00f3lica do Rio Grande do Sul, Brazil)<br \/>\nLuque Fad\u00f3n, Emilio (Universidad Aut\u00f3noma de Barcelona, Spain)<br \/>\nMar\u00edn, Mauricio (Universidad de Santiago de Chile, Chile)<br \/>\nMarrone, Luis (UNLP, Argentina)<br \/>\nOlcoz Herrero, Katzalin (Universidad Complutense de Madrid, Spain)<br \/>\nOlivas Varela, Jos\u00e9 Angel (Universidad de Castilla-La Mancha, Spain)<br \/>\nPardo, Xoan (Universidad da Coru\u00f1a, Spain)<br \/>\nPesado, Patricia (UNLP, Argentina)<br \/>\nPiattini, Mario (Universidad de Castilla-La Mancha, Spain)<br \/>\nPiccoli, Mar\u00eda Fabiana (UNSL, Argentina)<br \/>\nPi\u00f1uel, Luis (Universidad Complutense de Madrid, Spain)<br \/>\nPousa, Adrian (UNLP, Argentina)<br \/>\nPrintista, Marcela (UNSL, Argentina)<br \/>\nRexachs del Rosario, Dolores Isabel (Universidad Aut\u00f3noma de Barcelona, Spain)<br \/>\nRodr\u00edguez, Nelson (UNSJ, Argentina)<br \/>\nRucci, Enzo (UNLP, Argentina)<br \/>\nSaez Alcaide, Juan Carlos (Universidad Complutense de Madrid, Spain)<br \/>\nS\u00e1nchez, Aurora (Universidad Cat\u00f3lica del Norte, Chile)<br \/>\nSanz, Victoria (UNLP, Argentina)<br \/>\nSuppi, Remo (Universidad Aut\u00f3noma de Barcelona, Spain)<br \/>\nTirado, Francisco (Universidad Complutense de Madrid, Spain)<br \/>\nTouri\u00f1o Dominguez, Juan (Universidad da Coru\u00f1a, Spain)<br \/>\nViale Pereira, Gabriela (Danube University Krems, Austria)<br \/>\nWong, Alvaro (Universidad Aut\u00f3noma de Barcelona, Spain)<br \/>\nZarza, Gonzalo (Globant, Argentina)\n<\/div>\n<p>&nbsp;<br \/>\n&nbsp;<\/p>\n<h3>Schedule<\/h3>\n<div class=\"\">\n<table border=\"1\">\n<tbody>\n<tr>\n<td style=\"vertical-align: center; background-color: #999;\" width=\"10%\"><strong><center>Time<\/center><\/strong><\/td>\n<td style=\"vertical-align: center; background-color: #999;\" width=\"20%\"><strong><center>Tuesday 25-6<\/center><\/strong><\/td>\n<td style=\"vertical-align: center; background-color: #999;\" width=\"20%\"><strong><center>Wednesday 26-6<\/center><\/strong><\/td>\n<td style=\"vertical-align: center; background-color: #999;\" width=\"20%\"><strong><center>Thursday 27-6<\/center><\/strong><\/td>\n<\/tr>\n<tr>\n<td style=\"vertical-align: center; background-color: #999;\" width=\"10%\"><strong><center>9 am <\/center><\/strong><\/td>\n<td style=\"vertical-align: center;\" width=\"20%\">Opening Ceremony.<\/td>\n<td style=\"vertical-align: center; background-color: #EEE;\" width=\"20%\">Presentations &#8211; TRACK 3.<\/td>\n<td style=\"vertical-align: center; background-color: #EEE;\" rowspan=\"2\" width=\"20%\">Presentations &#8211; TRACK 6.<\/td>\n<\/tr>\n<tr>\n<td style=\"vertical-align: center;  background-color: #999;\" width=\"10%\"><strong><center>9.30 am <\/center><\/strong><\/td>\n<td style=\"vertical-align: center;\" width=\"20%\">Opening Dissertation <strong>&#8220;Dise\u00f1o de microservicios. Que sabemos hacer?. Que nos falta saber?&#8221;<\/strong>. <em>Ph.D. Gustavo Rossi (UNLP)<\/em>.<\/td>\n<td style=\"vertical-align: center;\" width=\"20%\">Conference <strong>&#8220;Conectividad IoT por sat\u00e9lite: retos y soluciones&#8221;<\/strong>. <em>Ph.D. Luis Pi\u00f1uel (UCM &#8211; Spain)<\/em>.<\/td>\n<\/tr>\n<tr>\n<td style=\"vertical-align: center;  background-color: #999;\" width=\"10%\"><strong><center>10.30 am<\/center><\/strong><\/td>\n<td style=\"vertical-align: center;\" width=\"20%\">Break.<\/td>\n<td style=\"vertical-align: center;\" width=\"20%\">Break.<\/td>\n<td style=\"vertical-align: center;\" width=\"20%\">Break.<\/td>\n<\/tr>\n<tr>\n<td style=\"vertical-align: center; background-color: #999;\" width=\"10%\"><strong><center>11 am<\/center><\/strong><\/td>\n<td style=\"vertical-align: center; background-color: #EEE;\" width=\"20%\">Presentations &#8211; TRACK 1.<\/td>\n<td style=\"vertical-align: center; background-color: #EEE;\" width=\"20%\">Presentations &#8211; TRACK 4.<\/td>\n<td style=\"vertical-align: center; background-color: #EEE;\" width=\"20%\">Presentations &#8211; TRACK 7.<\/td>\n<\/tr>\n<tr>\n<td style=\"vertical-align: center;  background-color: #999;\" width=\"10%\"><strong><center>12.30 pm<\/center> <\/strong><\/td>\n<td style=\"vertical-align: center;\" width=\"20%\">Panel 1. <strong>&#8220;Transici\u00f3n Energ\u00e9tica y Consumo de las TICs. Impacto en el mundo y Argentina&#8221;.<\/strong><\/td>\n<td style=\"vertical-align: center;\" width=\"20%\">Panel 2. <strong>&#8220;Transformaci\u00f3n Digital&#8221;.<\/strong><\/td>\n<td style=\"vertical-align: center;\" width=\"20%\">Panel 3. <strong>&#8220;Instrumentos y Expectativas en la articulaci\u00f3n Academia-Industria&#8221;.<\/strong><\/td>\n<\/tr>\n<tr>\n<td style=\"vertical-align: center;  background-color: #999;\" width=\"10%\"><strong><center>1.30 pm <\/center><\/strong><\/td>\n<td style=\"vertical-align: center;\" width=\"20%\">Break.<\/td>\n<td style=\"vertical-align: center;\" width=\"20%\">Break.<\/td>\n<td style=\"vertical-align: center;\" width=\"20%\">Closing of the JCC-BD&amp;ET.<br \/>\nBreak.<\/td>\n<\/tr>\n<tr>\n<td style=\"vertical-align: center;  background-color: #999;\" width=\"10%\"><strong><center>2.30 pm <\/center><\/strong><\/td>\n<td style=\"vertical-align: center; background-color: #EEE;\" width=\"20%\">Presentations &#8211; TRACK 2.<\/td>\n<td style=\"vertical-align: center; background-color: #EEE;\" width=\"20%\">Presentations &#8211; TRACK 5.<\/td>\n<td style=\"vertical-align: center;\" width=\"20%\">Meeting of the CCC-BD&amp;ET.<\/td>\n<\/tr>\n<\/tbody>\n<\/table>\n<\/div>\n<p>&nbsp;<\/p>\n<p>Postgraduate courses associated with the JCC-BD&amp;ET:<\/p>\n<ul>\n<li><strong>&#8220;Aplicaciones en Ciudades Inteligentes&#8221;<\/strong>. <em>MSc. Pablo Thomas (UNLP)<\/em>.<\/li>\n<li><strong>&#8220;Conceptos y aplicaciones en Big Data&#8221;<\/strong>. <em>Ph.D. Waldo Hasperu\u00e9 (UNLP)<\/em>.<\/li>\n<\/ul>\n<p style=\"text-align: center; margin-top: 50px;\"><strong>Tuesday<\/strong><\/p>\n<p><strong>9 am<\/strong><br \/>\nOpening Ceremony.<\/p>\n<p>&nbsp;<\/p>\n<p><strong>9.30 am<\/strong><br \/>\nOpening Dissertation <strong>&#8220;Dise\u00f1o de microservicios. Que sabemos hacer?. Que nos falta saber?&#8221;<\/strong>.<br \/>\n<em>Ph.D. Gustavo Rossi (UNLP)<\/em>.<\/p>\n<p>&nbsp;<\/p>\n<p><strong>11 am &#8211; TRACK 1 <\/strong><br \/>\nPresentations:<\/p>\n<ul>\n<li><strong>Trends in High Performance Computing and Quantum Computing.<\/strong> (Full paper)<\/li>\n<p><em>Adri\u00e1n Pousa, Victoria Sanz, Marcelo Naiouf, Armando De Giusti.<\/em><\/p>\n<li><strong>Fast genomic data compression on multicore machines.<\/strong> (Full paper)<\/li>\n<p><em>Victoria Sanz, Adri\u00e1n Pousa, Marcelo Naiouf, Armando De Giusti.<\/em><\/p>\n<li><strong>QuantumUnit: A proposal for classic multi-qubit assertion development.<\/strong> (Full paper)<\/li>\n<p><em>Ignacio Garc\u00eda-Rodr\u00edguez de Guzm\u00e1n, Antonio Garc\u00eda de la Barrera Amo, Manuel \u00c1ngel Serrano, Macario Polo, Mario Piattini.<\/em><\/p>\n<li><strong>A Multiserver Unikernel for a Distributed Virtualization System based on Coroutines.<\/strong> (Full paper)<\/li>\n<p><em>Pablo Pessolani.<\/em><\/p>\n<li><strong>Prediction of TCP Firewall Action Using Different Machine Learning Models.<\/strong> (Full paper)<\/li>\n<p><em>Amit Kumar Bairwa, Akshit Kamboj, Sandeep Joshi, Pljonkin Anton Pavlovich, Saroj Hiranwal.<\/em>\n<\/ul>\n<p>&nbsp;<\/p>\n<p><strong>12.30 pm &#8211; Panel 1 <\/strong><br \/>\n<strong>&#8220;Transici\u00f3n Energ\u00e9tica y Consumo de las TICs. Impacto en el mundo y Argentina&#8221;.<\/strong><br \/>\nParticipants:<\/p>\n<ul>\n<li>Ernesto Badaracco (Academia Nacional de Ingenier\u00eda).<\/li>\n<li>Patricia Arnera (Academia de la Ingenier\u00eda de la Provincia de Buenos Aires).<\/li>\n<li>Javier F. D\u00edaz (UNLP).<\/li>\n<\/ul>\n<p>&nbsp;<\/p>\n<p><strong>2.30 pm &#8211; TRACK 2 <\/strong><br \/>\nPresentations:<\/p>\n<ul>\n<li><strong>Towards more efficient initialization methods for Convolutional Neural Networks via K-Means and Principal Components.<\/strong> (Full paper)<\/li>\n<p><em>Federico Rabinovich, Franco Ronchetti, Facundo Quiroga.<\/em><\/p>\n<li><strong>ConvAtt Network: A Low Parameter Approach For Sign Language Recognition.<\/strong> (Full paper)<\/li>\n<p><em>Gast\u00f3n Rios, Pedro Dal Bianco, Franco Ronchetti, Facundo Quiroga, Santiago Ponte Ahon, Oscar Stanchi, Waldo Hasperu\u00e9.<\/em><\/p>\n<li><strong>Optimization of the Breast Cancer Diagnostic Process through a New Method Incorporating Frequent Pattern Discovery and Stacking Based on Machine Learning Techniques.<\/strong> (Full paper)<\/li>\n<p><em>John Sanmart\u00edn, Paulina Azuero, Remigio Hurtado.<\/em><\/p>\n<li><strong>Deep Learning-based instance segmentation of Neural Progenitor Cell nuclei in fluorescence microscopy images.<\/strong> (Full paper)<\/li>\n<p><em>Gabriel P\u00e9rez, Claudia Russo, Maria Laura Palumbo, Alejandro David Moroni.<\/em><\/p>\n<li><strong>CB-RISE: Improving the RISE interpretability method through Convergence Detection and Blurred Perturbations.<\/strong> (Full paper)<\/li>\n<p><em>Oscar Stanchi, Franco Ronchetti, Pedro Dal Bianco, Gast\u00f3n Rios, Santiago Ponte Ahon, Waldo Hasperu\u00e9, Facundo Quiroga.<\/em><\/p>\n<li><strong>Wavelength Calibration of Historical Spectrographic Plates with Dynamic Time Warping.<\/strong> (Full paper)<\/li>\n<p><em>Santiago Andres Ponte Ah\u00f3n, Juan Mart\u00edn Seery, Facundo Quiroga, Franco Ronchetti, Oscar Stanchi, Pedro Dal Bianco, Waldo Hasperu\u00e9, Yael Aidelman, Roberto Gamen.<\/em>\n<\/ul>\n<p>&nbsp;<\/p>\n<p style=\"text-align: center;\"><strong>Wednesday<\/strong><\/p>\n<p><strong>9 am &#8211; TRACK 3 <\/strong><br \/>\nPresentations:<\/p>\n<ul>\n<li><strong>A study on pose-based deep learning models for gloss-free Sign Language Translation.<\/strong> (Full paper)<\/li>\n<p><em>Pedro Dal Bianco, Gast\u00f3n R\u00edos, Waldo Hasperu\u00e9, Oscar Stanchi, Facundo Quiroga, Franco Ronchetti.<\/em><\/p>\n<li><strong>Predicting Bacterial Antibiotic Resistance using MALDI-TOF Mass Spectrometry Databases with ELM Applications.<\/strong> (Full paper)<\/li>\n<p><em>Vicente Macaya Mej\u00edas, David Zabala-Blanco, Xaviera A. L\u00f3pez-Cort\u00e9s, Felipe Tirado, Jos\u00e9 Manr\u00edquez Troncoso, Roberto Ahumada-Garc\u00eda.<\/em>\n<\/ul>\n<p>&nbsp;<\/p>\n<p><strong>9.30 am <\/strong><br \/>\nConference <strong>&#8220;Conectividad IoT por sat\u00e9lite: retos y soluciones&#8221;<\/strong>.<br \/>\n<em>Ph.D. Luis Pi\u00f1uel (UCM &#8211; Spain)<\/em>.<\/p>\n<p>&nbsp;<\/p>\n<p><strong>11 am &#8211; TRACK 4 <\/strong><br \/>\nPresentations:<\/p>\n<ul>\n<li><strong>An Empirical Method for Processing I\/O Traces to Analyze the Performance of DL Applications.<\/strong> (Full paper)<\/li>\n<p><em>Edixon Parraga, Betzabeth Leon, Sandra Mendez, Dolores Rexachs, Remo Suppi, Emilio Luque.<\/em><\/p>\n<li><strong>An ABMS COVID-19 Propagation Model for Hospital Emergency Departments.<\/strong> (Full paper)<\/li>\n<p><em>Morteza Ansari Dogaheh, Manel Taboada, Francisco Epelde, Emilio Luque, Dolores Rexachs, Alvaro Wong.<\/em><\/p>\n<li><strong>Impact of the population pyramid on the emergency service.<\/strong> (Full paper)<\/li>\n<p><em>Ramona Galeano, Alvaro Wong, Dolores Rexachs, Remo Suppi, Eva Bruballa, Francisco Epelde, Emilio Luque.<\/em><\/p>\n<li><strong>Modeling COPD Patient Behavior in Cohort-Based Strategies: Assessing Environmental Impacts and Treatment Efficacy with an Agent-Based Approach.<\/strong> (Full paper)<\/li>\n<p><em>Mohsen Hallaj Asghar, Alvaro Wong, Francisco Epelde, Manel Taboada, Dolores Isabel Rexachs del Rosario, Emilio Luque.<\/em><\/p>\n<li><strong>Dengue Dynamics: Modelling Spread and Environmental Interactions.<\/strong> (Full paper)<\/li>\n<p><em>Joaquin Matto, Joaquin Stella, Lucas Maccallini, Fernando Romero, Diego Encinas.<\/em>\n<\/ul>\n<p>&nbsp;<\/p>\n<p><strong>12.30 pm &#8211; Panel 2 <\/strong><br \/>\n<strong>&#8220;Transformaci\u00f3n Digital&#8221;.<\/strong><br \/>\nParticipants:<\/p>\n<ul>\n<li>Patricia Pesado (UNLP).<\/li>\n<li>Elsa Estevez (UNS).<\/li>\n<li>Daniel Badenes (UNQ).<\/li>\n<\/ul>\n<p>&nbsp;<\/p>\n<p><strong>2.30 pm &#8211; TRACK 5 <\/strong><br \/>\nPresentations:<\/p>\n<ul>\n<li><strong>Tool for quantum-classical software lifecycle.<\/strong> (Full paper)<\/li>\n<p><em>Jes\u00fas P\u00e1rraga Aranda, Ricardo P\u00e9rez del Castillo, Mario Piattini.<\/em><\/p>\n<li><strong>ODP-DASHBOARD: A Cloud-Based Platform for Marine Species Conservation in the South Atlantic with Linked Open Data Integration.<\/strong> (Full paper)<\/li>\n<p><em>Gustavo Nu\u00f1ez, Marcos Z\u00e1rate, Carlos Buckle.<\/em><\/p>\n<li><strong>Object Recognition Models for Indoor Users&#8217; Location.<\/strong> (Full paper)<\/li>\n<p><em>Franco M. Borrelli, Cecilia Challiol.<\/em><\/p>\n<li><strong>Industry 5.0. Digital Twins in the process industry. A bibliometric analysis.<\/strong> (Full paper)<\/li>\n<p><em>Federico Walas Mateo,  Armando De Giusti.<\/em><\/p>\n<li><strong>Strategies to predict students\u2019 exam attendance.<\/strong> (Full paper)<\/li>\n<p><em>Gonzalo L. Villarreal, Ver\u00f3nica Artola.<\/em>\n<\/ul>\n<p>&nbsp;<\/p>\n<p style=\"text-align: center;\"><strong>Thursday <\/strong><\/p>\n<p><strong>9 am &#8211; TRACK 6  <\/strong><br \/>\nPresentations:<\/p>\n<ul>\n<li><strong>Modernizing MDD Diagnosis using Deep Learning from EEG Data.<\/strong> (Short paper)<\/li>\n<p><em>Milena Lebedinsky, Roc\u00edo Leguizam\u00f3n, Pablo Pytel, Parag Chatterjee, Mar\u00eda Pollo-Cattaneo.<\/em><\/p>\n<li><strong>Fuzzy logic intelligent decision support system for safety of maritime navigation based on COLREG.<\/strong> (Short paper) <\/li>\n<p><em>Jos\u00e9 Ignacio Valles, Jos\u00e9 A. Olivas, Jos\u00e9 A. Gonz\u00e1lez Prieto.<\/em><\/p>\n<li><strong>Habanadigital &#8211; A smart city project adapted to Cuban conditions.<\/strong> (Short paper) <\/li>\n<p><em>Joaqu\u00edn-Danilo Pina-Amarg\u00f3s, Raisa Socorro-Llanes.<\/em><\/p>\n<li><strong>Hybrid Intelligent System for Leveraging Georeferenced Data and Knowledge.<\/strong> (Short paper) <\/li>\n<p><em>D. Carrasco, Jos\u00e9 A. Olivas, Pablo L. Higueras.<\/em><\/p>\n<li><strong>Self-sovereign Identity Model in a Higher Education\u00a0Institution.<\/strong> (Short paper) <\/li>\n<p><em>Facundo Montero, Hugo Ram\u00f3n, Adrian Pousa.<\/em><\/p>\n<li><strong>Presentations of Companie:<\/strong><\/li>\n<ul>\n<li style=\"list-style-type:none\"><strong>IIoT platform as enabler for smart manufacturing.<\/strong><em> (Chaska Analytics).<\/em><\/li>\n<p><em>Ayel\u00e9n Cayuqueo, Guillermo Riquelme, Luciano Loyola, Joel Acosta, Gustavo Guitera, Federico Walas Mateo.<\/em><\/p>\n<li style=\"list-style-type:none\"><strong> InHub: Ecosistema de integraciones &#038; capabilities basado en la nube para toda la cadena de valores del mercado\u00a0asegurador.<\/strong><em> (Charles Taylor Insuretech).<\/em><\/li>\n<p><em>Diego Tarrio.<\/em>\n<\/ul>\n<\/ul>\n<p>&nbsp;<\/p>\n<p><strong>11 am &#8211; TRACK 7 <\/strong><br \/>\nPresentations:<\/p>\n<ul>\n<li><strong>Applicability of Quality 4.0 Characteristics in the Software Engineering Process.<\/strong> (Short paper)<\/li>\n<p><em>Kristian Petkoff Bankoff, Roc\u00edo Mu\u00f1oz , Ariel Pasini , Patricia Pesado.<\/em><\/p>\n<li><strong>Analysis of factors for the acceptance and use of technology for the design of digital services in Ecuador.<\/strong> (Short paper)<\/li>\n<p><em>Pablo Pintado, Elsa Estevez.<\/em><\/p>\n<li><strong>Presentations of Companie:<\/strong><\/li>\n<ul>\n<li style=\"list-style-type:none\"><strong>Productos y servicios amigables con el medio ambiente.<\/strong><em> (SIEMENS).<\/em><\/li>\n<p><em>Gustavo Guitera.<\/em><\/p>\n<li style=\"list-style-type:none\"><strong>Presentation of Companie: Realwalker.<\/strong><\/li>\n<p><em>Nelson Acosta.<\/em><\/p>\n<li style=\"list-style-type:none\"><strong>Presentation of Companie: Redimec\u00a0SA.<\/strong><\/li>\n<p><em><\/em><\/p>\n<li style=\"list-style-type:none\"><strong>Presentation of Companie: Parque Industrial Tandil.<\/strong><\/li>\n<p><em>Nelson Acosta.<\/em>\n<\/ul>\n<\/ul>\n<p><strong>12.30 pm &#8211; Panel of Companie<\/strong><br \/>\n<strong>&#8220;Instrumentos y Expectativas en la articulaci\u00f3n Academia-Industria&#8221;. <\/strong><br \/>\nParticipants:<\/p>\n<ul>\n<li>Jos\u00e9 \u00c1ngel Olivas Varela (UCLM).<\/li>\n<li>Santiago Urrizola (FluxIT).<\/li>\n<li>Gustavo Guitera (SIEMENS).<\/li>\n<\/ul>\n<p><strong>1.30 pm <\/strong><br \/>\nClosing of the JCC-BD&amp;ET 2024.<\/p>\n<p>&nbsp;<\/p>\n<p><strong>2.30 pm<\/strong><br \/>\nMeeting of the CCC-BD&#038;ET.<\/p>\n    <!-- sktbuilder starter --><script type=\"text\/javascript\" src=\"https:\/\/jcc.info.unlp.edu.ar\/wp-content\/plugins\/skt-builder\/sktbuilder\/sktbuilder-frontend-starter.js\"><\/script><script type=\"text\/javascript\" src=\"https:\/\/jcc.info.unlp.edu.ar\/wp-content\/plugins\/skt-builder\/sktbuilder-wordpress-driver.js\"><\/script><script type=\"text\/javascript\"> var starter = new SktbuilderStarter({\"mode\": \"prod\", \"skip\":[\"jquery\",\"underscore\",\"backbone\"],\"sktbuilderUrl\": \"https:\/\/jcc.info.unlp.edu.ar\/wp-content\/plugins\/skt-builder\/sktbuilder\/\", \"driver\": new SktbuilderWordpressDriver({\"ajaxUrl\": \"https:\/\/jcc.info.unlp.edu.ar\/wp-admin\/admin-ajax.php\", \"iframeUrl\": \"https:\/\/jcc.info.unlp.edu.ar\/en\/xii-jornadas-de-cloud-computing-big-data-emerging-topics-2024\/?sktbuilder=true\", \"pageId\": 5008, \"pages\": [{\"title\":\"Main Topics\",\"url\":\"https:\\\/\\\/jcc.info.unlp.edu.ar\\\/wp-admin\\\/post.php?post=11&action=sktbuilder\"},{\"title\":\"Programme\",\"url\":\"https:\\\/\\\/jcc.info.unlp.edu.ar\\\/wp-admin\\\/post.php?post=13&action=sktbuilder\"},{\"title\":\"Location\",\"url\":\"https:\\\/\\\/jcc.info.unlp.edu.ar\\\/wp-admin\\\/post.php?post=24&action=sktbuilder\"},{\"title\":\"Companies\",\"url\":\"https:\\\/\\\/jcc.info.unlp.edu.ar\\\/wp-admin\\\/post.php?post=26&action=sktbuilder\"},{\"title\":\"Organization access\",\"url\":\"https:\\\/\\\/jcc.info.unlp.edu.ar\\\/wp-admin\\\/post.php?post=30&action=sktbuilder\"}], \"page\": \"12th Conference on Cloud Computing, Big Data & Emerging Topics - 2024\" }) });<\/script><!-- end sktbuilder starter -->","protected":false},"excerpt":{"rendered":"<p>&nbsp;&nbsp;&nbsp;&nbsp;&nbsp;&nbsp; Scientific Committee Coordinator: Naiouf, Marcelo (UNLP, Argentina) &nbsp; Ab\u00e1solo, Mar\u00eda Jos\u00e9 (UNLP, Argentina) Aguilar, Jos\u00e9 (Universidad de Los Andes, Venezuela) Ardenghi, Jorge (UNS, Argentina) Balladini, Javier (UNCOMA, Argentina) Bria, Oscar (UNLP, Argentina) Castro, Silvia (UNS, Argentina) Chichizola, Franco (UNLP, Argentina) De Giusti, Armando (UNLP, Argentina) De Giusti, Laura (UNLP, Argentina) Denham, M\u00f3nica (UNRN, Argentina)<br \/><a class=\"moretag\" href=\"https:\/\/jcc.info.unlp.edu.ar\/en\/xii-jornadas-de-cloud-computing-big-data-emerging-topics-2024\/\">+ Read More<\/a><\/p>\n","protected":false},"author":1,"featured_media":0,"parent":0,"menu_order":0,"comment_status":"closed","ping_status":"closed","template":"templates\/page-fullwidth_template.php","meta":{"footnotes":""},"class_list":["post-5008","page","type-page","status-publish","hentry"],"_links":{"self":[{"href":"https:\/\/jcc.info.unlp.edu.ar\/en\/wp-json\/wp\/v2\/pages\/5008","targetHints":{"allow":["GET"]}}],"collection":[{"href":"https:\/\/jcc.info.unlp.edu.ar\/en\/wp-json\/wp\/v2\/pages"}],"about":[{"href":"https:\/\/jcc.info.unlp.edu.ar\/en\/wp-json\/wp\/v2\/types\/page"}],"author":[{"embeddable":true,"href":"https:\/\/jcc.info.unlp.edu.ar\/en\/wp-json\/wp\/v2\/users\/1"}],"replies":[{"embeddable":true,"href":"https:\/\/jcc.info.unlp.edu.ar\/en\/wp-json\/wp\/v2\/comments?post=5008"}],"version-history":[{"count":9,"href":"https:\/\/jcc.info.unlp.edu.ar\/en\/wp-json\/wp\/v2\/pages\/5008\/revisions"}],"predecessor-version":[{"id":5012,"href":"https:\/\/jcc.info.unlp.edu.ar\/en\/wp-json\/wp\/v2\/pages\/5008\/revisions\/5012"}],"wp:attachment":[{"href":"https:\/\/jcc.info.unlp.edu.ar\/en\/wp-json\/wp\/v2\/media?parent=5008"}],"curies":[{"name":"wp","href":"https:\/\/api.w.org\/{rel}","templated":true}]}}