{"id":5221,"date":"2026-02-03T09:48:57","date_gmt":"2026-02-03T12:48:57","guid":{"rendered":"https:\/\/jcc.info.unlp.edu.ar\/?page_id=5221"},"modified":"2026-02-03T10:40:49","modified_gmt":"2026-02-03T13:40:49","slug":"xiii-jornadas-de-cloud-computing-big-data-emerging-topics-2025","status":"publish","type":"page","link":"https:\/\/jcc.info.unlp.edu.ar\/en\/xiii-jornadas-de-cloud-computing-big-data-emerging-topics-2025\/","title":{"rendered":"13th Conference on Cloud Computing, Big Data &#038; Emerging Topics &#8211; 2025"},"content":{"rendered":"<p><\/p>\n<p>\n<a href=\"http:\/\/link.springer.com\/openurl.asp?genre=issue&#038;issn=1865-0929&#038;volume=2649\" rel=\"noopener strictorigin\"><img loading=\"lazy\" decoding=\"async\" class=\"alignnone\" src=\"\/wp-content\/uploads\/2025\/10\/Springer-2025-cover.png\" alt=\"Proceedings\" width=\"150\" height=\"210\" \/><\/a>&nbsp;&nbsp;&nbsp;&nbsp;&nbsp;&nbsp;<a href=\"https:\/\/sedici.unlp.edu.ar\/handle\/10915\/182427\" target=\"_blank\" rel=\"noreferrer noopener\"><img loading=\"lazy\" decoding=\"async\" class=\"alignnone\" src=\"\/wp-content\/uploads\/2025\/08\/Actas-Sedici-2025-2.png\" alt=\"Actas-Sedici\" width=\"160\" height=\"210\" \/><\/a><\/p>\n<h3>Scientific Committee<\/h3>\n<div class=\"col-6\">\nAb\u00e1solo, Mar\u00eda Jos\u00e9 (UNLP, Argentina)<br \/>\nAguilar, Jos\u00e9 (Universidad de Los Andes, Venezuela)<br \/>\nArdenghi, Jorge (UNS, Argentina)<br \/>\nBalladini, Javier (UNCOMA, Argentina)<br \/>\nBria, Oscar (UNLP, Argentina)<br \/>\nCastro, Silvia (UNS, Argentina)<br \/>\nChichizola, Franco (UNLP, Argentina)<br \/>\nDe Giusti, Laura (UNLP, Argentina)<br \/>\nDenham, M\u00f3nica (UNRN, Argentina)<br \/>\nDiaz, Javier (UNLP, Argentina)<br \/>\nDoallo, Ram\u00f3n (Universidad da Coru\u00f1a, Spain)<br \/>\nErrecalde, Marcelo (UNSL, Argentina)<br \/>\nEstevez, Elsa (UNS, Argentina)<br \/>\nEzzatti, Pablo (Universidad de la Rep\u00fablica, Uruguay)<br \/>\nFernandez Bariviera, Aurelio (Universitat Rovira i VirgiliSpain, Spain)<br \/>\nFrati, Fernando Emmanuel (UNdeC, Argentina)<br \/>\nGarcia Garino, Carlos (UNCuyo, Argentina)<br \/>\nGarc\u00eda-S\u00e1nchez, Carlos  (Universidad Complutense de Madrid, Spain)<br \/>\nGaudiani, Adriana Ang\u00e9lica (UNGS, Argentina)<br \/>\nGil Costa, Graciela Ver\u00f3nica (UNSL, Argentina)<br \/>\nGuerrero, Roberto (UNSL, Argentina)<br \/>\nHasperu\u00e9, Waldo (UNLP, Argentina)<br \/>\nIgual Pe\u00f1a, Francisco Daniel (Universidad Complutense de Madrid, Spain)<br \/>\nJanowski, Tomasz (Gdansk University of Technolgy, Poland)<br \/>\nLanzarini, Laura (UNLP, Argentina)<br \/>\nLeguizam\u00f3n, Guillermo (UNSL, Argentina)\n<\/div>\n<div class=\"col-6\">\nLuciano, Edimara (Pontificia Universidade Cat\u00f3lica do Rio Grande do Sul, Brazil)<br \/>\nLuque Fad\u00f3n, Emilio (Universidad Aut\u00f3noma de Barcelona, Spain)<br \/>\nMar\u00edn, Mauricio (Universidad de Santiago de Chile, Chile)<br \/>\nMarrone, Luis (UNLP, Argentina)<br \/>\nNAiouf, Marcelo (UNLP, Argentina)<br \/>\nOlcoz Herrero, Katzalin (Universidad Complutense de Madrid, Spain)<br \/>\nOlivas Varela, Jos\u00e9 Angel (Universidad de Castilla-La Mancha, Spain)<br \/>\nPardo, Xoan (Universidad da Coru\u00f1a, Spain)<br \/>\nPesado, Patricia (UNLP, Argentina)<br \/>\nPiattini, Mario (Universidad de Castilla-La Mancha, Spain)<br \/>\nPiccoli, Mar\u00eda Fabiana (UNSL, Argentina)<br \/>\nPi\u00f1uel, Luis (Universidad Complutense de Madrid, Spain)<br \/>\nPousa, Adrian (UNLP, Argentina)<br \/>\nPrintista, Marcela (UNSL, Argentina)<br \/>\nRexachs del Rosario, Dolores Isabel (Universidad Aut\u00f3noma de Barcelona, Spain)<br \/>\nRodr\u00edguez, Nelson (UNSJ, Argentina)<br \/>\nRucci, Enzo (UNLP, Argentina)<br \/>\nSaez Alcaide, Juan Carlos (Universidad Complutense de Madrid, Spain)<br \/>\nS\u00e1nchez, Aurora (Universidad Cat\u00f3lica del Norte, Chile)<br \/>\nSanz, Victoria (UNLP, Argentina)<br \/>\nSuppi, Remo (Universidad Aut\u00f3noma de Barcelona, Spain)<br \/>\nTirado, Francisco (Universidad Complutense de Madrid, Spain)<br \/>\nTouri\u00f1o Dominguez, Juan (Universidad da Coru\u00f1a, Spain)<br \/>\nViale Pereira, Gabriela (Danube University Krems, Austria)<br \/>\nWong, Alvaro (Universidad Aut\u00f3noma de Barcelona, Spain)<br \/>\nZarza, Gonzalo (Globant, Argentina)\n<\/div>\n<p>&nbsp;<br \/>\n&nbsp;<\/p>\n<h3>Schedule<\/h3>\n<div class=\"\">\n<table border=\"1\">\n<tbody>\n<tr>\n<td style=\"vertical-align: center; background-color: #999;\" width=\"10%\"><strong><center>Time<\/center><\/strong><\/td>\n<td style=\"vertical-align: center; background-color: #999;\" width=\"20%\"><strong><center>Tuesday 24-6<\/center><\/strong><\/td>\n<td style=\"vertical-align: center; background-color: #999;\" width=\"20%\"><strong><center>Wednesday 25-6<\/center><\/strong><\/td>\n<td style=\"vertical-align: center; background-color: #999;\" width=\"20%\"><strong><center>Thursday 26-6<\/center><\/strong><\/td>\n<\/tr>\n<tr>\n<td style=\"vertical-align: center; background-color: #999;\" width=\"10%\"><strong><center>9 am <\/center><\/strong><\/td>\n<td style=\"vertical-align: center;\" width=\"20%\">Opening Dissertation. <strong>&#8220;\u00bfQu\u00e9 pueden hacer las supercomputadoras de Juelich en HPC y IA que t\u00fa no puedes hacer en tu PC?&#8221;<\/strong><em> Ph.D. Alexandre Otto Strube (Forschungszentrum J\u00fclich &#8211; Germany)<\/em>.<\/td>\n<td style=\"vertical-align: center; background-color: #EEE;\" width=\"20%\">Presentations &#8211; Session 2<\/td>\n<td style=\"vertical-align: center; background-color: #EEE;\" width=\"20%\">Presentations &#8211; Session 4<\/td>\n<\/tr>\n<tr>\n<td style=\"vertical-align: center;  background-color: #999;\" width=\"10%\"><strong><center>10.50 am <\/center><\/strong><\/td>\n<td style=\"vertical-align: center; background-color: #CCC;\" width=\"20%\">Break<\/td>\n<td style=\"vertical-align: center; background-color: #CCC;\" width=\"20%\">Break<\/td>\n<td style=\"vertical-align: center; background-color: #CCC;\" width=\"20%\">Break<\/td>\n<\/tr>\n<tr>\n<td style=\"vertical-align: center; background-color: #999;\" width=\"10%\"><strong><center>11 am<\/center><\/strong><\/td>\n<td style=\"vertical-align: center; background-color: #EEE;\" width=\"20%\">Presentations &#8211; Session 1<\/td>\n<td style=\"vertical-align: center; background-color: #EEE; \" rowspan=\"3\"; \" width=\"20%\">Presentations &#8211; Session 3<\/td>\n<td style=\"vertical-align: center; background-color: #EEE;\" width=\"20%\">Presentations &#8211; Session 5<\/td>\n<\/tr>\n<tr>\n<td style=\"vertical-align: center;  background-color: #999;\" width=\"10%\"><strong><center>12.20 pm<\/center><\/strong><\/td>\n<td style=\"vertical-align: center; background-color: #CCC;\" width=\"20%\">Break<\/td>\n<td style=\"vertical-align: center; background-color: #CCC;\" width=\"20%\">Break<\/td>\n<\/tr>\n<tr>\n<td style=\"vertical-align: center;  background-color: #999;\" width=\"10%\"><strong><center>12.30 pm<\/center> <\/strong><\/td>\n<td style=\"vertical-align: center;\" width=\"20%\">Panel 1. <strong>&#8220;Ideas claves en Cloud Computing, Big Data &#038; Emerging Topics&#8221;<\/strong><\/td>\n<td style=\"vertical-align: center;\" width=\"20%\">Panel 2. <strong>Interaction between the Academy and productive sectors.<\/strong><\/td>\n<\/tr>\n<tr>\n<td style=\"vertical-align: center;  background-color: #999;\" width=\"10%\"><strong><center>1.30 pm <\/center><\/strong><\/td>\n<td style=\"vertical-align: center; width=\"20%\"><\/td>\n<td style=\"vertical-align: center; width=\"20%\"><\/td>\n<td style=\"vertical-align: center;\" width=\"20%\">Closing of the JCC-BD&amp;ET.<br \/>\nBreak.<\/td>\n<\/tr>\n<\/tbody>\n<\/table>\n<\/div>\n<p>&nbsp;<\/p>\n<p><strong>Postgraduate courses<\/strong><\/a> associated with the JCC-BD&amp;ET:<\/p>\n<ul>\n<li><strong>&#8220;Aprendizaje Autom\u00e1tico&#8221;<\/strong>. <em>Ph.D. Franco Ronchetti (UNLP)<\/em>.<\/li>\n<li><strong>&#8220;Fundamentos de Computaci\u00f3n Gr\u00e1fica, Im\u00e1genes y Visi\u00f3n por Computador&#8221;<\/strong>. <em>MSc. Oscar Br\u00eda (UNLP)<\/em>.<\/li>\n<\/ul>\n<p style=\"text-align: center; margin-top: 50px;\"><strong>Tuesday<\/strong><\/p>\n<p><strong>9 am<\/strong><br \/>\nOpening Dissertation <strong>&#8220;\u00bfQu\u00e9 pueden hacer las supercomputadoras de Juelich en HPC y IA que t\u00fa no puedes hacer en tu PC?&#8221;&#8221;<\/strong>.<br \/>\n<em>Ph.D. Alexandre Otto Strube (Forschungszentrum J\u00fclich \u2013 Germany)<\/em>.<\/p>\n<p>&nbsp;<\/p>\n<p><strong>11 am &#8211; Session 1 <\/strong><br \/>\nPresentations:<\/p>\n<ul>\n<li><strong>Optimization of Emergency Department Staff Configuration using Montecarlo Clustering Search Algorithm and ABM Simulation.<\/strong><\/li>\n<p><em>M. Harita (UAB &#8211; Spain), A. Wong (UAB &#8211; Spain), D. Rexachs (UAB &#8211; Spain), E. Luque (UAB &#8211; Spain), E. Bruballa (EUG &#8211; Spain), F. Epelde (UAB &#8211; Spain).<\/em><\/p>\n<li><strong>Implementation of the Sylvester equation for HODLR and HALR H-matrices.<\/strong><\/li>\n<p><em>G. Berger (UdelaR &#8211; Uruguay), F. Uslenghi (UdelaR &#8211; Uruguay), E. Dufrechou (UdelaR &#8211; Uruguay), P. Ezzatti (UdelaR &#8211; Uruguay).<\/em><\/p>\n<li><strong>Implementation of smart electricity meter.<\/strong><\/li>\n<p><em>M. Manzin (UNLP &#8211; Argentina), S. Medina (UNLP &#8211; Argentina), L. Libutti (UNLP &#8211; Argentina), D. Montezanti (UNLP &#8211; Argentina), L. Navarria (UNLP &#8211; Argentina).<\/em><\/p>\n<li><strong>Contributions to the modeling and simulation of an automatic package classification system to improve decision-making in line balancing. <\/strong><\/li>\n<p><em>E. Acosta (UNGS &#8211; Argentina), J. A. de Queiroz (UNIFEI &#8211; Brazil), A. Gaudiani (UNGS &#8211; Argentina).<\/em><\/p>\n<li><strong>No Latency, No Waste: How Fog Computing Optimizes Precision Agriculture.<\/strong><\/li>\n<p><em>R. Gon\u00e7alves (UAI &#8211; Argentina), G. Rossi (UAI \/ UNLP &#8211; Argentina).<\/em>\n<\/ul>\n<p>&nbsp;<\/p>\n<p><strong>12.30 pm &#8211; Panel 1 <\/strong><br \/>\n<strong>&#8220;Ideas claves en Cloud Computing, Big Data &#038; Emerging Topics&#8221;.<\/strong><br \/>\nCoordinators: Ph.D. Marcelo Naiouf (UNLP &#8211; Argentina).<br \/>\nParticipants:<\/p>\n<ul>\n<li>Ph.D. Emilio Luque Fad\u00f3n (UAB \u2013 Spain).<\/li>\n<li>Ph.D. Jos\u00e9 Angel Olivas Varela (UCLM \u2013 Spain).<\/li>\n<li>Ph.D. Cecilia Sanz (UNLP &#8211; Argentina).<\/li>\n<\/ul>\n<p>&nbsp;<\/p>\n<p style=\"text-align: center;\"><strong>Wednesday<\/strong><\/p>\n<p><strong>9 am &#8211; Session 2 <\/strong><br \/>\nPresentations:<\/p>\n<ul>\n<li><strong>Real Estate Market in Buenos Aires (Argentina): A Hedonic and Interpretable Machine Learning Approach.<\/strong><\/li>\n<p><em>E. Guti\u00e9rrez (UNS &#8211; Argentina), L. Lanzarini (UNLP &#8211; Argentina), F. Delbianco (UNS &#8211; Argentina), R. Cecchini (UNS &#8211; Argentina).<\/em><\/p>\n<li><strong>Call Audit Automation in the &#8216;148&#8217; Government Helpline of Buenos Aires Province Using Generative Artificial Intelligence.<\/strong><\/li>\n<p><em>M. P. Ponce (UNLP &#8211; Argentina), F. Len (UNICEN &#8211; Argentina).<\/em><\/p>\n<li><strong>Orthogonal Moments-Based Feature Extraction for MRI Classification.<\/strong><\/li>\n<p><em>G. Degiuseppe (UCA &#8211; Argentina), A. Quintero-Rinc\u00f3n (UCA &#8211; Argentina).<\/em><\/p>\n<li><strong>Rule-Based Matching for Real Estate Features Detection.<\/strong><\/li>\n<p><em>M. A. Iba\u00f1ez Gutkin (UNLP &#8211; Argentina), A. A. Pagano (UNLP &#8211; Argentina), L. Tanevitch (UNLP &#8211; Argentina), D. Torres (UNLP \/ UNQ &#8211; Argentina).<\/em><\/p>\n<li><strong>Interpretable Machine Learning for Real Estate Valuation: A Case Study with Small Data.<\/strong><\/li>\n<p><em>E. Guti\u00e9rrez (UNS &#8211; Argentina), L. C. L\u00f3pez del R\u00edo (US &#8211; Spain), J. M. C. Ocer\u00edn (iManagement &#038; Tourism &#8211; Spain).<\/em>\n<\/ul>\n<p>&nbsp;<\/p>\n<p><strong>11 am &#8211; Session 3 <\/strong><br \/>\nPresentations:<\/p>\n<ul>\n<li><strong>Evaluating Large Language Models for the Generation of Unit Tests with Equivalence Partitions and Boundary Values.<\/strong><\/li>\n<p><em>M. Rodr\u00edguez (UNLP &#8211; Argentina), G. Rossi (UNLP &#8211; Argentina), A. Fern\u00e1ndez (UNLP &#8211; Argentina).<\/em><\/p>\n<li><strong>Pipeline to detect spike-and-wave EEG patterns based on polynomial regression modeling and Taylor series feature selection.<\/strong><\/li>\n<p><em>M. F. Adell (UCA &#8211; Argentina), J. Balda (UCA &#8211; Argentina), F. Casas (UCA &#8211; Argentina), C D&#8217;Giano (FLENI &#8211; Argentina), A. Quintero-Rinc\u00f3n (UCA \/ FLENI &#8211; Argentina).<\/em><\/p>\n<li><strong>Data Strategy for Competitiveness in Smart Territories.<\/strong><\/li>\n<p><em>F. del Toro Osorio (Escuela Colombiana de Ingenier\u00eda &#8211; Colombia), V. E. Ospina Becerra (Escuela Colombiana de Ingenier\u00eda &#8211; Colombia), E. Est\u00e9vez (UNS \/ UNLP &#8211; Argentina).<\/em><\/p>\n<li><strong>Internet deception to share IoC.<\/strong><\/li>\n<p><em>P. G. Maddalena Kreff (UNLP &#8211; Argentina), P. Venosa (UNLP &#8211; Argentina), P. Baz\u00e1n (UNLP &#8211; Argentina).<\/em><\/p>\n<li><strong>Automated and Secure Login in ALERTAR, a Resilient Cloud\u2013Fog\u2013Edge mHealth System for Hospital Environments.<\/strong><\/li>\n<p><em>C. Zanellato (UNCOMA &#8211; Argentina), R. Ca\u00f1ibano (UNCOMA &#8211; Argentina), J. Balladini (UNCOMA &#8211; Argentina)<\/em><\/p>\n<li><strong>Development of Intelligent Fuzzy Systems: Hate Speech and Radicalization in Social Media.<\/strong><\/li>\n<p><em>J. A. Olivas Varela (UCLM &#8211; Spain), A. Montoro-Montarroso (UCLM &#8211; Spain).<\/em>\n<\/ul>\n<p>&nbsp;<\/p>\n<p style=\"text-align: center;\"><strong>Thursday <\/strong><\/p>\n<p><strong>9 am &#8211; Session 4  <\/strong><br \/>\nPresentations:<\/p>\n<ul>\n<li><strong>How to evolve from Problem to Agent-Based Simulator.<\/strong><\/li>\n<p><em>F. Mesas (UAB &#8211; Spain), M. Taboada (UAB &#8211; Espa\u00f1a), D. Rexachs (UAB &#8211; Spain), F. Epelde (UAB &#8211; Spain), A. Wong (UAB &#8211; Spain), E. Luque (UAB &#8211; Spain).<\/em><\/p>\n<li><strong>Epanechnikov nonparametric kernel density estimation based feature-learning in respiratory disease chest X-ray images.<\/strong><\/li>\n<p><em>V. A. L\u00f3pez Marsico (UCA &#8211; Argentina), A. Quintero-Rinc\u00f3n (UCA &#8211; Argentina), H. Batatia (Universidad Heriot-Watt &#8211; EAU).<\/em><\/p>\n<li><strong>Design of an Scent-Emitting Device and its Integration into an Immersive Virtual Reality Game.<\/strong><\/li>\n<p><em>J. S. Benitez (UNLP &#8211; Argentina), M. J. Ab\u00e1solo (UNLP &#8211; Argentina), R. A. Guerrero (UNSL &#8211; Argentina).<\/em><\/p>\n<li><strong>Development and Implementation of an AWS-Based Platform for Automated Prediction of Antibiotic Resistance from Mass Spectrometry Profiles.<\/strong><\/li>\n<p><em>M. Flores Estay (UCM &#8211; Chile), X. A. L\u00f3pez Cort\u00e9s (UCM &#8211; Chile), J. I. Bernal Osses (UTALCA &#8211; Chile), J. M. Manr\u00edquez-Troncoso (UCM &#8211; Chile).<\/em><\/p>\n<li><strong>WEEE Prediction Model Based on Neural Networks.<\/strong><\/li>\n<p><em>J. Facuy (UAE &#8211; Ecuador),  A. Pasini (UNLP &#8211; Argentina), E. Est\u00e9vez (UNS \/ UNLP &#8211; Argentina), C. Moran (UAE &#8211; Ecuador).<\/em>\n<\/ul>\n<p>&nbsp;<\/p>\n<p><strong>11 am &#8211; Session 5 <\/strong><br \/>\nPresentations:<\/p>\n<ul>\n<li><strong>Smart Ecosystem to Assist Government Decisions in the Health Sector.<\/strong><\/li>\n<p><em>M. Romagnano (UNSJ &#8211; Argentina).<\/em><\/p>\n<li><strong>Building omnichannel intelligent virtual assistants.<\/strong><\/li>\n<p><em>P. Pintado (UAZUAY &#8211;  Ecuador), D. Mejia (UAZUAY &#8211;  Ecuador), G. Duque (UAZUAY &#8211;  Ecuador), A. Cabrera (UAZUAY &#8211;  Ecuador), D. Iturralde (UAZUAY &#8211;  Ecuador), E. Mora, J. Fajardo (UAZUAY &#8211;  Ecuador).<\/em><\/p>\n<li><strong>Development of a Hand Motion Sensing Glove for Exergames: Design Evolution and Future Perspectives.<\/strong><\/li>\n<p><em>A. Del Gener (UNLP &#8211; Argentina), C. Sanz (UNLP &#8211; Argentina).<\/em><\/p>\n<li><strong>Ensuring Quality in the OECD AI Lifecycle Through ISO\/IEC Standards.<\/strong><\/li>\n<p><em>J. I. Torres (UNLP &#8211; Argentina), A. Pasini (UNLP &#8211; Argentina), P. Pesado (UNLP &#8211; Argentina).<\/em><\/p>\n<li><strong>Cryptocurrency Price Forecasting: A Comparative Analysis of Standalone and Hybrid Deep Learning\u00a0Models.<\/strong><\/li>\n<p><em>D. Bhardwaj (URV &#8211; Spain), A. F. Bariviera (URV &#8211; Spain).<\/em>\n<\/ul>\n<p>&nbsp;<\/p>\n<p><strong>12.30 pm &#8211; Panel 2 <\/strong><br \/>\n<strong>Interaction between the Academy and productive sectors. <\/strong><br \/>\nCoordinator: Ph.D. Federico Walas Mateo<br \/>\nParticipants:<\/p>\n<ul>\n<li>Gustavo Guitera (SIEMENS).<\/li>\n<li>Eduardo Aranzabal (FECOFE).<\/li>\n<li>Agustin Escofet (Fundaci\u00f3n Loma Negra).<\/li>\n<\/ul>\n<p><strong>1.30 pm <\/strong><br \/>\nBest Paper Award: : <strong>&#8220;Call Audit Automation in the &#8216;148&#8217; Government Helpline of Buenos Aires Province Using Generative Artificial Intelligence&#8221;.<\/strong> <em>M. P. Ponce (UNLP), F. E. Len (UNICEN).<\/em><br \/>\nClosing of the JCC-BD&amp;ET 2025.<\/p>\n    <!-- sktbuilder starter --><script type=\"text\/javascript\" src=\"https:\/\/jcc.info.unlp.edu.ar\/wp-content\/plugins\/skt-builder\/sktbuilder\/sktbuilder-frontend-starter.js\"><\/script><script type=\"text\/javascript\" src=\"https:\/\/jcc.info.unlp.edu.ar\/wp-content\/plugins\/skt-builder\/sktbuilder-wordpress-driver.js\"><\/script><script type=\"text\/javascript\"> var starter = new SktbuilderStarter({\"mode\": \"prod\", \"skip\":[\"jquery\",\"underscore\",\"backbone\"],\"sktbuilderUrl\": \"https:\/\/jcc.info.unlp.edu.ar\/wp-content\/plugins\/skt-builder\/sktbuilder\/\", \"driver\": new SktbuilderWordpressDriver({\"ajaxUrl\": \"https:\/\/jcc.info.unlp.edu.ar\/wp-admin\/admin-ajax.php\", \"iframeUrl\": \"https:\/\/jcc.info.unlp.edu.ar\/en\/xiii-jornadas-de-cloud-computing-big-data-emerging-topics-2025\/?sktbuilder=true\", \"pageId\": 5221, \"pages\": [{\"title\":\"Main Topics\",\"url\":\"https:\\\/\\\/jcc.info.unlp.edu.ar\\\/wp-admin\\\/post.php?post=11&action=sktbuilder\"},{\"title\":\"Programme\",\"url\":\"https:\\\/\\\/jcc.info.unlp.edu.ar\\\/wp-admin\\\/post.php?post=13&action=sktbuilder\"},{\"title\":\"Location\",\"url\":\"https:\\\/\\\/jcc.info.unlp.edu.ar\\\/wp-admin\\\/post.php?post=24&action=sktbuilder\"},{\"title\":\"Companies\",\"url\":\"https:\\\/\\\/jcc.info.unlp.edu.ar\\\/wp-admin\\\/post.php?post=26&action=sktbuilder\"},{\"title\":\"Organization access\",\"url\":\"https:\\\/\\\/jcc.info.unlp.edu.ar\\\/wp-admin\\\/post.php?post=30&action=sktbuilder\"}], \"page\": \"13th Conference on Cloud Computing, Big Data & Emerging Topics - 2025\" }) });<\/script><!-- end sktbuilder starter -->","protected":false},"excerpt":{"rendered":"<p>&nbsp;&nbsp;&nbsp;&nbsp;&nbsp;&nbsp; Scientific Committee Ab\u00e1solo, Mar\u00eda Jos\u00e9 (UNLP, Argentina) Aguilar, Jos\u00e9 (Universidad de Los Andes, Venezuela) Ardenghi, Jorge (UNS, Argentina) Balladini, Javier (UNCOMA, Argentina) Bria, Oscar (UNLP, Argentina) Castro, Silvia (UNS, Argentina) Chichizola, Franco (UNLP, Argentina) De Giusti, Laura (UNLP, Argentina) Denham, M\u00f3nica (UNRN, Argentina) Diaz, Javier (UNLP, Argentina) Doallo, Ram\u00f3n (Universidad da Coru\u00f1a, Spain) Errecalde,<br \/><a class=\"moretag\" href=\"https:\/\/jcc.info.unlp.edu.ar\/en\/xiii-jornadas-de-cloud-computing-big-data-emerging-topics-2025\/\">+ Read More<\/a><\/p>\n","protected":false},"author":1,"featured_media":0,"parent":0,"menu_order":0,"comment_status":"closed","ping_status":"closed","template":"templates\/page-fullwidth_template.php","meta":{"footnotes":""},"class_list":["post-5221","page","type-page","status-publish","hentry"],"_links":{"self":[{"href":"https:\/\/jcc.info.unlp.edu.ar\/en\/wp-json\/wp\/v2\/pages\/5221","targetHints":{"allow":["GET"]}}],"collection":[{"href":"https:\/\/jcc.info.unlp.edu.ar\/en\/wp-json\/wp\/v2\/pages"}],"about":[{"href":"https:\/\/jcc.info.unlp.edu.ar\/en\/wp-json\/wp\/v2\/types\/page"}],"author":[{"embeddable":true,"href":"https:\/\/jcc.info.unlp.edu.ar\/en\/wp-json\/wp\/v2\/users\/1"}],"replies":[{"embeddable":true,"href":"https:\/\/jcc.info.unlp.edu.ar\/en\/wp-json\/wp\/v2\/comments?post=5221"}],"version-history":[{"count":6,"href":"https:\/\/jcc.info.unlp.edu.ar\/en\/wp-json\/wp\/v2\/pages\/5221\/revisions"}],"predecessor-version":[{"id":5224,"href":"https:\/\/jcc.info.unlp.edu.ar\/en\/wp-json\/wp\/v2\/pages\/5221\/revisions\/5224"}],"wp:attachment":[{"href":"https:\/\/jcc.info.unlp.edu.ar\/en\/wp-json\/wp\/v2\/media?parent=5221"}],"curies":[{"name":"wp","href":"https:\/\/api.w.org\/{rel}","templated":true}]}}