{"id":757,"date":"2018-10-24T16:12:36","date_gmt":"2018-10-24T16:12:36","guid":{"rendered":"http:\/\/jcc.info.unlp.edu.ar\/?page_id=757"},"modified":"2022-11-09T10:26:13","modified_gmt":"2022-11-09T13:26:13","slug":"vi-jornadas-de-cloud-computing-big-data","status":"publish","type":"page","link":"https:\/\/jcc.info.unlp.edu.ar\/en\/vi-jornadas-de-cloud-computing-big-data\/","title":{"rendered":"VI Jornadas de Cloud Computing &#038; Big Data &#8211; 2018"},"content":{"rendered":"<p><\/p>\n<p>\n<a href=\"https:\/\/jcc.info.unlp.edu.ar\/wp-content\/uploads\/2018\/03\/JCCBDa4-2.jpg\" target=\"_blank\" rel=\"noopener noreferrer\"><img loading=\"lazy\" decoding=\"async\" class=\"alignnone\" title=\"Poster\" src=\"https:\/\/jcc.info.unlp.edu.ar\/wp-content\/uploads\/2018\/03\/JCCBDa4-2.jpg\" alt=\"\" width=\"200\" height=\"280\" \/><\/a> &nbsp;&nbsp;&nbsp; <a href=\"https:\/\/jcc.info.unlp.edu.ar\/wp-content\/uploads\/2018\/03\/Call.jpg\" target=\"_blank\" rel=\"noopener noreferrer\"><img loading=\"lazy\" decoding=\"async\" class=\"alignnone\" title=\"Call for Paper\" src=\"https:\/\/jcc.info.unlp.edu.ar\/wp-content\/uploads\/2018\/03\/Call.jpg\" alt=\"\" width=\"200\" height=\"280\" \/><\/a>&nbsp;&nbsp;&nbsp;<a href=\"https:\/\/jcc.info.unlp.edu.ar\/wp-content\/uploads\/2018\/09\/Actas-JCCBD-2018.pdf\" target=\"_blank\" rel=\"noopener noreferrer\"><img loading=\"lazy\" decoding=\"async\" class=\"alignnone\" title=\"Proceedings\" src=\"https:\/\/jcc.info.unlp.edu.ar\/wp-content\/uploads\/2018\/09\/Cover.png\" alt=\"\" width=\"200\" height=\"280\" \/><\/a><\/p>\n<h3>Scientific Committee<\/h3>\n<p>&nbsp;<br \/>\n<strong>Coordinator<\/strong>: Armando De Giusti (UNLP)<\/p>\n<p>Aguilar, Jos\u00e9 (Universidad de Los Andes, Venezuela)<br \/>\nAb\u00e1solo, Mar\u00eda Jos\u00e9 (UNLP)<br \/>\nArdenghi, Jorge (UNS)<br \/>\nBalladini, Javier (UNCOMA)<br \/>\nBria, Oscar (UNLP)<br \/>\nCastro, Silvia (UNS)<br \/>\nDe Giusti, Laura (UNLP)<br \/>\nDenham, M\u00f3nica (UNRN)<br \/>\nDiaz, Javier (UNLP)<br \/>\nDoallo, Ram\u00f3n (Universidad da Coru\u00f1a, Spain)<br \/>\nErrecalde, Marcelo (UNSL)<br \/>\nFrati, Fernando Emmanuel (UNdeC)<br \/>\nGarcia Garino, Carlos (UNCuyo)<br \/>\nGaudiani, Adriana Ang\u00e9lica (UNGS)<br \/>\nGil, Costa (UNSL)<br \/>\nGuerrero, Roberto (UNLS)<br \/>\nHasperu\u00e9, Waldo (UNLP)<br \/>\nIgual Pe\u00f1a, Francisco Daniel (Universidad Complutense de Madrid, Spain)<br \/>\nLanzarini, Laura (UNLP)<br \/>\nLeguizam\u00f3n, Guillermo (UNSL)<br \/>\nLuque, Emilio (Universidad Aut\u00f3noma de Barcelona, Spain)<br \/>\nMar\u00edn, Mauricio (Yahoo, Chile)<br \/>\nMarrone, Luis (UNLP)<br \/>\nNaiouf, Marcelo (UNLP)<br \/>\nOlcoz Herrero, Katzalin (Universidad Complutense de Madrid, Spain)<br \/>\nOlivas Varela, Jos\u00e9 Angel (Universidad de Castilla La Mancha, Spain)<br \/>\nPardo, Xoan (Universidad da Coru\u00f1a, Spain)<br \/>\nPiccoli, Mar\u00eda Fabiana (UNSL)<br \/>\nPi\u00f1uel, Luis (Universidad Complutense de Madrid, Spain)<br \/>\nPousa, Adrian (UNLP)<br \/>\nPrintista, Marcela (UNSL)<br \/>\nRexachs, Dolores (Universidad Aut\u00f3noma de Barcelona, Spain)<br \/>\nRodr\u00edguez, Nelson (UNSJ)<br \/>\nSaez, Juan Carlos ( Universidad Complutense de Madrid, Spain)<br \/>\nSanz, Victoria (UNLP)<br \/>\nSuppi, Remo (Universidad Aut\u00f3noma de Barcelona, Spain)<br \/>\nTirado, Francisco (Universidad Complutense de Madrid, Spain)<br \/>\nTouri\u00f1o, Juan (Universidad da Coru\u00f1a, Spain)<br \/>\nZarza, Gonzalo (Globant)<\/p>\n<h3>Schedule<\/h3>\n<p>&nbsp;<\/p>\n<div class=\"Section1\">\n<table style=\"height: 400px;\" border=\"1\" width=\"750\">\n<tbody>\n<tr>\n<td width=\"150\"><strong>Monday 25<\/strong><\/td>\n<td width=\"150\"><strong>Tuesday 26<\/strong><\/td>\n<td width=\"150\"><strong>Wednesday 27<\/strong><\/td>\n<td width=\"150\"><strong>Thursday 28<\/strong><\/td>\n<td width=\"150\"><strong>Friday 29<\/strong><\/td>\n<\/tr>\n<tr>\n<td width=\"150\"><\/td>\n<td width=\"150\">8-9 am<br \/>\n<strong>Conference Registration<\/strong><br \/>\n<br \/>\n9-10.30 am<br \/>\n<strong>Opening Conference. <\/strong><br \/>\n<em>Ph.D. Emilio Luque (UAB &#8211; Spain).<\/em><br \/>\n<br \/>\n10.30am-2.30pm<br \/>\n<strong>Presentations<\/strong><br \/>\nAcademic and Companies<\/td>\n<td width=\"150\">\n8-9 am<br \/>\n<strong>Conference Registration<\/strong><br \/>\n<br \/>\n9-10.30 am<br \/>\n<strong>Conference<\/strong><br \/>\n<em>Ph.D. Gonzalo Zarza (Globant).<\/em><br \/>\n<br \/>\n10.30am-2.30pm<br \/>\n<strong>Presentations<\/strong><br \/>\nAcademic and Companies<\/td>\n<td width=\"150\">8-9 am.<br \/>\n<strong>Conference Registration<\/strong><br \/>\n<br \/>\n9-10.30 am<br \/>\n<strong>Conference<\/strong><br \/>\n<em>Ph.D. Aurelio Fernandez Bariviera (URV &#8211; Spain)<\/em><br \/>\n<br \/>\n10.30am-2.30pm<br \/>\n<strong>Presentations<\/strong><br \/>\nAcademic and Companies<br \/>\n<br \/>\n2.30 pm<br \/>\n<strong>Conclusions.<\/strong><br \/>\n<strong>JCC&amp;BD 2019.<\/strong><\/td>\n<td width=\"150\">9am-1pm<br \/>\n<a href=\"#CR\"><strong>Course 1<\/strong><\/a><br \/>\n<br \/>\n<a href=\"#CC\"><strong>Course 2<\/strong><\/a><\/td>\n<\/tr>\n<tr>\n<td width=\"150\">1-2.30 pm<br \/>\n<strong>Conference Registration<\/strong><\/td>\n<td width=\"150\">1-2.30 pm<br \/>\n<strong>Conference Registration<\/strong><\/td>\n<td width=\"150\">1-2.30 pm<br \/>\n<strong>Conference Registration<\/strong><\/td>\n<td width=\"150\"><\/td>\n<td width=\"150\"><\/td>\n<\/tr>\n<tr>\n<td width=\"150\">4-8 pm<br \/>\n<a href=\"#CR\"><strong>Course 1<\/strong><\/a><br \/>\n<br \/>\n<a href=\"#CC\"><strong>Course 2<\/strong><\/a><\/td>\n<td width=\"150\">4-8 pm<br \/>\n<a href=\"#CR\"><strong>Course 1<\/strong><\/a><br \/>\n<br \/>\n<a href=\"#CC\"><strong>Course 2<\/strong><\/a><\/td>\n<td width=\"150\">4-8 pm<br \/>\n<a href=\"#CR\"><strong>Course 1<\/strong><\/a><br \/>\n<br \/>\n<a href=\"#CC\"><strong>Course 2<\/strong><\/a><\/td>\n<td width=\"150\">4-8 pm.<br \/>\n<a href=\"#CR\"><strong>Course 1<\/strong><\/a><br \/>\n<br \/>\n<a href=\"#CC\"><strong>Course 2<\/strong><\/a><\/td>\n<td width=\"150\"><\/td>\n<\/tr>\n<tr>\n<td width=\"150\"><\/td>\n<td width=\"150\"><\/td>\n<td width=\"150\"><\/td>\n<td width=\"150\"><\/td>\n<td width=\"150\"><\/td>\n<\/tr>\n<\/tbody>\n<\/table>\n<\/div>\n<p>&nbsp;<\/p>\n<p><a name=\"CR\"><\/a>COURSE 1: <em><strong>&#8220;Machine Learning Algorithms Acceleration from an architectonic approach&#8221; <\/strong><\/em><br \/>\nInstructor: <em>Ph.D. Luis Pi\u00f1uel Moreno (UCM-Spain)<\/em><br \/>\n<a href=\"http:\/\/jcc.info.unlp.edu.ar\/\/wp-content\/uploads\/2018\/05\/Aceleraci\u00f3n-de-algoritmos-de-machine-learning-desde-un-enfoque-arquitect\u00f3nico.pdf\" target=\"_blank\" rel=\"noopener noreferrer\">Download Program<\/a><\/p>\n<p><a name=\"CC\"><\/a>COURSE 2: <em><strong>&#8220;Cloud Robotics&#8221;<\/strong><\/em><br \/>\nInstructors:  <em>Ph.D. Marcelo Naiouf (UNLP) &#8211; Ph.D. Marcelo Devincenzi (UAI) &#8211; BSc. Ismael Rodriguez (UNLP) &#8211; MSc. Nestor Balich (UAI) \u2013 BSc. Gonzalo Zabala (UAI) staff from Cloud and Robotic Lab from III-LIDI (UNLP) and UAI <\/em><br \/>\n<a href=\"http:\/\/jcc.info.unlp.edu.ar\/\/wp-content\/uploads\/2018\/03\/Curso-JCC-CLOUD-ROBOTICS-2018.pdf\" target=\"_blank\" rel=\"noopener noreferrer\">Download Program<\/a> <\/p>\n<p style=\"text-align: center; margin-top: 50px;\"><strong>Tuesday<\/strong><\/p>\n<p><strong>9 am<\/strong><br \/>\nOpening Conference: <strong>&#8220;Performance and Scalability prediction in HPC and Cloud&#8221;.<\/strong> <em> Ph.D. Emilio Luque (UAB &#8211; Spain). <\/em> <\/p>\n<p>&nbsp;<\/p>\n<p><strong>10.30 am<\/strong><br \/>\nAcademic and companies Presentations:<\/p>\n<p><strong>&#8211; An\u00e1lisis funcional de la pila de software de E\/S paralela utilizando IaaS <\/strong><br \/>\n<em>Diego Encinas (UNLP), Sandra Mendez (LRZ &#8211; Germany), Dolores Rexachs (UAB &#8211; Spain), Emilio Luque Fad\u00f3n (UAB &#8211; Spain), Marcelo Naiouf (UNLP), Armando De Giusti (UNLP) <\/em><\/p>\n<p><strong>&#8211; Predicci\u00f3n, webservices y reconocimiento de im\u00e1genes sin escribir c\u00f3digo <\/strong><br \/>\n<em>Emiliano Actis Dato (IBM)<\/em><\/p>\n<p><strong>&#8211; H-RADIC: The Fault Tolerance Framework for Virtual Clusters on Multi Cloud Environments <\/strong><br \/>\n<em>Ambrosio Royo (UAB &#8211; Spain), Jorge Villamayor (UAB &#8211; Spain), Marcela Castro-Le\u00f3n (UAB &#8211; Spain), Dolores Rexachs (UAB &#8211; Spain), Emilio Luque (UAB &#8211; Spain)<\/em><\/p>\n<p><strong>&#8211; Conceptos de Redes Neuronales Artificiales. Keras (Python library) Overview.<br \/>\nAplicaci\u00f3n de uso: Predicci\u00f3n del \u00e1ngulo de giro de un veh\u00edculo para mantenerse en la carretera <\/strong><br \/>\n<em> Jaime Zubieta Battista (Celerative)<\/em><\/p>\n<p><strong>&#8211; Cloud Robotics: Veh\u00edculo aut\u00f3nomo conectado a AWS <\/strong><br \/>\n<em>Manuel Costanzo (UNLP), Marcos Boggia (UNLP), Ismael Rodr\u00edguez (UNLP), Armando De Giusti (UNLP-CONICET)<\/em><\/p>\n<p><strong>&#8211; SMOTE-BD: An Exact and Scalable Oversampling Method for Imbalanced Classification in Big Data <\/strong><br \/>\n<em>Mar\u00eda Jos\u00e9 Basgall (UNLP-CONICET), Waldo Hasperu\u00e9 (UNLP-CIC), Marcelo Naiouf (UNLP), Alberto Fern\u00e1ndez Hilario (UGR &#8211; Spain), Francisco Herrera (UGR &#8211; Spain)<\/em><\/p>\n<p><strong>&#8211; Cloud M\u00e9dicos &#8211; Privacidad, integridad y estandarizaci\u00f3n &#8211; Estado actual <\/strong><br \/>\n<em>Ezequiel Velurtas (UNLP), Patricia Baz\u00e1n (UNLP)<\/em><\/p>\n<p><strong>&#8211; Automatic and early detection of the deterioration of patients in Intensive and Intermediate Care Unit: technological challenges and solutions <\/strong><br \/>\n<em>Javier Balladini (UNCOMA), Pablo Bruno (UNCOMA), Rafael Zurita (UNCOMA), Cristina Orlandi (Hospital Francisco Lopez Lima)<\/em><\/p>\n<p><em><strong> <\/strong><\/em><\/p>\n<p>&nbsp;<\/p>\n<p style=\"text-align: center;\"><strong>Wednesday<\/strong><\/p>\n<p><strong>9 am<\/strong><br \/>\nConference: <strong>&#8220;Data Engineering Projects&#8221;.<\/strong> <em>Ph.D. Gonzalo Zarza (Globant)<\/em><\/p>\n<p>&nbsp;<\/p>\n<p><strong>10.30 am<\/strong><br \/>\nAcademic and companies Presentations:<\/p>\n<p><strong>&#8211; Cloud Computing application model for online recommendation through fuzzy logic system <\/strong><br \/>\n<em>Elham Shojaei (UAB &#8211; Spain), Emilio Luque (UAB &#8211; Spain), Dolores Rexachs (UAB &#8211; Spain), Francisco Epelde (Hospital Universitari Parc Tauli &#8211; Spain)<\/em><\/p>\n<p><strong>&#8211; Arquitectura Fast Data usando Kafka Streams <\/strong><br \/>\n<em>Cristian L\u00f3pez (Hexacta)<\/em><\/p>\n<p><strong>&#8211; Fire propagation visualization in real time <\/strong><br \/>\n<em>Sigfrido Waidelich (UNRN), Karina Laneri (Centro At\u00f3mico Bariloche-CONICET), M\u00f3nica Denham (UNRN-CONICET)<\/em><\/p>\n<p><strong>&#8211; Job Schedulers for Machine Learning and Data Mining algorithms distributed in Hadoop<\/strong><br \/>\n<em>Felix Martin Cornejo (UNSJ), Alejandro Zunino (UNICEN), Marit\u00e9 Murazzo (UNSJ) <\/em><\/p>\n<p><strong>&#8211; Predicci\u00f3n de nubes a corto plazo en una planta solar a partir de datos hist\u00f3ricos <\/strong><br \/>\n<em>R. Caballero (UCM &#8211; Spain), A. Mart\u00edn (UCM &#8211; Spain), Luis Pi\u00f1uel (UCM &#8211; Spain), S. Wilbert (DLR &#8211; Germany), L.F Zarzaleja (CIEMAT &#8211; Spain)<\/em><\/p>\n<p><strong>&#8211; Treatment of Massive Metagenomic Data with Graphs <\/strong><br \/>\n<em>Cristobal R. Santa Mar\u00eda (UNLAM), Romina Rebrij (UBA), Victoria Santa Mar\u00eda (UBA), Marcelo Soria (UBA)<\/em><\/p>\n<p><strong>&#8211; An\u00e1lisis Simb\u00f3lico de Datos: una potente herramienta para Big Data <\/strong><br \/>\n<em>Adriana Mallea (UNSJ), Myriam Herrera (UNSJ), Mar\u00eda In\u00e9s Lund (UNSJ) <\/em><\/p>\n<p><strong>&#8211; An\u00e1lisis de las topolog\u00edas IoT en Entornos Fog Computing mediante simulaci\u00f3n <\/strong><br \/>\n<em>Sillero Ros Javier (UNSJ), Rodriguez Nelson (UNSJ), Mat\u00edas Montiveros (UNSJ), Mar\u00eda Antonia Murazzo (UNSJ), Mar\u00eda Fabiana Piccoli (UNSL), Miguel M\u00e9ndez Garabetti (UCH)<\/em><\/p>\n<p>&nbsp;<\/p>\n<p>&nbsp;<\/p>\n<p style=\"text-align: center;\"><strong>Thursday<\/strong><\/p>\n<p><strong>9 am<\/strong><br \/>\nConference: <strong>&#8220;Big Data Usage for the Cryptocoin Market&#8221;. <\/strong><em>Ph.D. Aurelio Fernandez Bariviera (URV &#8211; Spain)<\/em><\/p>\n<p>&nbsp;<\/p>\n<p><strong>10.30 am<\/strong><br \/>\nAcademic and companies Presentations:<\/p>\n<p><strong>&#8211; Implementing cloud-based parallel metaheuristics: an overview <\/strong><br \/>\n<em>Patricia Gonz\u00e1lez (UDC &#8211; Spain), Xoan C. Pardo (UDC &#8211; Spain), Ram\u00f3n Doallo (UDC &#8211; Spain), Julio R. Banga (IIM_CSIC &#8211; Spain)<\/em><\/p>\n<p><strong>&#8211; Blockchain. Aplicaciones <\/strong><br \/>\n<em>Santiago Urrizola &#8211; Lautaro Chiarle (FluxIT)<\/em><\/p>\n<p><strong>&#8211; Cloud Computing, Big Data y las Arquitecturas de Referencia para la Industria 4.0 <\/strong><br \/>\n<em>Nancy Vel\u00e1squez (UNLP), Elsa Estevez (UNS), Patricia Pesado (UNLP)<\/em><\/p>\n<p><strong>&#8211; Caso de uso de Big Data aplicado para optimizaci\u00f3n de inversiones en infraestructura y optimizaci\u00f3n de red <\/strong><br \/>\n<em>Telef\u00f3nica de Argentina<\/em><\/p>\n<p><strong>&#8211; Diving Business value from Industry 4.0: Big Data &#038; Analytics for Steel <\/strong><br \/>\n<em>Marcelo Saparrat (TecnoAP)<\/em><\/p>\n<p><strong>&#8211; Orquestaci\u00f3n de servicios para el desarrollo de aplicaciones para big data <\/strong><br \/>\n<em>Mar\u00eda Murazzo (UNSJ), Miguel Guevara (UNSJ), Mart\u00edn Tello (UNSJ),  Nelson Rodriguez (UNSJ), Fabiana Piccoli (UNSL), M\u00f3nica Gimenez (UNLAR)<\/em><\/p>\n<p><strong>&#8211; Processing Collections of Geo-Referenced Images for Natural Disasters <\/strong><br \/>\n<em>Fernando Loor (UNSL-CONICET), Ver\u00f3nica Gil-Costa (UNSL-CONICET), M. Mar\u00edn (USACH &#8211; Chile)<\/em><\/p>\n<p><strong>&#8211; Secure Computer Network: Strategies and Challengers in Big Data Era <\/strong><br \/>\n<em>Mercedes Barrionuevo (UNSL), Mariela Lopresti (UNSL), Natalia Miranda (UNSL), Fabiana Piccoli (UNSL)<\/em><\/p>\n<p><strong>&#8211; Adjustement of a simulator of a complex dynamic system with emphasis on the reduction of computational resources <\/strong><br \/>\n<em>Mariano Trigila (UCA), Adriana Ang\u00e9lica Gaudiani (UNGS), Emilio Luque Fad\u00f3n (UAB &#8211; Spain)<\/em><\/p>\n<p><strong>&#8211; Towards Elastic Virtual Machine Placement in Overbooked OpenStack Clouds under Uncertainty <\/strong><br \/>\n<em>Fabio L\u00f3pez-Pires (PTI &#8211; Paraguay), Benjam\u00edn Bar\u00e1n (UNE &#8211; Paraguay), Carolina Pereira (UNE &#8211; Paraguay), Marcelo Vel\u00e1zquez (UNE &#8211; Paraguay), Osvaldo Gonz\u00e1lez (UNE &#8211; Paraguay)<\/em><\/p>\n<p><strong>2.30 pm<\/strong><br \/>\n<em>Conclusions.<\/em><br \/>\n<em>Ideas JCC&amp;BD 2019.<\/em><\/p>\n    <!-- sktbuilder starter --><script type=\"text\/javascript\" src=\"https:\/\/jcc.info.unlp.edu.ar\/wp-content\/plugins\/skt-builder\/sktbuilder\/sktbuilder-frontend-starter.js\"><\/script><script type=\"text\/javascript\" src=\"https:\/\/jcc.info.unlp.edu.ar\/wp-content\/plugins\/skt-builder\/sktbuilder-wordpress-driver.js\"><\/script><script type=\"text\/javascript\"> var starter = new SktbuilderStarter({\"mode\": \"prod\", \"skip\":[\"jquery\",\"underscore\",\"backbone\"],\"sktbuilderUrl\": \"https:\/\/jcc.info.unlp.edu.ar\/wp-content\/plugins\/skt-builder\/sktbuilder\/\", \"driver\": new SktbuilderWordpressDriver({\"ajaxUrl\": \"https:\/\/jcc.info.unlp.edu.ar\/wp-admin\/admin-ajax.php\", \"iframeUrl\": \"https:\/\/jcc.info.unlp.edu.ar\/en\/vi-jornadas-de-cloud-computing-big-data\/?sktbuilder=true\", \"pageId\": 757, \"pages\": [{\"title\":\"Main Topics\",\"url\":\"https:\\\/\\\/jcc.info.unlp.edu.ar\\\/wp-admin\\\/post.php?post=11&action=sktbuilder\"},{\"title\":\"Programme\",\"url\":\"https:\\\/\\\/jcc.info.unlp.edu.ar\\\/wp-admin\\\/post.php?post=13&action=sktbuilder\"},{\"title\":\"Location\",\"url\":\"https:\\\/\\\/jcc.info.unlp.edu.ar\\\/wp-admin\\\/post.php?post=24&action=sktbuilder\"},{\"title\":\"Companies\",\"url\":\"https:\\\/\\\/jcc.info.unlp.edu.ar\\\/wp-admin\\\/post.php?post=26&action=sktbuilder\"},{\"title\":\"Organization access\",\"url\":\"https:\\\/\\\/jcc.info.unlp.edu.ar\\\/wp-admin\\\/post.php?post=30&action=sktbuilder\"}], \"page\": \"VI Jornadas de Cloud Computing & Big Data - 2018\" }) });<\/script><!-- end sktbuilder starter -->","protected":false},"excerpt":{"rendered":"<p>&nbsp;&nbsp;&nbsp; &nbsp;&nbsp;&nbsp; Scientific Committee &nbsp; Coordinator: Armando De Giusti (UNLP) Aguilar, Jos\u00e9 (Universidad de Los Andes, Venezuela) Ab\u00e1solo, Mar\u00eda Jos\u00e9 (UNLP) Ardenghi, Jorge (UNS) Balladini, Javier (UNCOMA) Bria, Oscar (UNLP) Castro, Silvia (UNS) De Giusti, Laura (UNLP) Denham, M\u00f3nica (UNRN) Diaz, Javier (UNLP) Doallo, Ram\u00f3n (Universidad da Coru\u00f1a, Spain) Errecalde, Marcelo (UNSL) Frati, Fernando Emmanuel<br \/><a class=\"moretag\" href=\"https:\/\/jcc.info.unlp.edu.ar\/en\/vi-jornadas-de-cloud-computing-big-data\/\">+ Read More<\/a><\/p>\n","protected":false},"author":1,"featured_media":0,"parent":0,"menu_order":0,"comment_status":"closed","ping_status":"closed","template":"templates\/page-fullwidth_template.php","meta":{"footnotes":""},"class_list":["post-757","page","type-page","status-publish","hentry"],"_links":{"self":[{"href":"https:\/\/jcc.info.unlp.edu.ar\/en\/wp-json\/wp\/v2\/pages\/757","targetHints":{"allow":["GET"]}}],"collection":[{"href":"https:\/\/jcc.info.unlp.edu.ar\/en\/wp-json\/wp\/v2\/pages"}],"about":[{"href":"https:\/\/jcc.info.unlp.edu.ar\/en\/wp-json\/wp\/v2\/types\/page"}],"author":[{"embeddable":true,"href":"https:\/\/jcc.info.unlp.edu.ar\/en\/wp-json\/wp\/v2\/users\/1"}],"replies":[{"embeddable":true,"href":"https:\/\/jcc.info.unlp.edu.ar\/en\/wp-json\/wp\/v2\/comments?post=757"}],"version-history":[{"count":3,"href":"https:\/\/jcc.info.unlp.edu.ar\/en\/wp-json\/wp\/v2\/pages\/757\/revisions"}],"predecessor-version":[{"id":4659,"href":"https:\/\/jcc.info.unlp.edu.ar\/en\/wp-json\/wp\/v2\/pages\/757\/revisions\/4659"}],"wp:attachment":[{"href":"https:\/\/jcc.info.unlp.edu.ar\/en\/wp-json\/wp\/v2\/media?parent=757"}],"curies":[{"name":"wp","href":"https:\/\/api.w.org\/{rel}","templated":true}]}}