{"id":790,"date":"2018-10-24T17:04:57","date_gmt":"2018-10-24T20:04:57","guid":{"rendered":"http:\/\/jcc.info.unlp.edu.ar\/?page_id=790"},"modified":"2022-11-09T10:25:58","modified_gmt":"2022-11-09T13:25:58","slug":"v-jornadas-de-cloud-computing-big-data-26-al-30-de-junio-de-2017","status":"publish","type":"page","link":"https:\/\/jcc.info.unlp.edu.ar\/en\/v-jornadas-de-cloud-computing-big-data-26-al-30-de-junio-de-2017\/","title":{"rendered":"V Jornadas de Cloud Computing &#038; Big Data &#8211; 2017"},"content":{"rendered":"<p><\/p>\n<p>\n<a href=\"https:\/\/jcc.info.unlp.edu.ar\/wp-content\/uploads\/2018\/10\/POSTERJCC2017-Red.jpg\" target=\"_blank\" rel=\"noopener noreferrer\"><img loading=\"lazy\" decoding=\"async\" class=\"alignnone\" title=\"Poster\" src=\"https:\/\/jcc.info.unlp.edu.ar\/wp-content\/uploads\/2018\/10\/POSTERJCC2017-Red.jpg\" alt=\"\" width=\"200\" height=\"280\" \/><\/a> <\/p>\n<h3>Scientific Committee<\/h3>\n<p>&nbsp;<br \/>\n<strong>Coordinator<\/strong>: Armando De Giusti (UNLP)<\/p>\n<p>Aguilar, Jos\u00e9 (Universidad de Los Andes, Venezuela)<br \/>\nAb\u00e1solo, Mar\u00eda Jos\u00e9 (UNLP)<br \/>\nArdenghi, Jorge (UNS)<br \/>\nBalladini, Javier (UNCOMA)<br \/>\nCastro, Silvia (UNS)<br \/>\nDe Giusti, Laura (UNLP)<br \/>\nDenham, M\u00f3nica (UNRN)<br \/>\nDiaz, Javier (UNLP)<br \/>\nDoallo, Ram\u00f3n (Universidad da Coru\u00f1a, Spain)<br \/>\nGarcia Garino, Carlos (UNCuyo)<br \/>\nGil, Costa (UNSL)<br \/>\nGuerrero, Roberto (UNLS)<br \/>\nLanzarini, Laura (UNLP)<br \/>\nLuque, Emilio (Universidad Aut\u00f3noma de Barcelona, Spain)<br \/>\nMar\u00edn, Mauricio (Yahoo, Chile)<br \/>\nMarrone, Luis (UNLP)<br \/>\nNaiouf, Marcelo (UNLP)<br \/>\nOlcoz Herrero, Katzalin (Universidad Complutense de Madrid, Spain)<br \/>\nOlivas Varela, Jos\u00e9 Angel (Universidad de Castilla La Mancha, Spain)<br \/>\nPiccoli Ma. Fabiana (UNSL)<br \/>\nPi\u00f1uel Luis (Universidad Complutense de Madrid, Spain)<br \/>\nPrintista, Marcela (UNSL)<br \/>\nRexachs, Dolores (Universidad Aut\u00f3noma de Barcelona, Spain)<br \/>\nRodr\u00edguez, Nelson (UNSJ)<br \/>\nSaez Juan Carlos ( Universidad Complutense de Madrid, Spain)<br \/>\nSuppi, Remo (Universidad Aut\u00f3noma de Barcelona, Spain)<br \/>\nTirado, Francisco (Universidad Complutense de Madrid, Spain)<br \/>\nTouri\u00f1o, Juan (Universidad da Coru\u00f1a, Spain)<\/p>\n<h3>Schedule<\/h3>\n<p>&nbsp;<\/p>\n<div class=\"Section1\">\n<table style=\"height: 400px;\" border=\"1\" width=\"750\">\n<tbody>\n<tr>\n<td width=\"150\"><strong>Monday 26-6<\/strong><\/td>\n<td width=\"150\"><strong>Tuesday 27-6<\/strong><\/td>\n<td width=\"150\"><strong>Wednesday 28-6<\/strong><\/td>\n<td width=\"150\"><strong>Thursday 29-6<\/strong><\/td>\n<td width=\"150\"><strong>Friday 30-6<\/strong><\/td>\n<\/tr>\n<tr>\n<td width=\"150\"><\/td>\n<td width=\"150\">8-9 am<br \/>\n<strong>Conference Registration<\/strong><br \/>\n<br \/>\n9-10.30 am<br \/>\n<strong>Opening Conference. <\/strong><br \/>\n<em>Ph.D. Jos\u00e9 Angel Olivas Varela (UCLM &#8211; Spain).<\/em><br \/>\n<br \/>\n10.30am-1.30pm<br \/>\n<strong>Presentations<\/strong><br \/>\nAcademic and Companies<\/td>\n<td width=\"150\">\n8-9 am<br \/>\n<strong>Conference Registration<\/strong><br \/>\n<br \/>\n9-10am<br \/>\n<strong>Panel on Parallel Computing applied to Complex Models<\/strong><br \/>\n<br \/>\n10-10.30am<br \/>\n<strong>Proposal for &#8220;Especializaci\u00f3n en Inteligencia de Datos orientada a Big Data&#8221; <\/strong><br \/>\n<br \/>\n10.30am-1.30pm<br \/>\n<strong>Presentations<\/strong><br \/>\nAcademic and Companies<\/td>\n<td width=\"150\">8-9 am.<br \/>\n<strong>Conference Registration<\/strong><br \/>\n<br \/>\n9-10.30 am<br \/>\n<strong>Conference &#8220;Ciudades Inteligentes y relaci\u00f3n con Cloud Computing y Big Data&#8221;<\/strong><br \/>\n<em>Municipalidad de Rosario, de La Plata y Polo IT La Plata<\/em><br \/>\n<br \/>\n10.30am-1.30pm<br \/>\n<strong>Presentations<\/strong><br \/>\nAcademic and Companies<br \/>\n<br \/>\n1.30 pm<br \/>\n<strong>Conclusions.<\/strong><br \/>\n<strong>JCC&amp;BD 2018.<\/strong><\/td>\n<td width=\"150\">9am-1pm<br \/>\n<a href=\"#CR\"><strong>Course 1<\/strong><\/a><br \/>\n<br \/>\n<a href=\"#CC\"><strong>Course 2<\/strong><\/a><\/td>\n<\/tr>\n<tr>\n<td width=\"150\">1-2.30 pm<br \/>\n<strong>Conference Registration<\/strong><\/td>\n<td width=\"150\">1-2.30 pm<br \/>\n<strong>Conference Registration<\/strong><\/td>\n<td width=\"150\">1-2.30 pm<br \/>\n<strong>Conference Registration<\/strong><\/td>\n<td width=\"150\"><\/td>\n<td width=\"150\"><\/td>\n<\/tr>\n<tr>\n<td width=\"150\">3-7 pm<br \/>\n<a href=\"#CR\"><strong>Course 1<\/strong><\/a><br \/>\n<br \/>\n<a href=\"#CC\"><strong>Course 2<\/strong><\/a><\/td>\n<td width=\"150\">3-7 pm<br \/>\n<a href=\"#CR\"><strong>Course 1<\/strong><\/a><br \/>\n<br \/>\n<a href=\"#CC\"><strong>Course 2<\/strong><\/a><\/td>\n<td width=\"150\">3-7 pm<br \/>\n<a href=\"#CR\"><strong>Course 1<\/strong><\/a><br \/>\n<br \/>\n<a href=\"#CC\"><strong>Course 2<\/strong><\/a><\/td>\n<td width=\"150\">3-7 pm.<br \/>\n<a href=\"#CR\"><strong>Course 1<\/strong><\/a><br \/>\n<br \/>\n<a href=\"#CC\"><strong>Course 2<\/strong><\/a><\/td>\n<td width=\"150\"><\/td>\n<\/tr>\n<tr>\n<td width=\"150\"><\/td>\n<td width=\"150\"><\/td>\n<td width=\"150\"><\/td>\n<td width=\"150\"><\/td>\n<td width=\"150\"><\/td>\n<\/tr>\n<\/tbody>\n<\/table>\n<\/div>\n<p>&nbsp;<\/p>\n<p><a name=\"CR\"><\/a>COURSE 1: <em><strong>&#8220;Cloud Computing y Aplicaciones Sociales&#8221; <\/strong><\/em><br \/>\nInstructors: <em>Ph.D. Emilio Luque (UAB-Spain) &#8211; Ph.D. Dolores Rexachs (UAB-Spain)<\/em><br \/>\n<a href=\"https:\/\/jcc.info.unlp.edu.ar\/wp-content\/uploads\/2018\/10\/Curso1-2017.pdf\" target=\"_blank\" rel=\"noopener noreferrer\">Download Program<\/a><\/p>\n<p><a name=\"CC\"><\/a>COURSE 2: <em><strong>&#8220;Cloud Robotics&#8221;<\/strong><\/em><br \/>\nInstructors:  <em>Ph.D. Marcelo Naiouf (UNLP) &#8211; Ph.D. Marcelo Devincenzi (UAI) &#8211; BSc. Ismael Rodriguez (UNLP) &#8211; MSc. Nestor Balich (UAI) \u2013 Lic. Ismael Rodr\u00edguez (UNLP) and staff from Cloud and Robotic Lab from III-LIDI (UNLP) and UAI <\/em><br \/>\n<a href=\"https:\/\/jcc.info.unlp.edu.ar\/wp-content\/uploads\/2018\/10\/Curso2-2017.pdf\" target=\"_blank\" rel=\"noopener noreferrer\">Download Program<\/a> <\/p>\n<p style=\"text-align: center; margin-top: 50px;\"><strong>Tuesday<\/strong><\/p>\n<p><strong>9 am<\/strong><br \/>\nOpening Conference: <strong><em>&#8220;Algunas reflexiones sobre m\u00e9todos de IA para Big Data&#8221;.<\/em><\/strong> <em> Ph.D. Jos\u00e9 \u00c1ngel Olivas Varela (UCLM &#8211; Spain). <\/em> <\/p>\n<p>&nbsp;<\/p>\n<p><strong>10.30 am<\/strong><br \/>\nAcademic and companies Presentations:<\/p>\n<p><strong>&#8211; LENOVO: Arquitectura Cloud y Arquitectura Big Data. <\/strong><br \/>\n<em>Ricardo Marino (LENOVO), Matiano Miyar (LENOVO).<\/em><\/p>\n<p><strong>&#8211; A Cloud Powered Heterogeneous Distributed Shared Memory System.<\/strong><br \/>\n<em>Mat\u00edas Teragni (UAI), Gonzalo Zabala (UAI).<\/em><\/p>\n<p><strong>&#8211; Arquitectura de Big Data para procesamiento en tiempo real de flujos de geoposicionamiento de m\u00f3viles.<\/strong><br \/>\n<em>Marcelo Saparrat (TecnApp, Polo IT)<\/em><\/p>\n<p><strong>&#8211; Herramientas de Muestreo de Ciencia Ciudadana: Proyecto Cient\u00f3polis. <\/strong><br \/>\n<em>Diego Torres (UNLP).<\/em><\/p>\n<p><strong>&#8211; Migrando servicios universitarios a Cloud. El caso de la UNSADA. <\/strong><br \/>\n<em>Hugo Ram\u00f3n (UNNOBA).<\/em><\/p>\n<p><strong>&#8211; Simulaci\u00f3n Paralela Aplicada a Evacuaciones. <\/strong><br \/>\n<em>Cristian Tissera (UNSL).<\/em><\/p>\n<p><strong>&#8211; DDos en la era de Cloud. <\/strong><br \/>\n<em>Nicol\u00e1s Macia (UNLP), Alejandro Sabolansky (UNLP), Javier Diaz (UNLP).<\/em><\/p>\n<p>&nbsp;<\/p>\n<p style=\"text-align: center;\"><strong>Wednesday<\/strong><\/p>\n<p><strong>9 am<\/strong><br \/>\nPanel on <strong>Parallel Computing applied to Complex Models.<\/strong><\/p>\n<p>&nbsp;<\/p>\n<p><strong>10 hs<\/strong><br \/>\nProposal for Propuesta de &#8220;Especializaci\u00f3n en Inteligencia de Datos orientada a Big Data&#8221;.<\/p>\n<p>&nbsp;<\/p>\n<p><strong>10.30 am<\/strong><br \/>\nAcademic and companies Presentations:<\/p>\n<p><strong>&#8211; Implementation of the Management Modules of a Remote Laboratory in the Cloud. <\/strong><br \/>\n<em>Pablo Godoy (UN Cuyo), Carlos Garc\u00eda Garino (UN Cuyo), Ricardo Cayssials (UTN-FRBB).<\/em><\/p>\n<p><strong>&#8211; Dise\u00f1ando arquitecturas de aplicaciones cloud-first serverless. <\/strong><br \/>\n<em>Rafael Villalba (Tecnom, Polo IT).<\/em><\/p>\n<p><strong>&#8211; Experiencias para Migraci\u00f3n de Datos a NoSQL en Cloud. <\/strong><br \/>\n<em>Fernando Tinetti (UNLP), Agust\u00edn Terruzzi (UNLP), Marcelo Herr\u00f3n (UNLP), Pablo Soldi (UNLP).<\/em><\/p>\n<p><strong>&#8211; Computational rock physics and seismic modeling in the hydrocarbon industry. <\/strong><br \/>\n<em>Patricia Gauzellino (UNLP), Juan Santos (UNLP), Robiel Martinez Corredor (UI).<\/em><\/p>\n<p><strong>&#8211; Procesamiento de datos masivos en un cloud p\u00fablico.<\/strong><br \/>\n<em>Maria Murazzo (UNSJ), Nelson Rodriguez (UNSJ), Pablo Gomez (UNSJ), Miguel Guevara (UNSJ).<\/em><\/p>\n<p><strong>&#8211; Acceso, Monitorizaci\u00f3n y Asistencia para el Desarrollo en Clusters para HPC: Posible Utilizaci\u00f3n en M\u00faltiples Clusters y Cloud\/s.<\/strong><br \/>\n<em>Jos\u00e9 Rios (UNNE), Fernando Tinetti (UNLP).<\/em><\/p>\n<p><strong>&#8211; Reconocimiento de im\u00e1genes en tiempo real utilizando herramientas de Big Data y Machine Learning.<\/strong><br \/>\n<em>Ana Maloberti (GLOBANT) y Haldo Sponton (GLOBANT).<\/em><\/p>\n<p>&nbsp;<\/p>\n<p>&nbsp;<\/p>\n<p style=\"text-align: center;\"><strong>Thursday<\/strong><\/p>\n<p><strong>9 am<\/strong><br \/>\nConference: <strong>&#8221; Ciudades Inteligentes y relaci\u00f3n con Cloud Computing y Big Data&#8221;. <\/strong><em>Municipalidad de Rosario, de La Plata y Polo IT La Plata<\/em><\/p>\n<p>&nbsp;<\/p>\n<p><strong>10.30 am<\/strong><br \/>\nAcademic and companies Presentations:<\/p>\n<p><strong>&#8211; IBM Watson Analytics: haciendo EcoBicis Inteligentes. <\/strong><br \/>\n<em>Emiliano Actis Dato (IBM).<\/em><\/p>\n<p><strong>&#8211; Experiencia en la ense\u00f1anza de conceptos y aplicaciones de Big Data en carreras de grado. <\/strong><br \/>\n<em>Waldo Hasperu\u00e9 (UNLP), Mar\u00eda Jos\u00e9 Basgall (UNLP).<\/em><\/p>\n<p><strong>&#8211; Aplicaciones de Data Mining al estudio del Microbioma.<\/strong><br \/>\n<em>Crist\u00f3bal Santa Mar\u00eda (UNLaM).<\/em><\/p>\n<p><strong>&#8211; McAfee LLC.<\/strong><br \/>\n<em>Rodolfo Kohn (McAfee).<\/em><\/p>\n<p><strong>&#8211; Big Data para el Bien Social: Oportunidades y Desaf\u00edos. <\/strong><br \/>\n<em>Carlos Gimenez (TELEFONICA), Mathias Darblade (TELEFONICA), Florencia Novidialsky (TELEFONICA).<\/em><\/p>\n<p><strong>&#8211; BigData en an\u00e1lisis de ADN para Medicina personalizada. <\/strong><br \/>\n<em>Santiago Urrizola (FluxIT, Polo IT).<\/em><\/p>\n<p>&nbsp;<\/p>\n<p><strong>1.30 pm<\/strong><br \/>\n<em>Conclusions.<\/em><br \/>\n<em>Ideas JCC&amp;BD 2018.<\/em><br \/>\n<\/p>\n    <!-- sktbuilder starter --><script type=\"text\/javascript\" src=\"https:\/\/jcc.info.unlp.edu.ar\/wp-content\/plugins\/skt-builder\/sktbuilder\/sktbuilder-frontend-starter.js\"><\/script><script type=\"text\/javascript\" src=\"https:\/\/jcc.info.unlp.edu.ar\/wp-content\/plugins\/skt-builder\/sktbuilder-wordpress-driver.js\"><\/script><script type=\"text\/javascript\"> var starter = new SktbuilderStarter({\"mode\": \"prod\", \"skip\":[\"jquery\",\"underscore\",\"backbone\"],\"sktbuilderUrl\": \"https:\/\/jcc.info.unlp.edu.ar\/wp-content\/plugins\/skt-builder\/sktbuilder\/\", \"driver\": new SktbuilderWordpressDriver({\"ajaxUrl\": \"https:\/\/jcc.info.unlp.edu.ar\/wp-admin\/admin-ajax.php\", \"iframeUrl\": \"https:\/\/jcc.info.unlp.edu.ar\/en\/v-jornadas-de-cloud-computing-big-data-26-al-30-de-junio-de-2017\/?sktbuilder=true\", \"pageId\": 790, \"pages\": [{\"title\":\"Main Topics\",\"url\":\"https:\\\/\\\/jcc.info.unlp.edu.ar\\\/wp-admin\\\/post.php?post=11&action=sktbuilder\"},{\"title\":\"Programme\",\"url\":\"https:\\\/\\\/jcc.info.unlp.edu.ar\\\/wp-admin\\\/post.php?post=13&action=sktbuilder\"},{\"title\":\"Location\",\"url\":\"https:\\\/\\\/jcc.info.unlp.edu.ar\\\/wp-admin\\\/post.php?post=24&action=sktbuilder\"},{\"title\":\"Companies\",\"url\":\"https:\\\/\\\/jcc.info.unlp.edu.ar\\\/wp-admin\\\/post.php?post=26&action=sktbuilder\"},{\"title\":\"Organization access\",\"url\":\"https:\\\/\\\/jcc.info.unlp.edu.ar\\\/wp-admin\\\/post.php?post=30&action=sktbuilder\"}], \"page\": \"V Jornadas de Cloud Computing & Big Data - 2017\" }) });<\/script><!-- end sktbuilder starter -->","protected":false},"excerpt":{"rendered":"<p>Scientific Committee &nbsp; Coordinator: Armando De Giusti (UNLP) Aguilar, Jos\u00e9 (Universidad de Los Andes, Venezuela) Ab\u00e1solo, Mar\u00eda Jos\u00e9 (UNLP) Ardenghi, Jorge (UNS) Balladini, Javier (UNCOMA) Castro, Silvia (UNS) De Giusti, Laura (UNLP) Denham, M\u00f3nica (UNRN) Diaz, Javier (UNLP) Doallo, Ram\u00f3n (Universidad da Coru\u00f1a, Spain) Garcia Garino, Carlos (UNCuyo) Gil, Costa (UNSL) Guerrero, Roberto (UNLS) Lanzarini,<br \/><a class=\"moretag\" href=\"https:\/\/jcc.info.unlp.edu.ar\/en\/v-jornadas-de-cloud-computing-big-data-26-al-30-de-junio-de-2017\/\">+ Read More<\/a><\/p>\n","protected":false},"author":1,"featured_media":0,"parent":0,"menu_order":0,"comment_status":"closed","ping_status":"closed","template":"templates\/page-fullwidth_template.php","meta":{"footnotes":""},"class_list":["post-790","page","type-page","status-publish","hentry"],"_links":{"self":[{"href":"https:\/\/jcc.info.unlp.edu.ar\/en\/wp-json\/wp\/v2\/pages\/790","targetHints":{"allow":["GET"]}}],"collection":[{"href":"https:\/\/jcc.info.unlp.edu.ar\/en\/wp-json\/wp\/v2\/pages"}],"about":[{"href":"https:\/\/jcc.info.unlp.edu.ar\/en\/wp-json\/wp\/v2\/types\/page"}],"author":[{"embeddable":true,"href":"https:\/\/jcc.info.unlp.edu.ar\/en\/wp-json\/wp\/v2\/users\/1"}],"replies":[{"embeddable":true,"href":"https:\/\/jcc.info.unlp.edu.ar\/en\/wp-json\/wp\/v2\/comments?post=790"}],"version-history":[{"count":3,"href":"https:\/\/jcc.info.unlp.edu.ar\/en\/wp-json\/wp\/v2\/pages\/790\/revisions"}],"predecessor-version":[{"id":4658,"href":"https:\/\/jcc.info.unlp.edu.ar\/en\/wp-json\/wp\/v2\/pages\/790\/revisions\/4658"}],"wp:attachment":[{"href":"https:\/\/jcc.info.unlp.edu.ar\/en\/wp-json\/wp\/v2\/media?parent=790"}],"curies":[{"name":"wp","href":"https:\/\/api.w.org\/{rel}","templated":true}]}}