{"id":856,"date":"2018-10-26T12:48:41","date_gmt":"2018-10-26T15:48:41","guid":{"rendered":"http:\/\/jcc.info.unlp.edu.ar\/?page_id=856"},"modified":"2022-11-09T10:25:22","modified_gmt":"2022-11-09T13:25:22","slug":"iii-jornadas-de-cloud-computing-big-data-29-de-junio-a-3-de-julio-de-2015","status":"publish","type":"page","link":"https:\/\/jcc.info.unlp.edu.ar\/en\/iii-jornadas-de-cloud-computing-big-data-29-de-junio-a-3-de-julio-de-2015\/","title":{"rendered":"III Jornadas de Cloud Computing &#038; Big Data &#8211; 2015"},"content":{"rendered":"<p><\/p>\n<p><a href=\"https:\/\/jcc.info.unlp.edu.ar\/wp-content\/uploads\/2018\/10\/Poster2015.jpg\" target=\"_blank\" rel=\"noopener noreferrer\"><img loading=\"lazy\" decoding=\"async\" class=\"alignnone\" title=\"Poster\" src=\"https:\/\/jcc.info.unlp.edu.ar\/wp-content\/uploads\/2018\/10\/Poster2015.jpg\" alt=\"\" width=\"200\" height=\"280\" \/><\/a>     <a href=\"https:\/\/jcc.info.unlp.edu.ar\/wp-content\/uploads\/2018\/10\/Call2015.jpg\" target=\"_blank\" rel=\"noopener noreferrer\"><img loading=\"lazy\" decoding=\"async\" class=\"alignnone\" title=\"Call for Paper\" src=\"https:\/\/jcc.info.unlp.edu.ar\/wp-content\/uploads\/2018\/10\/Call2015.jpg\" alt=\"\" width=\"200\" height=\"280\" \/><\/a><\/p>\n<h3>Scientific Committee<\/h3>\n<p><strong>Coordinator<\/strong>: Armando De Giusti (UNLP)<\/p>\n<p>Aguilar, Jos\u00e9 (Universidad de Los Andes, Venezuela)<br \/>\nAb\u00e1solo, Mar\u00eda Jos\u00e9 (UNLP)<br \/>\nArdenghi, Jorge (UNS)<br \/>\nBalladini, Javier (UNCOMA)<br \/>\nBertogna, Leandro (Intel)<br \/>\nCastro, Silvia (UNS)<br \/>\nDe Giusti, Laura (UNLP)<br \/>\nDenham, M\u00f3nica (UNRN)<br \/>\nDiaz, Javier (UNLP)<br \/>\nDoallo, Ram\u00f3n (Universidad da Coru\u00f1a, Spain)<br \/>\nEchaiz, Javier (UNS)<br \/>\nFabero, Juan C. (Universidad Complutense de Madrid, Spain)<br \/>\nGarcia Garino, Carlos (UNCuyo)<br \/>\nGil Costa, ver\u00f3nica (UNSL)<br \/>\nGuerrero, Roberto (UNSL)<br \/>\nLanzarini, Laura (UNLP)<br \/>\nLuque, Emilio (Universidad Aut\u00f3noma de Barcelona, Spain)<br \/>\nMar\u00edn, Mauricio (Yahoo, Chile)<br \/>\nMarrone, Luis (UNLP)<br \/>\nNaiouf, Marcelo (UNLP)<br \/>\nOlcoz Herrero, Katzalin (Universidad Complutense de Madrid, Spain)<br \/>\nOlivas Varela, Jos\u00e9 Angel (Universidad de Castilla La Mancha, Spain)<br \/>\nPiccoli Ma. Fabiana (UNSL)<br \/>\nPi\u00f1uel Luis (Universidad Complutense de Madrid, Spain)<br \/>\nPrintista, Marcela (UNSL)<br \/>\nRexachs, Dolores (Universidad Aut\u00f3noma de Barcelona, Spain)<br \/>\nRodr\u00edguez de Souza, Josemar (Universidad de Bah\u00eda, Brazil)<br \/>\nRodr\u00edguez, Nelson (UNSJ)<br \/>\nSuppi, Remo (Universidad Aut\u00f3noma de Barcelona, Spain)<br \/>\nTirado, Francisco (Universidad Complutense de Madrid, Spain)<br \/>\nTouri\u00f1o, Juan (Universidad da Coru\u00f1a, Spain)<\/p>\n<h3>Schedule<\/h3>\n<p>&nbsp;<\/p>\n<div class=\"Section1\">\n<table style=\"height: 400px;\" border=\"1\" width=\"750\">\n<tbody>\n<tr>\n<td width=\"150\"><strong>Monday 29-6<\/strong><\/td>\n<td width=\"150\"><strong>Tuesday 30-6<\/strong><\/td>\n<td width=\"150\"><strong>Wednesday 1-7<\/strong><\/td>\n<td width=\"150\"><strong>Thursday 2-7<\/strong><\/td>\n<td width=\"150\"><strong>Friday 3-7<\/strong><\/td>\n<\/tr>\n<tr>\n<td width=\"150\">8-9 am.<br \/>\n<strong>Conference Registration<\/strong><br \/>\n<br \/>\n9am-1pm.<br \/>\n<a href=\"#CR\"><strong>Course 1<\/strong><\/a><br \/>\n<br \/>\n<a href=\"#CC\"><strong>Course 2<\/strong><\/a><\/td>\n<td width=\"150\">8-9 am.<br \/>\n<strong>Conference Registration<\/strong><br \/>\n<br \/>\n9am-1pm.<br \/>\n<a href=\"#CR\"><strong>Course 1<\/strong><\/a><br \/>\n<br \/>\n<a href=\"#CC\"><strong>Course 2<\/strong><\/a><\/td>\n<td width=\"150\">8-9 am.<br \/>\n<strong>Conference Registration<\/strong><br \/>\n<br \/>\n9am-1pm.<br \/>\n<a href=\"#CR\"><strong>Course 1<\/strong><\/a><br \/>\n<br \/>\n<a href=\"#CC\"><strong>Course 2<\/strong><\/a><\/td>\n<td width=\"150\">8-9 am.<br \/>\n<strong>Conference Registration<\/strong><br \/>\n<br \/>\n9am-1pm.<br \/>\n<a href=\"#CR\"><strong>Course 1<\/strong><\/a><br \/>\n<br \/>\n<a href=\"#CC\"><strong>Course 2<\/strong><\/a><\/td>\n<td width=\"150\">\n9am-1pm.<br \/>\n<a href=\"#CR\"><strong>Course 1<\/strong><\/a><br \/>\n<br \/>\n<a href=\"#CC\"><strong>Course 2<\/strong><\/a><\/td>\n<\/tr>\n<tr>\n<td width=\"150\"><\/td>\n<td width=\"150\">3-3.30 pm.<br \/>\n<strong>Opening ceremony.<\/strong><\/td>\n<td width=\"150\"><\/td>\n<td width=\"150\"><\/td>\n<td width=\"150\"><\/td>\n<tr>\n<td width=\"150\"><\/td>\n<td width=\"150\">3.30-4.30 pm.<br \/>\n<strong> Opening Conference.<\/strong><br \/>\n<em>(Ph.D. Victor Larios)<\/em><br \/>\n<br \/>\n5-7 pm.<br \/>\n<strong>Presentations<\/strong><br \/>\nAcademic and Companies.<\/td>\n<td width=\"150\">3.30-4.30 pm.<br \/>\n<strong>Panel <\/strong><br \/>\n\u201cFormaci\u00f3n de Recursos Humanos en temas de Cloud Computing y Big Data.\u201d<br \/>\n<br \/>\n5-7 pm.<br \/>\n<strong>Presentations<\/strong><br \/>\nAcademic and Companies.<\/td>\n<td width=\"150\">3.30-6.30 pm.<br \/>\n<strong>Presentations<\/strong><br \/>\nAcademic and Companies.<br \/>\n<br \/>\n7 pm.<br \/>\n<strong>Conclusions. <\/strong><br \/>\nCollaborative projects between Universities and Companies.<br \/>\n<strong> <\/strong><br \/>\n<strong>Ideas JCC&amp;BD 2016<\/strong><\/td>\n<td width=\"150\"><\/td>\n<\/tr>\n<tr>\n<td width=\"150\"><\/td>\n<td width=\"150\"><\/td>\n<td width=\"150\"><\/td>\n<td width=\"150\"><\/td>\n<td width=\"150\"><\/td>\n<\/tr>\n<\/tbody>\n<\/table>\n<\/div>\n<p><a name=\"CC\"><\/a>Course 1: &#8220;<em><strong>Cloud Computing y Aplicaciones Sociales&#8221;<\/strong><\/em><br \/>\nInstructors: <em><strong>Ph.D. Emilio Luque (UAB-Spain), Ph.D. Dolores Rexachs (UAB-Spain), Ph.D. Victor Larios (UDG-Mexico), Ing. Pablo Romanazzi (UNLP).<\/strong>.<\/em><br \/>\n<br \/>\n<a name=\"CR\"><\/a>Course 2: <em><strong>&#8220;Visualizaci\u00f3n de grandes vol\u00famenes de datos&#8221;<\/strong><\/em><br \/>\nInstructor: <em><strong>Ph.D. Silvia Castro (UNS)<\/strong><\/em><\/p>\n<p>&nbsp;<\/p>\n<p style=\"text-align: center; margin-top: 50px;\"><strong>Tuesday<\/strong><\/p>\n<p><strong>3-3.30 pm<\/strong><br \/>\nOpening ceremony.<\/p>\n<p>&nbsp;<\/p>\n<p><strong>3.30-4.30 pm<\/strong><br \/>\nOpening conference: <strong>\u201cIEEE Smart Cities Guadalajara Pilot Experience.\u201d<\/strong><em>Ph.D. Victor Larios (UDG\u2013Mexico).<\/em><\/p>\n<p>&nbsp;<\/p>\n<p><strong>5-7 pm.<\/strong><br \/>\nAcademic and companies Presentations:<\/p>\n<p><strong>&#8211; Comportamiento del Algoritmo K-means paralelo vs. secuencial, sobre datos masivos. Caso de estudio: Cat\u00e1logo de Galaxias.<\/strong><br \/>\n<em>J. Jimenez (UNSJ), R. Klenzi (UNSJ), M. A. Malberti (UNSJ), G. Coldwell (UNSJ)<\/em><\/p>\n<p><strong>&#8211; Stream Processing para resolver b\u00fasquedas de im\u00e1genes por similitud.<\/strong><br \/>\n<em>J. Lobos (UNSL), V. Gil Costa (UNSL), N. Reyes (UNSL), M. Printista (UNSL), M. Mar\u00edn (UNSACH)<\/em><\/p>\n<p><strong>&#8211; Big Data Analytics in Intensive Care Units: challenges and applicability in an Argentinian Hospital<\/strong><br \/>\n<em>J. Balladini (UNCOMA), C. Rozas (UNdeC), F. Frati (UNdeC), N. Vicente, C. Orlandi<\/em><\/p>\n<p><strong>&#8211; Instancias de ontolog\u00edas de la Web Sem\u00e1ntica mejoradas a trav\u00e9s de Miner\u00eda de Texto.<\/strong><br \/>\n<em>G. Zuccarelli (UNLP), L. Lanzarini (UNLP), A. Fern\u00e1ndez (UNLP)<\/em><\/p>\n<p><strong>&#8211; Instalaci\u00f3n, Configuraci\u00f3n y Evaluaci\u00f3n de un Cluster HPC en un Cloud P\u00fablico.<\/strong><br \/>\n<em>F. Tinetti (UNLP), L. Rios (UNNE)<\/em><\/p>\n<p>&nbsp;<\/p>\n<p style=\"text-align: center;\"><strong>Wednesday<\/strong><\/p>\n<p><strong>3.30-4.30 pm.<\/strong><br \/>\nPanel: <strong>\u201cFormaci\u00f3n de Recursos Humanos en temas de Cloud Computing y Big Data\u201d<\/strong>.<\/p>\n<p>&nbsp;<\/p>\n<p><strong>5-7 pm<\/strong><br \/>\nAcademic and companies Presentations:<\/p>\n<p><strong>&#8211; Estrategias y acciones para la ense\u00f1anza de Cloud Computing en las   carreras de la Facultad de Inform\u00e1tica de la UNLP<\/strong><br \/>\n<em>I. Rodr\u00edguez (UNLP), S. Rodr\u00edguez Eguren (UNLP), W. Hasperu\u00e9 (UNLP), A. De Giusti (UNLP). <\/em><\/p>\n<p><strong>&#8211; Despliegue de una Infraestructura Cloud Privada de C\u00f3digo Abierto. <\/strong><br \/>\n<em>M. Murazzo  (UNSJ), F. Tinetti (UNLP), N. Rodr\u00edguez (UNSJ).<\/em><\/p>\n<p><strong>&#8211; Hornero: Aplicaci\u00f3n para Gesti\u00f3n de Torneos de Programaci\u00f3n, Multi-Paradigma, Multi-Plataforma, Multi-Lenguaje.<\/strong><br \/>\n<em>C. Fracchia (UNCOMA), P. Kogan (UNCOMA), S. Amaro (UNCOMA). <\/em><\/p>\n<p><strong>&#8211; Un Enfoque Din\u00e1mico para la Detecci\u00f3n de Relaciones entre T\u00f3picos en Textos provenientes de Redes Sociales. <\/strong><br \/>\n<em>Ma. J. Basgall (UNLP), G. Aquino (UNLP), L. Lanzarini (UNLP), M. Naiouf (UNLP). <\/em><\/p>\n<p><strong>&#8211; An\u00e1lisis de mejora en la escalabilidad de las infraestructuras de cloud computing.<\/strong><br \/>\n<em>N. Rodriguez (UNSJ), M. Murazzo (UNSJ), D. Medel (UNSJ), S. Chavez (UNSJ), A. Mart\u00edn(UNSJ), F. Valenzuela (UNSJ).<\/em><\/p>\n<p>&nbsp;<\/p>\n<p style=\"text-align: center;\"><strong>Thursday<\/strong><\/p>\n<p><strong>3.30-6.30 pm<\/strong><br \/>\nAcademic and companies Presentations:<\/p>\n<p><strong>&#8211; Big Data. Arquitectura en el grupo Telef\u00f3nica. <\/strong><br \/>\n<em>D. Oyola &#8211; M. Estevez &#8211; Telef\u00f3nica de Argentina<\/em><\/p>\n<p><strong>&#8211; Open Source technologies in Cloud Computing.<\/strong><br \/>\n<em>L. Mentasti &#8211; INTEL<\/em><\/p>\n<p><strong>&#8211; Using BAM and CEP for Process Monitoring in Cloud BPM.<\/strong><br \/>\n<em>J. Mart\u00ednez Garro (UNLP) , P. Baz\u00e1n (UNLP), J. Diaz  (UNLP)<\/em><\/p>\n<p><strong>&#8211; Mobile Data Intelligence.<\/strong><br \/>\n<em>S. Maurenzi &#8211; Telecom Argentina<\/em><\/p>\n<p><strong>&#8211; Machine Learning, Big Data &#038; Internet of Things.<\/strong><br \/>\n<em>M. Felman &#8211; D. Yesuron &#8211; Microsoft Argentina<\/em><\/p>\n<p><strong>&#8211; Hadoop en Cloud: Env\u00edo y Procesamiento Asincr\u00f3nico de Datos.<\/strong><br \/>\n<em>F. Tinetti (UNLP), P. Albarraz\u00edn (UNLP)<\/em><\/p>\n<p>&nbsp;<br \/>\n&nbsp;<\/p>\n<p><strong>7 pm.<\/strong><br \/>\n<em>Conclusions. <\/em><\/p>\n<p><em>Collaborative projects between Universities and Companies.<\/em><\/p>\n<p><em>Ideas  JCC&amp;BD2016<\/em><\/p>\n    <!-- sktbuilder starter --><script type=\"text\/javascript\" src=\"https:\/\/jcc.info.unlp.edu.ar\/wp-content\/plugins\/skt-builder\/sktbuilder\/sktbuilder-frontend-starter.js\"><\/script><script type=\"text\/javascript\" src=\"https:\/\/jcc.info.unlp.edu.ar\/wp-content\/plugins\/skt-builder\/sktbuilder-wordpress-driver.js\"><\/script><script type=\"text\/javascript\"> var starter = new SktbuilderStarter({\"mode\": \"prod\", \"skip\":[\"jquery\",\"underscore\",\"backbone\"],\"sktbuilderUrl\": \"https:\/\/jcc.info.unlp.edu.ar\/wp-content\/plugins\/skt-builder\/sktbuilder\/\", \"driver\": new SktbuilderWordpressDriver({\"ajaxUrl\": \"https:\/\/jcc.info.unlp.edu.ar\/wp-admin\/admin-ajax.php\", \"iframeUrl\": \"https:\/\/jcc.info.unlp.edu.ar\/en\/iii-jornadas-de-cloud-computing-big-data-29-de-junio-a-3-de-julio-de-2015\/?sktbuilder=true\", \"pageId\": 856, \"pages\": [{\"title\":\"Main Topics\",\"url\":\"https:\\\/\\\/jcc.info.unlp.edu.ar\\\/wp-admin\\\/post.php?post=11&action=sktbuilder\"},{\"title\":\"Programme\",\"url\":\"https:\\\/\\\/jcc.info.unlp.edu.ar\\\/wp-admin\\\/post.php?post=13&action=sktbuilder\"},{\"title\":\"Location\",\"url\":\"https:\\\/\\\/jcc.info.unlp.edu.ar\\\/wp-admin\\\/post.php?post=24&action=sktbuilder\"},{\"title\":\"Companies\",\"url\":\"https:\\\/\\\/jcc.info.unlp.edu.ar\\\/wp-admin\\\/post.php?post=26&action=sktbuilder\"},{\"title\":\"Organization access\",\"url\":\"https:\\\/\\\/jcc.info.unlp.edu.ar\\\/wp-admin\\\/post.php?post=30&action=sktbuilder\"}], \"page\": \"III Jornadas de Cloud Computing & Big Data - 2015\" }) });<\/script><!-- end sktbuilder starter -->","protected":false},"excerpt":{"rendered":"<p>Scientific Committee Coordinator: Armando De Giusti (UNLP) Aguilar, Jos\u00e9 (Universidad de Los Andes, Venezuela) Ab\u00e1solo, Mar\u00eda Jos\u00e9 (UNLP) Ardenghi, Jorge (UNS) Balladini, Javier (UNCOMA) Bertogna, Leandro (Intel) Castro, Silvia (UNS) De Giusti, Laura (UNLP) Denham, M\u00f3nica (UNRN) Diaz, Javier (UNLP) Doallo, Ram\u00f3n (Universidad da Coru\u00f1a, Spain) Echaiz, Javier (UNS) Fabero, Juan C. (Universidad Complutense de<br \/><a class=\"moretag\" href=\"https:\/\/jcc.info.unlp.edu.ar\/en\/iii-jornadas-de-cloud-computing-big-data-29-de-junio-a-3-de-julio-de-2015\/\">+ Read More<\/a><\/p>\n","protected":false},"author":1,"featured_media":0,"parent":0,"menu_order":0,"comment_status":"closed","ping_status":"closed","template":"templates\/page-fullwidth_template.php","meta":{"footnotes":""},"class_list":["post-856","page","type-page","status-publish","hentry"],"_links":{"self":[{"href":"https:\/\/jcc.info.unlp.edu.ar\/en\/wp-json\/wp\/v2\/pages\/856","targetHints":{"allow":["GET"]}}],"collection":[{"href":"https:\/\/jcc.info.unlp.edu.ar\/en\/wp-json\/wp\/v2\/pages"}],"about":[{"href":"https:\/\/jcc.info.unlp.edu.ar\/en\/wp-json\/wp\/v2\/types\/page"}],"author":[{"embeddable":true,"href":"https:\/\/jcc.info.unlp.edu.ar\/en\/wp-json\/wp\/v2\/users\/1"}],"replies":[{"embeddable":true,"href":"https:\/\/jcc.info.unlp.edu.ar\/en\/wp-json\/wp\/v2\/comments?post=856"}],"version-history":[{"count":3,"href":"https:\/\/jcc.info.unlp.edu.ar\/en\/wp-json\/wp\/v2\/pages\/856\/revisions"}],"predecessor-version":[{"id":4656,"href":"https:\/\/jcc.info.unlp.edu.ar\/en\/wp-json\/wp\/v2\/pages\/856\/revisions\/4656"}],"wp:attachment":[{"href":"https:\/\/jcc.info.unlp.edu.ar\/en\/wp-json\/wp\/v2\/media?parent=856"}],"curies":[{"name":"wp","href":"https:\/\/api.w.org\/{rel}","templated":true}]}}