{"id":890,"date":"2018-10-29T17:50:34","date_gmt":"2018-10-29T20:50:34","guid":{"rendered":"http:\/\/jcc.info.unlp.edu.ar\/?page_id=890"},"modified":"2022-11-09T10:25:06","modified_gmt":"2022-11-09T13:25:06","slug":"ii-jornadas-de-cloud-computing-big-data-30-de-junio-a-4-de-julio-de-2014","status":"publish","type":"page","link":"https:\/\/jcc.info.unlp.edu.ar\/en\/ii-jornadas-de-cloud-computing-big-data-30-de-junio-a-4-de-julio-de-2014\/","title":{"rendered":"II Jornadas de Cloud Computing &#8211; 2014"},"content":{"rendered":"<p><\/p>\n<p><a href=\"https:\/\/jcc.info.unlp.edu.ar\/wp-content\/uploads\/2018\/10\/Poster-2014.jpg\" target=\"_blank\" rel=\"noopener noreferrer\"><img loading=\"lazy\" decoding=\"async\" class=\"alignnone\" title=\"Poster\" src=\"https:\/\/jcc.info.unlp.edu.ar\/wp-content\/uploads\/2018\/10\/Poster-2014.jpg\" alt=\"\" width=\"200\" height=\"280\" \/><\/a>     <a href=\"https:\/\/jcc.info.unlp.edu.ar\/wp-content\/uploads\/2018\/10\/Call-2014.jpg\" target=\"_blank\" rel=\"noopener noreferrer\"><img loading=\"lazy\" decoding=\"async\" class=\"alignnone\" title=\"Call for Paper\" src=\"https:\/\/jcc.info.unlp.edu.ar\/wp-content\/uploads\/2018\/10\/Call-2014.jpg\" alt=\"\" width=\"200\" height=\"280\" \/><\/a><\/p>\n<h3>Scientific Committee<\/h3>\n<p><strong>Coordinator<\/strong>: Armando De Giusti (UNLP)<\/p>\n<p>Aguilar, Jos\u00e9 (ULA, Venezuela)<br \/>\nArdenghi Jorge (UNS)<br \/>\nBalladini, Javier (UNCOMA)<br \/>\nBertogna, Leandro (Intel)<br \/>\nDe Giusti, Laura (UNLP)<br \/>\nDenham M\u00f3nica (UNRN)<br \/>\nDiaz, Javier (UNLP)<br \/>\nDoallo, Ram\u00f3n (UDC, Spain)<br \/>\nEchaiz, Javier (UNS)<br \/>\nFabero, Juan C. (UCM, Spain)<br \/>\nGarcia Garino, Carlos (UNCuyo)<br \/>\nLanzarini, Laura (UNLP)<br \/>\nLuque, Emilio (UAB, Spain)<br \/>\nMar\u00edn, Mauricio (Yahoo, Chile)<br \/>\nMarrone, Luis (UNLP)<br \/>\nNaiouf, Marcelo (UNLP)<br \/>\nOlcoz Herrero, Katzalin (UCM, Spain)<br \/>\nOlivas Varela, Jos\u00e9 Angel (UCLM, Spain)<br \/>\nPiccoli, Ma. Fabiana (UNSL)<br \/>\nPi\u00f1uel, Luis (UCM, Spain)<br \/>\nPrintista, Marcela (UNSL)<br \/>\nRexachs, Dolores  (UAB, Spain)<br \/>\nRodr\u00edguez de Souza, Josemar (UNEB, Brazil)<br \/>\nRodr\u00edguez, Nelson (UNSJ)<br \/>\nSuppi, Remo  (UAB, Spain)<br \/>\nTirado, Francisco (UCM, Spain)<br \/>\nTouri\u00f1o, Juan (UDC, Spain)<\/p>\n<h3>Schedule<\/h3>\n<p>&nbsp;<\/p>\n<div class=\"Section1\">\n<table style=\"height: 400px;\" border=\"1\" width=\"750\">\n<tbody>\n<tr>\n<td width=\"150\"><strong>Monday 30-6<\/strong><\/td>\n<td width=\"150\"><strong>Tuesday 1-7<\/strong><\/td>\n<td width=\"150\"><strong>Wednesday 2-7<\/strong><\/td>\n<td width=\"150\"><strong>Thursday 3-7<\/strong><\/td>\n<td width=\"150\"><strong>Friday 4-7<\/strong><\/td>\n<\/tr>\n<tr>\n<td width=\"150\">8-9 am.<br \/>\n<strong>Conference Registration<\/strong><br \/>\n<br \/>\n9am-1pm.<br \/>\n<a href=\"#CR\"><strong>Course 1<\/strong><\/a><br \/>\n<br \/>\n<a href=\"#CC\"><strong>Course 2<\/strong><\/a><\/td>\n<td width=\"150\">8-9 am.<br \/>\n<strong>Conference Registration<\/strong><br \/>\n<br \/>\n9am-1pm.<br \/>\n<a href=\"#CR\"><strong>Course 1<\/strong><\/a><br \/>\n<br \/>\n<a href=\"#CC\"><strong>Course 2<\/strong><\/a><\/td>\n<td width=\"150\">8-9 am.<br \/>\n<strong>Conference Registration<\/strong><br \/>\n<br \/>\n9am-1pm.<br \/>\n<a href=\"#CR\"><strong>Course 1<\/strong><\/a><br \/>\n<br \/>\n<a href=\"#CC\"><strong>Course 2<\/strong><\/a><\/td>\n<td width=\"150\">8-9 am.<br \/>\n<strong>Conference Registration<\/strong><br \/>\n<br \/>\n9am-1pm.<br \/>\n<a href=\"#CR\"><strong>Course 1<\/strong><\/a><br \/>\n<br \/>\n<a href=\"#CC\"><strong>Course 2<\/strong><\/a><\/td>\n<td width=\"150\">\n9am-1pm.<br \/>\n<a href=\"#CR\"><strong>Course 1<\/strong><\/a><br \/>\n<br \/>\n<a href=\"#CC\"><strong>Course 2<\/strong><\/a><\/td>\n<\/tr>\n<tr>\n<td width=\"150\"><\/td>\n<td width=\"150\">3.30-4 pm.<br \/>\n<strong>Opening ceremony.<\/strong><\/td>\n<td width=\"150\"><\/td>\n<td width=\"150\"><\/td>\n<td width=\"150\"><\/td>\n<tr>\n<td width=\"150\"><\/td>\n<td width=\"150\">4-5 pm.<br \/>\n<strong>Opening Conference.<\/strong><br \/>\n<em>(Ph.D. Emilio Luque)<\/em><br \/>\n<br \/>\n5-8 pm.<br \/>\n<strong>Presentations<\/strong><br \/>\nAcademic and Companies. Technology and new challenges in Cloud.<\/td>\n<td width=\"150\">4-5 pm..<br \/>\n<strong>Conference<\/strong><br \/>\n(Ph.D. Jos\u00e9 A. Olivas Varela).\u201d<br \/>\n<br \/>\n5-8 pm.<br \/>\n<strong>Presentations<\/strong><br \/>\nAcademic and Companies. Focused on Cloud Applications.<\/td>\n<td width=\"150\">4-5.30 pm.<br \/>\n<strong>Work meeting<\/strong><br \/>\n&#8220;Formaci\u00f3n de Recursos Humanos en Temas de Cloud Computing y relacionados&#8221;.<br \/>\n<br \/>\n6-7.30 pm.<br \/>\n<strong>Work meeting<\/strong><br \/>\n&#8220;Proyectos colaborativos en los temas de de Cloud&#8221;.<br \/>\n<strong> <\/strong><\/p>\n<td width=\"150\"><\/td>\n<\/tr>\n<tr>\n<td width=\"150\"><\/td>\n<td width=\"150\"><\/td>\n<td width=\"150\"><\/td>\n<td width=\"150\"><\/td>\n<td width=\"150\"><\/td>\n<\/tr>\n<\/tbody>\n<\/table>\n<\/div>\n<p><a name=\"CC\"><\/a>Course 1: &#8220;<em><strong>Predicci\u00f3n de prestaciones y ejecuci\u00f3n eficiente en sistemas de c\u00f3mputo paralelos (HPC): cl\u00faster y cloud.&#8221;<\/strong><\/em><br \/>\nInstructors: <em><strong>Ph.D. Emilio Luque (UAB-Spain), Ph.D. Dolores Rexachs (UAB-Spain), Ph.D. Javier Balladini (UNCOMA), Ph.D. \u00c1lvaro Wong (UAB-Spain).<\/strong><\/em><br \/>\n<br \/>\n<a name=\"CR\"><\/a>Course 2: <em><strong>&#8220;Procesamiento Inteligente de Big Data: T\u00e9cnicas, aplicaciones y nuevos retos.&#8221;<\/strong><\/em><br \/>\nInstructor:  <em><strong>Ph.D. Jos\u00e9 A. Olivas (UCLM-Spain). <\/strong><\/em><\/p>\n<p>&nbsp;<\/p>\n<p style=\"text-align: center; margin-top: 50px;\"><strong>Tuesday<\/strong><\/p>\n<p><strong>3.30-4 pm.<\/strong><br \/>\nOpening ceremony.<\/p>\n<p>&nbsp;<\/p>\n<p><strong>4-5 pm.<\/strong><br \/>\nOpening Conference: <strong>\u201cUtilizaci\u00f3n eficiente del cloud en computaci\u00f3n cient\u00edfica, el problema de la escalabilidad y el uso en simulaci\u00f3n.\u201d<\/strong><em> Ph.D. Emilio Luque (UAB-Spain).<\/em><\/p>\n<p>&nbsp;<\/p>\n<p><strong>5-5.45 pm.<\/strong><br \/>\nGuest presentation: <strong>&#8220;Modelos y Simulaci\u00f3n en Hidrolog\u00eda&#8221;. <\/strong><em>Ing. Pablo G. Romanazzi (UNLP)<\/em><\/p>\n<p>&nbsp;<\/p>\n<p><strong>5.45-8 pm.<\/strong><br \/>\nAcademic and companies Presentations:<\/p>\n<p><strong>&#8211; OPENSTACK: The Open Source Cloud Computing Platform.<\/strong><br \/>\n<em>Sergio J. Cazzolato (INTEL), Marcelo F. Cuadrado (INTEL), Ver\u00f3nica A. Musso (INTEL).<\/em><\/p>\n<p><strong>&#8211; Trends in Cloud Computing at Globant.<\/strong><br \/>\n<em>Andr\u00e9s Vergara (GLOBANT)<\/em><\/p>\n<p><strong>&#8211; Perfomance isolation metrics in Openstack.<\/strong><br \/>\n<em>Alejandro E. Paredes (INTEL), Andres Buraschi (INTEL).<\/em><\/p>\n<p><strong>&#8211; Virtualizaci\u00f3n en cloud: Administrando la configuraci\u00f3n de servidores.<\/strong><br \/>\n<em>Nicolas del R\u00edo (UNLP), Mat\u00edas Banchoff Tzancoff (UNLP), L\u00eda Molinari (UNLP)<\/em><\/p>\n<p><strong>&#8211; Trends in Big Data and Cloud Computing at Globant.<\/strong><br \/>\n<em>Gonzalo Zarza (GLOBANT)<\/em><\/p>\n<p><strong>&#8211; Cloud Computing at IBM.<\/strong><br \/>\n<em>Javier Barabas (IBM)<\/em><\/p>\n<p>&nbsp;<\/p>\n<p style=\"text-align: center;\"><strong>Wednesday<\/strong><\/p>\n<p><strong>4-5 pm.<\/strong><br \/>\nConference: <strong>\u201cProcesamiento Inteligente de Big Data: T\u00e9cnicas, aplicaciones  y nuevos retos\u201d.<\/strong>.<em> Ph.D. Jos\u00e9 Angel Olivas Varela (UCLM-Spain).<\/em><\/p>\n<p>&nbsp;<\/p>\n<p><strong>5-8 pm.<\/strong><br \/>\nAcademic and companies Presentations:<\/p>\n<p><strong>&#8211; Solving a Big-Data Problem with GPU:  The  Network Traffic analysis.<\/strong><br \/>\n<em>Mercedes Barrionuevo (UNSL), Mariela Lopresti (UNSL), Natalia Miranda (UNSL), Fabiana Piccoli (UNSL). <\/em><\/p>\n<p><strong>&#8211; Ciberseguridad. <\/strong><br \/>\n<em>Hern\u00e1n Blanco (TELEFONICA).<\/em><\/p>\n<p><strong>&#8211; \u00bfBig Data sobre Cloud?.<\/strong><br \/>\n<em>Fernando G. Tinetti (UNLP).<\/em><\/p>\n<p><strong>&#8211; Hopes and facts in evaluating the performance of HPC-I\/O on a Cloud Environment. <\/strong><br \/>\n<em>Pilar G\u00f3mez-S\u00e1nchez (UAB-Spain), Sandra M\u00e9ndez (UAB-Spain), Dolores Rexachs (UAB-Spain), Emilio Luque (UAB-Spain).<\/em><\/p>\n<p><strong>&#8211; Presentaci\u00f3n de Visi\u00f3n estrat\u00e9gica de la Nube de Microsoft.<\/strong><br \/>\n<em>Marcelo Felman (MICROSOFT).<\/em><\/p>\n<p><strong>&#8211; Servicios Cloud en el ambiente Corporativo.<\/strong><br \/>\n<em>Mart\u00edn Rigueiro (TELEFONICA).<\/em><\/p>\n<p><strong>&#8211; Factores que influyen en la evaluaci\u00f3n de par\u00e1metros de performance y  escalabilidad para Clouds h\u00edbridos.<\/strong><br \/>\n<em>Nelson R. Rodr\u00edguez (UNSJ), Francisca A. Valenzuela (UNSJ), Mar\u00eda A. Murazzo (UNSJ), Susana B. Ch\u00e1vez (UNSJ), Adriana E. Mart\u00edn (UNSJ).<\/em><\/p>\n<p>&nbsp;<\/p>\n<p style=\"text-align: center;\"><strong>Thursday<\/strong><\/p>\n<p><strong>4-5.30 pm.<\/strong><br \/>\nWork meeting:<strong> &#8220;Formaci\u00f3n de Recursos Humanos en Temas de Cloud Computing y relacionados&#8221;.<\/strong> <\/p>\n<p>&nbsp;<\/p>\n<p><strong>6-7.30 pm.<\/strong><br \/>\nWork meeting:<strong> &#8220;Proyectos colaborativos en los temas de de Cloud&#8221;.<\/strong><\/p>\n    <!-- sktbuilder starter --><script type=\"text\/javascript\" src=\"https:\/\/jcc.info.unlp.edu.ar\/wp-content\/plugins\/skt-builder\/sktbuilder\/sktbuilder-frontend-starter.js\"><\/script><script type=\"text\/javascript\" src=\"https:\/\/jcc.info.unlp.edu.ar\/wp-content\/plugins\/skt-builder\/sktbuilder-wordpress-driver.js\"><\/script><script type=\"text\/javascript\"> var starter = new SktbuilderStarter({\"mode\": \"prod\", \"skip\":[\"jquery\",\"underscore\",\"backbone\"],\"sktbuilderUrl\": \"https:\/\/jcc.info.unlp.edu.ar\/wp-content\/plugins\/skt-builder\/sktbuilder\/\", \"driver\": new SktbuilderWordpressDriver({\"ajaxUrl\": \"https:\/\/jcc.info.unlp.edu.ar\/wp-admin\/admin-ajax.php\", \"iframeUrl\": \"https:\/\/jcc.info.unlp.edu.ar\/en\/ii-jornadas-de-cloud-computing-big-data-30-de-junio-a-4-de-julio-de-2014\/?sktbuilder=true\", \"pageId\": 890, \"pages\": [{\"title\":\"Main Topics\",\"url\":\"https:\\\/\\\/jcc.info.unlp.edu.ar\\\/wp-admin\\\/post.php?post=11&action=sktbuilder\"},{\"title\":\"Programme\",\"url\":\"https:\\\/\\\/jcc.info.unlp.edu.ar\\\/wp-admin\\\/post.php?post=13&action=sktbuilder\"},{\"title\":\"Location\",\"url\":\"https:\\\/\\\/jcc.info.unlp.edu.ar\\\/wp-admin\\\/post.php?post=24&action=sktbuilder\"},{\"title\":\"Companies\",\"url\":\"https:\\\/\\\/jcc.info.unlp.edu.ar\\\/wp-admin\\\/post.php?post=26&action=sktbuilder\"},{\"title\":\"Organization access\",\"url\":\"https:\\\/\\\/jcc.info.unlp.edu.ar\\\/wp-admin\\\/post.php?post=30&action=sktbuilder\"}], \"page\": \"II Jornadas de Cloud Computing - 2014\" }) });<\/script><!-- end sktbuilder starter -->","protected":false},"excerpt":{"rendered":"<p>Scientific Committee Coordinator: Armando De Giusti (UNLP) Aguilar, Jos\u00e9 (ULA, Venezuela) Ardenghi Jorge (UNS) Balladini, Javier (UNCOMA) Bertogna, Leandro (Intel) De Giusti, Laura (UNLP) Denham M\u00f3nica (UNRN) Diaz, Javier (UNLP) Doallo, Ram\u00f3n (UDC, Spain) Echaiz, Javier (UNS) Fabero, Juan C. (UCM, Spain) Garcia Garino, Carlos (UNCuyo) Lanzarini, Laura (UNLP) Luque, Emilio (UAB, Spain) Mar\u00edn, Mauricio<br \/><a class=\"moretag\" href=\"https:\/\/jcc.info.unlp.edu.ar\/en\/ii-jornadas-de-cloud-computing-big-data-30-de-junio-a-4-de-julio-de-2014\/\">+ Read More<\/a><\/p>\n","protected":false},"author":1,"featured_media":0,"parent":0,"menu_order":0,"comment_status":"closed","ping_status":"closed","template":"templates\/page-fullwidth_template.php","meta":{"footnotes":""},"class_list":["post-890","page","type-page","status-publish","hentry"],"_links":{"self":[{"href":"https:\/\/jcc.info.unlp.edu.ar\/en\/wp-json\/wp\/v2\/pages\/890","targetHints":{"allow":["GET"]}}],"collection":[{"href":"https:\/\/jcc.info.unlp.edu.ar\/en\/wp-json\/wp\/v2\/pages"}],"about":[{"href":"https:\/\/jcc.info.unlp.edu.ar\/en\/wp-json\/wp\/v2\/types\/page"}],"author":[{"embeddable":true,"href":"https:\/\/jcc.info.unlp.edu.ar\/en\/wp-json\/wp\/v2\/users\/1"}],"replies":[{"embeddable":true,"href":"https:\/\/jcc.info.unlp.edu.ar\/en\/wp-json\/wp\/v2\/comments?post=890"}],"version-history":[{"count":2,"href":"https:\/\/jcc.info.unlp.edu.ar\/en\/wp-json\/wp\/v2\/pages\/890\/revisions"}],"predecessor-version":[{"id":4655,"href":"https:\/\/jcc.info.unlp.edu.ar\/en\/wp-json\/wp\/v2\/pages\/890\/revisions\/4655"}],"wp:attachment":[{"href":"https:\/\/jcc.info.unlp.edu.ar\/en\/wp-json\/wp\/v2\/media?parent=890"}],"curies":[{"name":"wp","href":"https:\/\/api.w.org\/{rel}","templated":true}]}}